{"id":695,"date":"2026-02-23T07:18:48","date_gmt":"2026-02-23T07:18:48","guid":{"rendered":"https:\/\/facilityprojectsolutions.com\/?post_type=product&#038;p=695"},"modified":"2026-02-23T07:18:48","modified_gmt":"2026-02-23T07:18:48","slug":"gold-brass-bellhop-luggage-cart-with-hanging-bar","status":"publish","type":"product","link":"https:\/\/facilityprojectsolutions.com\/es\/gold-brass-bellhop-luggage-cart-with-hanging-bar\/","title":{"rendered":"Carro portaequipajes de lat\u00f3n dorado con barra colgante"},"content":{"rendered":"<p data-start=\"0\" data-end=\"1163\">Dise\u00f1ado para la recepci\u00f3n de hu\u00e9spedes, este carro de equipaje dorado\/lat\u00f3n para botones ayuda a los equipos a mover varias maletas en un viaje controlado, manteniendo las prendas separadas en la barra colgante integrada. El bastidor vertical permite una carga y descarga r\u00e1pidas, reduciendo el tiempo dedicado a colocar el equipaje en el vest\u00edbulo, el banco del ascensor y la puerta de la habitaci\u00f3n. Gracias a sus ruedas de deslizamiento suave y a su direcci\u00f3n predecible, el personal puede desplazarse por curvas cerradas y pasillos congestionados con menos paradas, en consonancia con la posici\u00f3n habitual de los carros de botones para facilitar la maniobrabilidad en distintas superficies. La barra para colgar sirve como punto de guardarropa para bolsas de ropa y trajes, una caracter\u00edstica de los carros muy utilizada que ayuda a evitar las arrugas y mantiene las manos libres durante los traslados. Las superficies son f\u00e1ciles de limpiar despu\u00e9s de la facturaci\u00f3n, y el c\u00e1lido acabado met\u00e1lico contribuye a una presentaci\u00f3n uniforme y profesional en hoteles, apartamentos y complejos tur\u00edsticos. Muy adecuado para el servicio de botones, conserjer\u00eda y aparcacoches, agiliza el recorrido entre el vest\u00edbulo, los ascensores y las habitaciones sin a\u00f1adir desorden visual.<\/p>","protected":false},"excerpt":{"rendered":"<p data-start=\"1165\" data-end=\"1420\">Carrito de equipaje de botones de lat\u00f3n dorado con barra colgante integrada para separar las bolsas de ropa de las maletas. Maniobrabilidad suave en pasillos y ascensores para agilizar la facturaci\u00f3n y la salida y ofrecer una presentaci\u00f3n homog\u00e9nea en la recepci\u00f3n.<\/p>","protected":false},"featured_media":699,"template":"","meta":{"_gspb_post_css":""},"product_brand":[],"product_cat":[72,15],"product_tag":[],"class_list":{"0":"post-695","1":"product","2":"type-product","3":"status-publish","4":"has-post-thumbnail","6":"product_cat-hotel-luggage-trolley","7":"product_cat-hotel-service-carts","9":"first","10":"instock","11":"shipping-taxable","12":"purchasable","13":"product-type-simple"},"_links":{"self":[{"href":"https:\/\/facilityprojectsolutions.com\/es\/wp-json\/wp\/v2\/product\/695","targetHints":{"allow":["GET"]}}],"collection":[{"href":"https:\/\/facilityprojectsolutions.com\/es\/wp-json\/wp\/v2\/product"}],"about":[{"href":"https:\/\/facilityprojectsolutions.com\/es\/wp-json\/wp\/v2\/types\/product"}],"wp:featuredmedia":[{"embeddable":true,"href":"https:\/\/facilityprojectsolutions.com\/es\/wp-json\/wp\/v2\/media\/699"}],"wp:attachment":[{"href":"https:\/\/facilityprojectsolutions.com\/es\/wp-json\/wp\/v2\/media?parent=695"}],"wp:term":[{"taxonomy":"product_brand","embeddable":true,"href":"https:\/\/facilityprojectsolutions.com\/es\/wp-json\/wp\/v2\/product_brand?post=695"},{"taxonomy":"product_cat","embeddable":true,"href":"https:\/\/facilityprojectsolutions.com\/es\/wp-json\/wp\/v2\/product_cat?post=695"},{"taxonomy":"product_tag","embeddable":true,"href":"https:\/\/facilityprojectsolutions.com\/es\/wp-json\/wp\/v2\/product_tag?post=695"}],"curies":[{"name":"wp","href":"https:\/\/api.w.org\/{rel}","templated":true}]}}