{"id":76,"date":"2026-02-12T10:31:48","date_gmt":"2026-02-12T10:31:48","guid":{"rendered":"https:\/\/facilityprojectsolutions.com\/?post_type=product&#038;p=76"},"modified":"2026-02-12T10:31:49","modified_gmt":"2026-02-12T10:31:49","slug":"hotel-housekeeping-cart-with-bag-holder","status":"publish","type":"product","link":"https:\/\/facilityprojectsolutions.com\/es\/hotel-housekeeping-cart-with-bag-holder\/","title":{"rendered":"Carro de limpieza de hotel con soporte para bolsas"},"content":{"rendered":"<p data-start=\"0\" data-end=\"724\">Mantenga organizados los turnos en las habitaciones de los hu\u00e9spedes con un carro de limpieza de hotel construido con un soporte para bolsas integrado y un pr\u00e1ctico almacenamiento por zonas. La suavidad de la direcci\u00f3n y la estabilidad de la rodadura ayudan a los asistentes a moverse con control por esquinas estrechas, pasillos de servicio y ascensores. Un chasis equilibrado y un giro sensible mantienen el carro alineado en pasillos estrechos, facilitando el aparcamiento fuera de las habitaciones sin bloquear el tr\u00e1fico. Las estanter\u00edas de varios niveles separan los art\u00edculos de aseo personal, las toallas y los productos de limpieza para que sean visibles de un vistazo; la posici\u00f3n configurable de las estanter\u00edas admite diferentes tipos de habitaciones y turnos. El portabolsas mantiene la ropa sucia o los residuos alejados del inventario limpio, lo que favorece los flujos de trabajo higi\u00e9nicos.<\/p>\n<p data-start=\"726\" data-end=\"1283\">Para proteger los acabados en zonas de mucho tr\u00e1nsito, el carro est\u00e1 dise\u00f1ado con ruedas que no dejan marcas y topes protectores para ayudar a minimizar las marcas de contacto en paredes, marcos de puertas y z\u00f3calos. Las superficies de f\u00e1cil limpieza simplifican la limpieza entre habitaciones y toleran la desinfecci\u00f3n frecuente, lo que ayuda a los equipos a mantener el equipo presentable durante largos turnos. Para hoteles, apartamentos y complejos tur\u00edsticos que valoran la presentaci\u00f3n uniforme, este carro reduce los viajes al almac\u00e9n de suministros, mantiene las herramientas en el lugar donde se necesitan y mejora el ritmo y la profesionalidad del servicio diario de habitaciones.<\/p>","protected":false},"excerpt":{"rendered":"<p data-start=\"1285\" data-end=\"1537\">Carro de limpieza especialmente dise\u00f1ado con soporte para bolsas integrado y estantes divididos por zonas para art\u00edculos de aseo y ropa de cama. La direcci\u00f3n suave, las ruedas que no dejan marcas y las superficies f\u00e1ciles de limpiar permiten un servicio eficiente de las habitaciones a trav\u00e9s de pasillos y ascensores.<\/p>\n<p data-start=\"1539\" data-end=\"1607\">","protected":false},"featured_media":78,"template":"","meta":{"_gspb_post_css":""},"product_brand":[],"product_cat":[18,15],"product_tag":[],"class_list":{"0":"post-76","1":"product","2":"type-product","3":"status-publish","4":"has-post-thumbnail","6":"product_cat-housekeeping-carts","7":"product_cat-hotel-service-carts","9":"first","10":"instock","11":"shipping-taxable","12":"purchasable","13":"product-type-simple"},"_links":{"self":[{"href":"https:\/\/facilityprojectsolutions.com\/es\/wp-json\/wp\/v2\/product\/76","targetHints":{"allow":["GET"]}}],"collection":[{"href":"https:\/\/facilityprojectsolutions.com\/es\/wp-json\/wp\/v2\/product"}],"about":[{"href":"https:\/\/facilityprojectsolutions.com\/es\/wp-json\/wp\/v2\/types\/product"}],"wp:featuredmedia":[{"embeddable":true,"href":"https:\/\/facilityprojectsolutions.com\/es\/wp-json\/wp\/v2\/media\/78"}],"wp:attachment":[{"href":"https:\/\/facilityprojectsolutions.com\/es\/wp-json\/wp\/v2\/media?parent=76"}],"wp:term":[{"taxonomy":"product_brand","embeddable":true,"href":"https:\/\/facilityprojectsolutions.com\/es\/wp-json\/wp\/v2\/product_brand?post=76"},{"taxonomy":"product_cat","embeddable":true,"href":"https:\/\/facilityprojectsolutions.com\/es\/wp-json\/wp\/v2\/product_cat?post=76"},{"taxonomy":"product_tag","embeddable":true,"href":"https:\/\/facilityprojectsolutions.com\/es\/wp-json\/wp\/v2\/product_tag?post=76"}],"curies":[{"name":"wp","href":"https:\/\/api.w.org\/{rel}","templated":true}]}}