{"id":91,"date":"2026-02-12T11:44:34","date_gmt":"2026-02-12T11:44:34","guid":{"rendered":"https:\/\/facilityprojectsolutions.com\/?post_type=product&#038;p=91"},"modified":"2026-02-12T11:44:34","modified_gmt":"2026-02-12T11:44:34","slug":"heavy-duty-cleaning-cart-for-hotel-floors","status":"publish","type":"product","link":"https:\/\/facilityprojectsolutions.com\/es\/heavy-duty-cleaning-cart-for-hotel-floors\/","title":{"rendered":"Carro de limpieza para pisos de hotel"},"content":{"rendered":"<p data-start=\"0\" data-end=\"1224\">Dise\u00f1ado para el ritmo diario de las operaciones del hotel, este carro de limpieza de alta resistencia mantiene los elementos esenciales para el cuidado del suelo organizados y f\u00e1ciles de mover de una habitaci\u00f3n a otra. Las ruedas de rodamiento suave que no dejan marcas y los topes en las esquinas ayudan a proteger las paredes, los marcos de las puertas y los ascensores, a la vez que permiten una conducci\u00f3n segura por pasillos estrechos. Una distribuci\u00f3n por zonas separa los productos qu\u00edmicos, las herramientas y los consumibles, lo que reduce la contaminaci\u00f3n cruzada y agiliza la reposici\u00f3n de existencias. Las estanter\u00edas ajustables permiten a los equipos reconfigurar el espacio para diferentes turnos: limpieza puntual por la ma\u00f1ana y trabajo m\u00e1s profundo en el suelo a \u00faltima hora del d\u00eda. Las superficies se limpian con un pa\u00f1o y su construcci\u00f3n duradera resiste la desinfecci\u00f3n frecuente y el uso con mucho tr\u00e1fico. El perfil aerodin\u00e1mico del carro permite un servicio discreto en las plantas de invitados, y una plataforma estable ayuda a mantener los art\u00edculos en su sitio cuando se detiene en las puertas. Las secciones espec\u00edficas para ropa blanca, residuos y accesorios de uso frecuente ayudan a los equipos de limpieza a seguir los procedimientos normalizados de trabajo sin sobrecargar el carro. El movimiento silencioso y el aparcamiento controlado facilitan el trabajo durante las horas de atenci\u00f3n al cliente. Al tener todo al alcance de la mano, el personal dedica menos tiempo a volver a los armarios y m\u00e1s tiempo a completar las tareas de forma eficiente, manteniendo al mismo tiempo una presentaci\u00f3n profesional y coherente.<\/p>","protected":false},"excerpt":{"rendered":"<p data-start=\"1226\" data-end=\"1470\">Carro de limpieza resistente para la limpieza de pisos de hu\u00e9spedes, con direcci\u00f3n suave, almacenamiento por zonas y estantes ajustables. Las ruedas que no dejan marcas y los topes protectores ayudan a que se deslice por pasillos y ascensores sin rozaduras.<\/p>","protected":false},"featured_media":104,"template":"","meta":{"_gspb_post_css":""},"product_brand":[],"product_cat":[18,15],"product_tag":[],"class_list":{"0":"post-91","1":"product","2":"type-product","3":"status-publish","4":"has-post-thumbnail","6":"product_cat-housekeeping-carts","7":"product_cat-hotel-service-carts","9":"first","10":"instock","11":"shipping-taxable","12":"purchasable","13":"product-type-simple"},"_links":{"self":[{"href":"https:\/\/facilityprojectsolutions.com\/es\/wp-json\/wp\/v2\/product\/91","targetHints":{"allow":["GET"]}}],"collection":[{"href":"https:\/\/facilityprojectsolutions.com\/es\/wp-json\/wp\/v2\/product"}],"about":[{"href":"https:\/\/facilityprojectsolutions.com\/es\/wp-json\/wp\/v2\/types\/product"}],"wp:featuredmedia":[{"embeddable":true,"href":"https:\/\/facilityprojectsolutions.com\/es\/wp-json\/wp\/v2\/media\/104"}],"wp:attachment":[{"href":"https:\/\/facilityprojectsolutions.com\/es\/wp-json\/wp\/v2\/media?parent=91"}],"wp:term":[{"taxonomy":"product_brand","embeddable":true,"href":"https:\/\/facilityprojectsolutions.com\/es\/wp-json\/wp\/v2\/product_brand?post=91"},{"taxonomy":"product_cat","embeddable":true,"href":"https:\/\/facilityprojectsolutions.com\/es\/wp-json\/wp\/v2\/product_cat?post=91"},{"taxonomy":"product_tag","embeddable":true,"href":"https:\/\/facilityprojectsolutions.com\/es\/wp-json\/wp\/v2\/product_tag?post=91"}],"curies":[{"name":"wp","href":"https:\/\/api.w.org\/{rel}","templated":true}]}}