{"id":115,"date":"2026-02-12T12:50:58","date_gmt":"2026-02-12T12:50:58","guid":{"rendered":"https:\/\/facilityprojectsolutions.com\/?post_type=product&#038;p=115"},"modified":"2026-02-12T12:50:58","modified_gmt":"2026-02-12T12:50:58","slug":"commercial-laundry-sorting-cart-with-bag","status":"publish","type":"product","link":"https:\/\/facilityprojectsolutions.com\/fr\/commercial-laundry-sorting-cart-with-bag\/","title":{"rendered":"Chariot commercial de tri du linge avec sac"},"content":{"rendered":"<p>Con\u00e7u pour le renouvellement quotidien du linge, ce chariot de tri du linge commercial permet de contenir les textiles souill\u00e9s et de les faire circuler dans les circuits de l'arri\u00e8re-boutique. Un cadre stable supporte un sac amovible qui peut \u00eatre soulev\u00e9 pour des changements et des nettoyages rapides, aidant ainsi les \u00e9quipes \u00e0 s\u00e9parer la manipulation du linge des espaces en contact avec les clients. Les roulettes pivotantes \u00e0 roulement doux facilitent la conduite dans les virages serr\u00e9s, tandis que les roues non marquantes et les pare-chocs p\u00e9riph\u00e9riques r\u00e9duisent les \u00e9raflures sur les murs, les cadres de porte et l'int\u00e9rieur des ascenseurs. La zone d\u00e9di\u00e9e aux sacs permet de contenir et d'organiser les charges pour un tri plus rapide par \u00e9tage, par bloc de chambres ou par service, et facilite le transfert vers la buanderie. Le sac \u00e9tant amovible, le personnel peut mettre en place une nouvelle doublure, maintenir un niveau visuel soign\u00e9 pendant les p\u00e9riodes de pointe et maintenir la fluidit\u00e9 des flux de travail. Les surfaces faciles \u00e0 nettoyer permettent d'effectuer des nettoyages de routine, renfor\u00e7ant ainsi une pr\u00e9sentation professionnelle de l'entretien m\u00e9nager. Con\u00e7u pour circuler dans les couloirs et les ascenseurs, le chariot r\u00e9duit les d\u00e9placements r\u00e9p\u00e9t\u00e9s entre les chambres et la zone de blanchisserie, ce qui permet aux \u00e9quipes de se concentrer sur les d\u00e9lais d'ex\u00e9cution au lieu de se d\u00e9battre avec des paniers encombrants.<\/p>","protected":false},"excerpt":{"rendered":"<p data-start=\"1174\" data-end=\"1450\">Chariot de tri du linge adapt\u00e9 aux couloirs et dot\u00e9 d'un sac amovible pour les h\u00f4tels, les appartements et les centres de vill\u00e9giature. Les roulettes pivotantes, les roues non marquantes et la protection des pare-chocs permettent une conduite en douceur et un flux de travail efficace et ordonn\u00e9.<\/p>","protected":false},"featured_media":130,"template":"","meta":{"_gspb_post_css":""},"product_brand":[],"product_cat":[19,15],"product_tag":[],"class_list":{"0":"post-115","1":"product","2":"type-product","3":"status-publish","4":"has-post-thumbnail","6":"product_cat-laundry-linen-carts","7":"product_cat-hotel-service-carts","9":"first","10":"instock","11":"shipping-taxable","12":"purchasable","13":"product-type-simple"},"_links":{"self":[{"href":"https:\/\/facilityprojectsolutions.com\/fr\/wp-json\/wp\/v2\/product\/115","targetHints":{"allow":["GET"]}}],"collection":[{"href":"https:\/\/facilityprojectsolutions.com\/fr\/wp-json\/wp\/v2\/product"}],"about":[{"href":"https:\/\/facilityprojectsolutions.com\/fr\/wp-json\/wp\/v2\/types\/product"}],"wp:featuredmedia":[{"embeddable":true,"href":"https:\/\/facilityprojectsolutions.com\/fr\/wp-json\/wp\/v2\/media\/130"}],"wp:attachment":[{"href":"https:\/\/facilityprojectsolutions.com\/fr\/wp-json\/wp\/v2\/media?parent=115"}],"wp:term":[{"taxonomy":"product_brand","embeddable":true,"href":"https:\/\/facilityprojectsolutions.com\/fr\/wp-json\/wp\/v2\/product_brand?post=115"},{"taxonomy":"product_cat","embeddable":true,"href":"https:\/\/facilityprojectsolutions.com\/fr\/wp-json\/wp\/v2\/product_cat?post=115"},{"taxonomy":"product_tag","embeddable":true,"href":"https:\/\/facilityprojectsolutions.com\/fr\/wp-json\/wp\/v2\/product_tag?post=115"}],"curies":[{"name":"wp","href":"https:\/\/api.w.org\/{rel}","templated":true}]}}