{"id":116,"date":"2026-02-12T12:28:35","date_gmt":"2026-02-12T12:28:35","guid":{"rendered":"https:\/\/facilityprojectsolutions.com\/?post_type=product&#038;p=116"},"modified":"2026-02-12T12:28:35","modified_gmt":"2026-02-12T12:28:35","slug":"double-bag-laundry-cart-for-housekeeping","status":"publish","type":"product","link":"https:\/\/facilityprojectsolutions.com\/fr\/double-bag-laundry-cart-for-housekeeping\/","title":{"rendered":"Chariot \u00e0 linge \u00e0 double sac pour l'entretien m\u00e9nager"},"content":{"rendered":"<p data-start=\"0\" data-end=\"322\">Con\u00e7u pour les t\u00e2ches m\u00e9nag\u00e8res quotidiennes, ce chariot de blanchisserie \u00e0 double sac rationalise la collecte du linge sans ralentir votre \u00e9quipe. Deux sacs ind\u00e9pendants permettent de s\u00e9parer facilement les draps, les serviettes et les articles souill\u00e9s destin\u00e9s \u00e0 des circuits diff\u00e9rents dans l'arri\u00e8re-boutique, ce qui permet aux \u00e9quipes de passer moins de temps \u00e0 les trier \u00e0 nouveau dans la buanderie.<\/p>\n<p data-start=\"324\" data-end=\"716\">La mobilit\u00e9 en douceur est importante dans les zones r\u00e9serv\u00e9es aux clients. Le chariot est con\u00e7u pour une direction contr\u00f4l\u00e9e et des virages serr\u00e9s, aidant les pr\u00e9pos\u00e9s \u00e0 franchir les angles des couloirs et les seuils des ascenseurs avec moins d'arr\u00eats et moins d'efforts. Les roulettes silencieuses et adapt\u00e9es au sol permettent un roulement et un positionnement r\u00e9guliers, tandis que les points de contact protecteurs permettent de minimiser les \u00e9raflures sur les murs, les cadres de porte et les finitions dans les couloirs tr\u00e8s fr\u00e9quent\u00e9s.<\/p>\n<p data-start=\"718\" data-end=\"1198\">La durabilit\u00e9 et l'hygi\u00e8ne sont tout aussi importantes dans le secteur de l'h\u00f4tellerie et de la restauration. Les surfaces nettoyables par essuyage et la construction r\u00e9sistante permettent des d\u00e9sinfections fr\u00e9quentes, et les sacs amovibles simplifient les changements entre les chambres, les \u00e9tages ou les \u00e9quipes. Utilisez le second sac pour s\u00e9parer les flux, comme les articles humides et les articles secs, ou le linge et les d\u00e9chets, conform\u00e9ment \u00e0 vos proc\u00e9dures d'exploitation normalis\u00e9es. La pr\u00e9sentation g\u00e9n\u00e9rale reste ordonn\u00e9e et professionnelle, renfor\u00e7ant la bonne gestion de l'arri\u00e8re-boutique des h\u00f4tels, des appartements avec services et des centres de vill\u00e9giature.<\/p>","protected":false},"excerpt":{"rendered":"<p>Con\u00e7u pour les h\u00f4tels, les appartements et les centres de vill\u00e9giature, ce chariot de blanchisserie \u00e0 double sac s\u00e9pare le linge pour un tri plus rapide tout en restant facile \u00e0 diriger, adapt\u00e9 aux couloirs et facile \u00e0 essuyer entre les quarts de travail.<\/p>","protected":false},"featured_media":121,"template":"","meta":{"_gspb_post_css":""},"product_brand":[],"product_cat":[19,15],"product_tag":[],"class_list":{"0":"post-116","1":"product","2":"type-product","3":"status-publish","4":"has-post-thumbnail","6":"product_cat-laundry-linen-carts","7":"product_cat-hotel-service-carts","9":"first","10":"instock","11":"shipping-taxable","12":"purchasable","13":"product-type-simple"},"_links":{"self":[{"href":"https:\/\/facilityprojectsolutions.com\/fr\/wp-json\/wp\/v2\/product\/116","targetHints":{"allow":["GET"]}}],"collection":[{"href":"https:\/\/facilityprojectsolutions.com\/fr\/wp-json\/wp\/v2\/product"}],"about":[{"href":"https:\/\/facilityprojectsolutions.com\/fr\/wp-json\/wp\/v2\/types\/product"}],"wp:featuredmedia":[{"embeddable":true,"href":"https:\/\/facilityprojectsolutions.com\/fr\/wp-json\/wp\/v2\/media\/121"}],"wp:attachment":[{"href":"https:\/\/facilityprojectsolutions.com\/fr\/wp-json\/wp\/v2\/media?parent=116"}],"wp:term":[{"taxonomy":"product_brand","embeddable":true,"href":"https:\/\/facilityprojectsolutions.com\/fr\/wp-json\/wp\/v2\/product_brand?post=116"},{"taxonomy":"product_cat","embeddable":true,"href":"https:\/\/facilityprojectsolutions.com\/fr\/wp-json\/wp\/v2\/product_cat?post=116"},{"taxonomy":"product_tag","embeddable":true,"href":"https:\/\/facilityprojectsolutions.com\/fr\/wp-json\/wp\/v2\/product_tag?post=116"}],"curies":[{"name":"wp","href":"https:\/\/api.w.org\/{rel}","templated":true}]}}