{"id":117,"date":"2026-02-12T12:41:09","date_gmt":"2026-02-12T12:41:09","guid":{"rendered":"https:\/\/facilityprojectsolutions.com\/?post_type=product&#038;p=117"},"modified":"2026-02-12T12:41:09","modified_gmt":"2026-02-12T12:41:09","slug":"collapsible-linen-collection-cart-with-casters","status":"publish","type":"product","link":"https:\/\/facilityprojectsolutions.com\/fr\/collapsible-linen-collection-cart-with-casters\/","title":{"rendered":"Chariot pliant \u00e0 roulettes pour la collection de linge"},"content":{"rendered":"<p>Con\u00e7u pour les tourn\u00e9es quotidiennes des services d'entretien m\u00e9nager, ce chariot pliable de collecte du linge permet d'acc\u00e9l\u00e9rer la rotation des chambres sans encombrer les entrep\u00f4ts. Il permet de rassembler les draps, les serviettes et les textiles souill\u00e9s des chambres d'h\u00f4tes tout en maintenant l'ordre dans les zones de circulation des h\u00f4tels, des appartements avec services et des centres de vill\u00e9giature. Apr\u00e8s utilisation, le chariot se replie pour un rangement compact, ce qui est pratique dans les \u00e9tablissements o\u00f9 l'espace arri\u00e8re est restreint et o\u00f9 les placards de service restent organis\u00e9s. Les roulettes pivotantes permettent de se d\u00e9placer facilement dans les coins les plus \u00e9troits, et les roues non marquantes prot\u00e8gent les sols tout en roulant en douceur sur des surfaces mixtes. La direction contr\u00f4l\u00e9e facilite \u00e9galement les transferts dans les couloirs et les ascenseurs, en r\u00e9duisant les lev\u00e9es maladroites et en minimisant le contact avec les murs et les encadrements de porte pendant les p\u00e9riodes de pointe. Des mat\u00e9riaux durables et faciles \u00e0 nettoyer ont \u00e9t\u00e9 choisis pour une utilisation quotidienne r\u00e9p\u00e9t\u00e9e, ce qui permet aux \u00e9quipes d'entretien m\u00e9nager de conserver un aspect professionnel et ordonn\u00e9 gr\u00e2ce \u00e0 un simple coup de chiffon. Comme les chariots se replient rapidement, les \u00e9quipes peuvent les ranger par \u00e9tage ou par zone de service et les ranger proprement entre les quarts de travail, am\u00e9liorant ainsi le flux de travail et la visibilit\u00e9.<\/p>","protected":false},"excerpt":{"rendered":"<p data-start=\"1166\" data-end=\"1395\">Un chariot pliable pour collecter le linge et les serviettes usag\u00e9s. Les roulettes pivotantes et non marquantes se d\u00e9placent facilement dans les couloirs \u00e9troits et les ascenseurs, aidant les \u00e9quipes d'entretien m\u00e9nager \u00e0 d\u00e9placer les charges en douceur et \u00e0 maintenir l'ordre dans les zones arri\u00e8re de la maison.<\/p>","protected":false},"featured_media":125,"template":"","meta":{"_gspb_post_css":""},"product_brand":[],"product_cat":[15,19],"product_tag":[],"class_list":{"0":"post-117","1":"product","2":"type-product","3":"status-publish","4":"has-post-thumbnail","6":"product_cat-hotel-service-carts","7":"product_cat-laundry-linen-carts","9":"first","10":"instock","11":"shipping-taxable","12":"purchasable","13":"product-type-simple"},"_links":{"self":[{"href":"https:\/\/facilityprojectsolutions.com\/fr\/wp-json\/wp\/v2\/product\/117","targetHints":{"allow":["GET"]}}],"collection":[{"href":"https:\/\/facilityprojectsolutions.com\/fr\/wp-json\/wp\/v2\/product"}],"about":[{"href":"https:\/\/facilityprojectsolutions.com\/fr\/wp-json\/wp\/v2\/types\/product"}],"wp:featuredmedia":[{"embeddable":true,"href":"https:\/\/facilityprojectsolutions.com\/fr\/wp-json\/wp\/v2\/media\/125"}],"wp:attachment":[{"href":"https:\/\/facilityprojectsolutions.com\/fr\/wp-json\/wp\/v2\/media?parent=117"}],"wp:term":[{"taxonomy":"product_brand","embeddable":true,"href":"https:\/\/facilityprojectsolutions.com\/fr\/wp-json\/wp\/v2\/product_brand?post=117"},{"taxonomy":"product_cat","embeddable":true,"href":"https:\/\/facilityprojectsolutions.com\/fr\/wp-json\/wp\/v2\/product_cat?post=117"},{"taxonomy":"product_tag","embeddable":true,"href":"https:\/\/facilityprojectsolutions.com\/fr\/wp-json\/wp\/v2\/product_tag?post=117"}],"curies":[{"name":"wp","href":"https:\/\/api.w.org\/{rel}","templated":true}]}}