{"id":131,"date":"2026-02-12T13:07:28","date_gmt":"2026-02-12T13:07:28","guid":{"rendered":"https:\/\/facilityprojectsolutions.com\/?post_type=product&#038;p=131"},"modified":"2026-02-12T13:07:29","modified_gmt":"2026-02-12T13:07:29","slug":"room-service-trolley-with-stainless-shelves","status":"publish","type":"product","link":"https:\/\/facilityprojectsolutions.com\/fr\/room-service-trolley-with-stainless-shelves\/","title":{"rendered":"Chariot de service en chambre avec \u00e9tag\u00e8res en inox"},"content":{"rendered":"<p data-start=\"0\" data-end=\"413\">Lorsque le service d'\u00e9tage se d\u00e9place de la cuisine \u00e0 la chambre, le chariot doit se diriger proprement, rester silencieux et tout mettre en sc\u00e8ne. Ce chariot de service d'\u00e9tage utilise des \u00e9tag\u00e8res en acier inoxydable pour offrir une surface hygi\u00e9nique, facile \u00e0 nettoyer, qui r\u00e9siste aux routines de nettoyage quotidiennes et aux rotations fr\u00e9quentes. Les surfaces en acier inoxydable sont faciles \u00e0 d\u00e9sinfecter entre les clients et les \u00e9quipes.<\/p>\n<p data-start=\"415\" data-end=\"888\">Les \u00e9tag\u00e8res ouvertes et \u00e9tag\u00e9es cr\u00e9ent des zones claires pour les plateaux, les plats couverts, les boissons et les \u00e9quipements des clients, de sorte que les \u00e9quipes peuvent charger en s\u00e9quence et d\u00e9charger sans chercher. Les roulettes \u00e0 roulement doux et non marquant facilitent les man\u0153uvres et aident \u00e0 r\u00e9duire les \u00e9raflures au sol pendant les p\u00e9riodes de travail intense, tandis que les pare-chocs de protection minimisent les marques de contact sur les murs, les cadres de porte et les meubles. L'acc\u00e8s d'un coin \u00e0 l'autre facilite \u00e9galement le r\u00e9approvisionnement entre les passages.<\/p>\n<p data-start=\"890\" data-end=\"1195\">Con\u00e7u pour la circulation \u00e0 l'arri\u00e8re de l'\u00e9tablissement et dans les \u00e9tages r\u00e9serv\u00e9s aux clients, le chariot est confortable \u00e0 pousser dans les longs couloirs et stable lorsqu'il entre dans les ascenseurs ou qu'il prend des virages serr\u00e9s. Le r\u00e9sultat est un flux de travail plus propre, moins d'interruptions et une pr\u00e9sentation de service coh\u00e9rente qui correspond aux normes de votre \u00e9tablissement.<\/p>\n<p data-start=\"1197\" data-end=\"1483\">","protected":false},"excerpt":{"rendered":"<p data-start=\"1197\" data-end=\"1483\">Un chariot de service d'\u00e9tage avec des \u00e9tag\u00e8res en acier inoxydable qui permet d'organiser les plateaux et les accessoires. Les roulettes non marquantes et les pare-chocs de protection permettent au personnel de se d\u00e9placer en silence dans les couloirs et les ascenseurs, ce qui simplifie les livraisons.<\/p>","protected":false},"featured_media":137,"template":"","meta":{"_gspb_post_css":""},"product_brand":[],"product_cat":[17,15],"product_tag":[],"class_list":{"0":"post-131","1":"product","2":"type-product","3":"status-publish","4":"has-post-thumbnail","6":"product_cat-room-service-trolleys","7":"product_cat-hotel-service-carts","9":"first","10":"instock","11":"shipping-taxable","12":"purchasable","13":"product-type-simple"},"_links":{"self":[{"href":"https:\/\/facilityprojectsolutions.com\/fr\/wp-json\/wp\/v2\/product\/131","targetHints":{"allow":["GET"]}}],"collection":[{"href":"https:\/\/facilityprojectsolutions.com\/fr\/wp-json\/wp\/v2\/product"}],"about":[{"href":"https:\/\/facilityprojectsolutions.com\/fr\/wp-json\/wp\/v2\/types\/product"}],"wp:featuredmedia":[{"embeddable":true,"href":"https:\/\/facilityprojectsolutions.com\/fr\/wp-json\/wp\/v2\/media\/137"}],"wp:attachment":[{"href":"https:\/\/facilityprojectsolutions.com\/fr\/wp-json\/wp\/v2\/media?parent=131"}],"wp:term":[{"taxonomy":"product_brand","embeddable":true,"href":"https:\/\/facilityprojectsolutions.com\/fr\/wp-json\/wp\/v2\/product_brand?post=131"},{"taxonomy":"product_cat","embeddable":true,"href":"https:\/\/facilityprojectsolutions.com\/fr\/wp-json\/wp\/v2\/product_cat?post=131"},{"taxonomy":"product_tag","embeddable":true,"href":"https:\/\/facilityprojectsolutions.com\/fr\/wp-json\/wp\/v2\/product_tag?post=131"}],"curies":[{"name":"wp","href":"https:\/\/api.w.org\/{rel}","templated":true}]}}