{"id":132,"date":"2026-02-12T13:31:45","date_gmt":"2026-02-12T13:31:45","guid":{"rendered":"https:\/\/facilityprojectsolutions.com\/?post_type=product&#038;p=132"},"modified":"2026-02-12T13:31:45","modified_gmt":"2026-02-12T13:31:45","slug":"covered-room-service-cart-with-sliding-doors","status":"publish","type":"product","link":"https:\/\/facilityprojectsolutions.com\/fr\/covered-room-service-cart-with-sliding-doors\/","title":{"rendered":"Chariot de service de salle couvert avec portes coulissantes"},"content":{"rendered":"<p data-start=\"0\" data-end=\"347\">Con\u00e7u pour les repas discrets dans les chambres, ce chariot de service couvert utilise des portes coulissantes lisses pour prot\u00e9ger les plateaux, la porcelaine et les accessoires de la circulation dans les couloirs. Comme les portes coulissent au lieu de pivoter, le personnel peut acc\u00e9der au meuble dans les couloirs \u00e9troits et les ascenseurs sans avoir besoin d'un espace suppl\u00e9mentaire au niveau du seuil de la chambre.<\/p>\n<p data-start=\"349\" data-end=\"766\">\u00c0 l'int\u00e9rieur, des compartiments zon\u00e9s permettent une mise en place organis\u00e9e - en s\u00e9parant les articles chauds et froids, les boissons et les demandes des clients - tandis que des \u00e9tag\u00e8res r\u00e9glables permettent de s'adapter \u00e0 diff\u00e9rents ensembles de services sans avoir \u00e0 les r\u00e9emballer. Le rangement ferm\u00e9 permet \u00e9galement de r\u00e9duire l'encombrement visuel et de contenir les articles de service pendant le transport, ce qui favorise une pr\u00e9sentation plus calme face au client.<\/p>\n<p data-start=\"768\" data-end=\"1109\">La maniabilit\u00e9 est adapt\u00e9e \u00e0 l'arri\u00e8re de l'\u00e9tablissement : direction r\u00e9active sur les roulettes pivotantes, roulement silencieux dans les zones r\u00e9serv\u00e9es aux clients et roues non marquantes qui aident \u00e0 prot\u00e9ger les sols finis. Les pare-chocs p\u00e9rim\u00e9triques r\u00e9duisent les \u00e9raflures sur les murs, les cadres de porte et les ascenseurs lors des virages serr\u00e9s, ce qui permet de garder les espaces publics pr\u00e9sentables.<\/p>\n<p data-start=\"1111\" data-end=\"1321\">La structure durable et facile \u00e0 nettoyer est con\u00e7ue pour une utilisation quotidienne, aidant les \u00e9quipes \u00e0 se r\u00e9initialiser rapidement entre deux appels et \u00e0 maintenir un flux professionnel coh\u00e9rent de la cuisine \u00e0 la chambre d'h\u00f4tes.<\/p>","protected":false},"excerpt":{"rendered":"<p data-start=\"1323\" data-end=\"1614\">Un chariot de service d'\u00e9tage ferm\u00e9 avec des portes coulissantes pour une livraison discr\u00e8te. Des zones de stockage et des \u00e9tag\u00e8res r\u00e9glables permettent d'organiser les articles, tandis que des roulettes pivotantes non marquantes et des pare-chocs de protection permettent de circuler proprement dans les couloirs et les ascenseurs.<\/p>","protected":false},"featured_media":141,"template":"","meta":{"_gspb_post_css":""},"product_brand":[],"product_cat":[17,15],"product_tag":[],"class_list":{"0":"post-132","1":"product","2":"type-product","3":"status-publish","4":"has-post-thumbnail","6":"product_cat-room-service-trolleys","7":"product_cat-hotel-service-carts","9":"first","10":"instock","11":"shipping-taxable","12":"purchasable","13":"product-type-simple"},"_links":{"self":[{"href":"https:\/\/facilityprojectsolutions.com\/fr\/wp-json\/wp\/v2\/product\/132","targetHints":{"allow":["GET"]}}],"collection":[{"href":"https:\/\/facilityprojectsolutions.com\/fr\/wp-json\/wp\/v2\/product"}],"about":[{"href":"https:\/\/facilityprojectsolutions.com\/fr\/wp-json\/wp\/v2\/types\/product"}],"wp:featuredmedia":[{"embeddable":true,"href":"https:\/\/facilityprojectsolutions.com\/fr\/wp-json\/wp\/v2\/media\/141"}],"wp:attachment":[{"href":"https:\/\/facilityprojectsolutions.com\/fr\/wp-json\/wp\/v2\/media?parent=132"}],"wp:term":[{"taxonomy":"product_brand","embeddable":true,"href":"https:\/\/facilityprojectsolutions.com\/fr\/wp-json\/wp\/v2\/product_brand?post=132"},{"taxonomy":"product_cat","embeddable":true,"href":"https:\/\/facilityprojectsolutions.com\/fr\/wp-json\/wp\/v2\/product_cat?post=132"},{"taxonomy":"product_tag","embeddable":true,"href":"https:\/\/facilityprojectsolutions.com\/fr\/wp-json\/wp\/v2\/product_tag?post=132"}],"curies":[{"name":"wp","href":"https:\/\/api.w.org\/{rel}","templated":true}]}}