{"id":147,"date":"2026-02-12T14:02:56","date_gmt":"2026-02-12T14:02:56","guid":{"rendered":"https:\/\/facilityprojectsolutions.com\/?post_type=product&#038;p=147"},"modified":"2026-02-12T14:02:56","modified_gmt":"2026-02-12T14:02:56","slug":"multi-tier-service-trolley-for-banquets","status":"publish","type":"product","link":"https:\/\/facilityprojectsolutions.com\/fr\/multi-tier-service-trolley-for-banquets\/","title":{"rendered":"Chariot de service \u00e0 plusieurs niveaux pour les banquets"},"content":{"rendered":"<p data-start=\"0\" data-end=\"522\">Le service des banquets se d\u00e9roule sans encombrement, de la zone de pr\u00e9paration \u00e0 la salle de bal. Ce chariot de service \u00e0 plusieurs niveaux cr\u00e9e des zones claires pour les assiettes, la verrerie, les boissons et le linge pli\u00e9, afin que les \u00e9quipes puissent mettre en sc\u00e8ne, livrer et d\u00e9barrasser avec moins de d\u00e9placements. La direction r\u00e9active permet d'effectuer des virages serr\u00e9s autour des portes de service et de la disposition des salles \u00e0 manger, tandis que les roulettes non marquantes roulent en douceur sur les sols mixtes et \u00e9vitent les \u00e9raflures. La protection des angles permet de r\u00e9duire les contacts accidentels avec les murs, les cadres de porte et les panneaux d'ascenseur.<\/p>\n<p data-start=\"524\" data-end=\"1065\">Le stockage par niveaux maintient le flux de travail intuitif : les articles propres sur un niveau, le r\u00e9approvisionnement sur un autre, et les retours s\u00e9par\u00e9s si n\u00e9cessaire. Les fournitures fr\u00e9quemment utilis\u00e9es restent visibles pour un comptage plus rapide, et chaque \u00e9tag\u00e8re peut \u00eatre organis\u00e9e par station pour correspondre \u00e0 vos proc\u00e9dures d'exploitation pour les banquets. Les surfaces durables et nettoyables \u00e0 l'aide d'un chiffon simplifient la remise \u00e0 z\u00e9ro en fin de service et conservent un aspect coh\u00e9rent entre les diff\u00e9rents \u00e9v\u00e9nements. Con\u00e7u pour la circulation dans les h\u00f4tels, le chariot est facile \u00e0 guider dans les couloirs et les ascenseurs, ce qui favorise un service efficace et une image soign\u00e9e \u00e0 l'avant et \u00e0 l'arri\u00e8re de l'\u00e9tablissement.<\/p>","protected":false},"excerpt":{"rendered":"<p>Chariot de service \u00e0 plusieurs niveaux pour les op\u00e9rations de banquet, offrant un rangement s\u00e9par\u00e9 pour la vaisselle et le linge, une man\u0153uvre ais\u00e9e dans les couloirs et les ascenseurs, et une durabilit\u00e9 facile \u00e0 nettoyer qui favorise des flux de travail efficaces et professionnels \u00e0 l'avant et \u00e0 l'arri\u00e8re de l'\u00e9tablissement.<\/p>","protected":false},"featured_media":152,"template":"","meta":{"_gspb_post_css":""},"product_brand":[],"product_cat":[17,15],"product_tag":[],"class_list":{"0":"post-147","1":"product","2":"type-product","3":"status-publish","4":"has-post-thumbnail","6":"product_cat-room-service-trolleys","7":"product_cat-hotel-service-carts","9":"first","10":"instock","11":"shipping-taxable","12":"purchasable","13":"product-type-simple"},"_links":{"self":[{"href":"https:\/\/facilityprojectsolutions.com\/fr\/wp-json\/wp\/v2\/product\/147","targetHints":{"allow":["GET"]}}],"collection":[{"href":"https:\/\/facilityprojectsolutions.com\/fr\/wp-json\/wp\/v2\/product"}],"about":[{"href":"https:\/\/facilityprojectsolutions.com\/fr\/wp-json\/wp\/v2\/types\/product"}],"wp:featuredmedia":[{"embeddable":true,"href":"https:\/\/facilityprojectsolutions.com\/fr\/wp-json\/wp\/v2\/media\/152"}],"wp:attachment":[{"href":"https:\/\/facilityprojectsolutions.com\/fr\/wp-json\/wp\/v2\/media?parent=147"}],"wp:term":[{"taxonomy":"product_brand","embeddable":true,"href":"https:\/\/facilityprojectsolutions.com\/fr\/wp-json\/wp\/v2\/product_brand?post=147"},{"taxonomy":"product_cat","embeddable":true,"href":"https:\/\/facilityprojectsolutions.com\/fr\/wp-json\/wp\/v2\/product_cat?post=147"},{"taxonomy":"product_tag","embeddable":true,"href":"https:\/\/facilityprojectsolutions.com\/fr\/wp-json\/wp\/v2\/product_tag?post=147"}],"curies":[{"name":"wp","href":"https:\/\/api.w.org\/{rel}","templated":true}]}}