{"id":161,"date":"2026-02-12T14:46:10","date_gmt":"2026-02-12T14:46:10","guid":{"rendered":"https:\/\/facilityprojectsolutions.com\/?post_type=product&#038;p=161"},"modified":"2026-02-12T14:46:10","modified_gmt":"2026-02-12T14:46:10","slug":"outdoor-smoking-ashtray-bin-with-sand-fill","status":"publish","type":"product","link":"https:\/\/facilityprojectsolutions.com\/fr\/outdoor-smoking-ashtray-bin-with-sand-fill\/","title":{"rendered":"Cendrier d'ext\u00e9rieur avec remplissage en sable"},"content":{"rendered":"<p data-start=\"0\" data-end=\"1070\">Con\u00e7ue pour les entr\u00e9es commerciales et les zones fumeurs d\u00e9sign\u00e9es, cette poubelle-cendrier pour l'ext\u00e9rieur permet une \u00e9limination de type auto-extinction avec une chambre de limitation de l'oxyg\u00e8ne en option et une surface de tabagisme remplie de sable. \u00c0 l'entr\u00e9e des employ\u00e9s, dans un endroit abrit\u00e9 pr\u00e8s de la porte d'un entrep\u00f4t ou dans un couloir de service pr\u00e8s du quai de chargement, les utilisateurs peuvent \u00e9teindre les braises dans le sable et jeter les d\u00e9chets par une ouverture restreinte, ce qui permet de limiter les d\u00e9tritus emport\u00e9s par le vent et d'\u00e9viter que les d\u00e9bris ne g\u00eanent le passage des pi\u00e9tons. L'ext\u00e9rieur r\u00e9sistant aux intemp\u00e9ries et \u00e0 la corrosion est con\u00e7u pour \u00eatre plac\u00e9 \u00e0 l'ext\u00e9rieur tout au long de l'ann\u00e9e, tandis qu'une base stable permet \u00e0 l'unit\u00e9 de rester debout et peut \u00eatre fix\u00e9e \u00e0 des surfaces dures si n\u00e9cessaire. L'entretien quotidien est simple : le rev\u00eatement int\u00e9rieur amovible se soul\u00e8ve pour une vidange rapide, ce qui r\u00e9duit le contact avec les d\u00e9chets en vrac et simplifie les contr\u00f4les sur le site. Avec une zone de stockage g\u00e9n\u00e9reuse (capacit\u00e9 non sp\u00e9cifi\u00e9e), elle contribue \u00e0 r\u00e9duire les tourn\u00e9es de service et \u00e0 donner une premi\u00e8re impression plus propre et plus s\u00fbre aux clients et au personnel arrivant dans la propri\u00e9t\u00e9.<\/p>","protected":false},"excerpt":{"rendered":"<p>Pour les portes-coch\u00e8res des h\u00f4tels et les terrasses, ce cendrier rempli de sable centralise les d\u00e9chets de cigarettes. Le syst\u00e8me optionnel de limitation de l'oxyg\u00e8ne permet d'\u00e9touffer les m\u00e9gots fumants ; la construction r\u00e9sistante aux intemp\u00e9ries et le rev\u00eatement amovible facilitent le vidage de la poubelle.<\/p>","protected":false},"featured_media":164,"template":"","meta":{"_gspb_post_css":""},"product_brand":[],"product_cat":[37],"product_tag":[],"class_list":{"0":"post-161","1":"product","2":"type-product","3":"status-publish","4":"has-post-thumbnail","6":"product_cat-ashtrays-smoking-stations","8":"first","9":"instock","10":"shipping-taxable","11":"purchasable","12":"product-type-simple"},"_links":{"self":[{"href":"https:\/\/facilityprojectsolutions.com\/fr\/wp-json\/wp\/v2\/product\/161","targetHints":{"allow":["GET"]}}],"collection":[{"href":"https:\/\/facilityprojectsolutions.com\/fr\/wp-json\/wp\/v2\/product"}],"about":[{"href":"https:\/\/facilityprojectsolutions.com\/fr\/wp-json\/wp\/v2\/types\/product"}],"wp:featuredmedia":[{"embeddable":true,"href":"https:\/\/facilityprojectsolutions.com\/fr\/wp-json\/wp\/v2\/media\/164"}],"wp:attachment":[{"href":"https:\/\/facilityprojectsolutions.com\/fr\/wp-json\/wp\/v2\/media?parent=161"}],"wp:term":[{"taxonomy":"product_brand","embeddable":true,"href":"https:\/\/facilityprojectsolutions.com\/fr\/wp-json\/wp\/v2\/product_brand?post=161"},{"taxonomy":"product_cat","embeddable":true,"href":"https:\/\/facilityprojectsolutions.com\/fr\/wp-json\/wp\/v2\/product_cat?post=161"},{"taxonomy":"product_tag","embeddable":true,"href":"https:\/\/facilityprojectsolutions.com\/fr\/wp-json\/wp\/v2\/product_tag?post=161"}],"curies":[{"name":"wp","href":"https:\/\/api.w.org\/{rel}","templated":true}]}}