{"id":163,"date":"2026-02-12T15:13:18","date_gmt":"2026-02-12T15:13:18","guid":{"rendered":"https:\/\/facilityprojectsolutions.com\/?post_type=product&#038;p=163"},"modified":"2026-02-12T15:13:18","modified_gmt":"2026-02-12T15:13:18","slug":"luxury-metal-ashtray-pillar-for-entrances","status":"publish","type":"product","link":"https:\/\/facilityprojectsolutions.com\/fr\/luxury-metal-ashtray-pillar-for-entrances\/","title":{"rendered":"Cendrier de luxe en m\u00e9tal pour entr\u00e9e"},"content":{"rendered":"<p data-start=\"0\" data-end=\"388\">Con\u00e7u pour les portes-coch\u00e8res des h\u00f4tels et les d\u00e9p\u00f4ts des voituriers, le pilier cendrier m\u00e9tallique de luxe aide les \u00e9quipes immobili\u00e8res \u00e0 g\u00e9rer les points r\u00e9serv\u00e9s aux fumeurs tout en prot\u00e9geant la premi\u00e8re impression \u00e0 l'entr\u00e9e. Son profil fin et architectural place les d\u00e9chets exactement \u00e0 l'endroit o\u00f9 les clients s'arr\u00eatent, r\u00e9duisant ainsi les d\u00e9chets sur le pavage et \u00e9loignant les d\u00e9chets de cigarettes des tapis, des jardini\u00e8res et des finitions de fa\u00e7ade.<\/p>\n<p data-start=\"390\" data-end=\"1022\">Pour une collecte plus s\u00fbre, un <strong data-start=\"415\" data-end=\"450\">conception optionnelle de limitation de l'oxyg\u00e8ne<\/strong> peut \u00eatre sp\u00e9cifi\u00e9 pour restreindre la circulation de l'air \u00e0 l'int\u00e9rieur du r\u00e9ceptacle, en soutenant une <strong data-start=\"524\" data-end=\"546\">auto-extinguible<\/strong> Il permet de r\u00e9duire le chemin d'\u00e9vacuation des d\u00e9chets et de limiter les flamb\u00e9es dans les conditions ext\u00e9rieures venteuses. Le corps m\u00e9tallique, pr\u00eat \u00e0 affronter les intemp\u00e9ries, est fini pour une durabilit\u00e9 ext\u00e9rieure et une r\u00e9sistance \u00e0 la corrosion, de sorte qu'il peut rester en place malgr\u00e9 la pluie, le soleil et les lavages ext\u00e9rieurs de routine. Une base stable est pr\u00e9vue pour un placement s\u00fbr et peut \u00eatre sp\u00e9cifi\u00e9e pour une installation fixe lorsque les politiques du site l'exigent.<\/p>\n<p data-start=\"1024\" data-end=\"1368\">L'entretien est simple : le rev\u00eatement int\u00e9rieur se soul\u00e8ve pour \u00eatre rapidement vid\u00e9 et essuy\u00e9, ce qui permet de r\u00e9duire le temps de service pendant les heures de pointe. Dans l'ensemble, l'unit\u00e9 am\u00e9liore la propret\u00e9 de l'entr\u00e9e, contribue \u00e0 la r\u00e9duction des risques d'incendie et fournit un marquage clair et professionnel de la zone fumeurs pour les op\u00e9rations de l'avant-salle.<\/p>","protected":false},"excerpt":{"rendered":"<p data-start=\"1370\" data-end=\"1648\">Pour les halls d'entr\u00e9e des bureaux de classe A et les zones ext\u00e9rieures d\u00e9sign\u00e9es pour les fumeurs, cette colonne-cendrier en m\u00e9tal permet une \u00e9limination plus s\u00fbre gr\u00e2ce \u00e0 la limitation de l'oxyg\u00e8ne en option, \u00e0 un corps r\u00e9sistant aux intemp\u00e9ries et \u00e0 un rev\u00eatement qui se soul\u00e8ve pour un entretien rapide et propre.<\/p>","protected":false},"featured_media":173,"template":"","meta":{"_gspb_post_css":""},"product_brand":[],"product_cat":[37],"product_tag":[],"class_list":{"0":"post-163","1":"product","2":"type-product","3":"status-publish","4":"has-post-thumbnail","6":"product_cat-ashtrays-smoking-stations","8":"first","9":"instock","10":"shipping-taxable","11":"purchasable","12":"product-type-simple"},"_links":{"self":[{"href":"https:\/\/facilityprojectsolutions.com\/fr\/wp-json\/wp\/v2\/product\/163","targetHints":{"allow":["GET"]}}],"collection":[{"href":"https:\/\/facilityprojectsolutions.com\/fr\/wp-json\/wp\/v2\/product"}],"about":[{"href":"https:\/\/facilityprojectsolutions.com\/fr\/wp-json\/wp\/v2\/types\/product"}],"wp:featuredmedia":[{"embeddable":true,"href":"https:\/\/facilityprojectsolutions.com\/fr\/wp-json\/wp\/v2\/media\/173"}],"wp:attachment":[{"href":"https:\/\/facilityprojectsolutions.com\/fr\/wp-json\/wp\/v2\/media?parent=163"}],"wp:term":[{"taxonomy":"product_brand","embeddable":true,"href":"https:\/\/facilityprojectsolutions.com\/fr\/wp-json\/wp\/v2\/product_brand?post=163"},{"taxonomy":"product_cat","embeddable":true,"href":"https:\/\/facilityprojectsolutions.com\/fr\/wp-json\/wp\/v2\/product_cat?post=163"},{"taxonomy":"product_tag","embeddable":true,"href":"https:\/\/facilityprojectsolutions.com\/fr\/wp-json\/wp\/v2\/product_tag?post=163"}],"curies":[{"name":"wp","href":"https:\/\/api.w.org\/{rel}","templated":true}]}}