{"id":184,"date":"2026-02-12T15:36:12","date_gmt":"2026-02-12T15:36:12","guid":{"rendered":"https:\/\/facilityprojectsolutions.com\/?post_type=product&#038;p=184"},"modified":"2026-02-12T15:36:12","modified_gmt":"2026-02-12T15:36:12","slug":"windproof-outdoor-cigarette-bin-with-lid","status":"publish","type":"product","link":"https:\/\/facilityprojectsolutions.com\/fr\/windproof-outdoor-cigarette-bin-with-lid\/","title":{"rendered":"Corbeille \u00e0 cigarettes d'ext\u00e9rieur coupe-vent avec couvercle"},"content":{"rendered":"<p data-start=\"0\" data-end=\"1109\">\u00c0 l'entr\u00e9e des h\u00f4pitaux et des cliniques, les d\u00e9chets de cigarettes et les risques de br\u00fblures apparaissent rapidement, en particulier dans les couloirs de d\u00e9pose expos\u00e9s au vent. Cette poubelle \u00e0 cigarettes ext\u00e9rieure coupe-vent est dot\u00e9e d'une ouverture et d'un couvercle couverts qui emp\u00eachent la pluie et les rafales de disperser les m\u00e9gots et les cendres. Un dispositif optionnel de limitation de l'oxyg\u00e8ne permet d'\u00e9touffer les braises \u00e0 l'int\u00e9rieur, ce qui favorise l'\u00e9limination auto-extinguible et r\u00e9duit l'exposition au feu autour des portes, des jardini\u00e8res et des poubelles ext\u00e9rieures. Con\u00e7ue pour \u00eatre install\u00e9e tout au long de l'ann\u00e9e, l'unit\u00e9 est sp\u00e9cifi\u00e9e pour r\u00e9sister aux intemp\u00e9ries et \u00e0 la corrosion afin de maintenir un aspect coh\u00e9rent dans l'air c\u00f4tier ou les conditions de sel de d\u00e9gla\u00e7age. Une base stable permet un placement autonome sur des socles en b\u00e9ton, avec des options pour fixer l'unit\u00e9 l\u00e0 o\u00f9 la politique du site l'exige. L'entretien est simple : il suffit de soulever le couvercle, d'enlever le rev\u00eatement int\u00e9rieur\/le fardeau, de le vider et de le remettre en service avec un minimum de contact. Le rev\u00eatement est dimensionn\u00e9 pour les sites \u00e0 forte utilisation afin de r\u00e9duire la fr\u00e9quence d'entretien. Le r\u00e9sultat est un point fumeur plus propre et mieux contr\u00f4l\u00e9 qui prot\u00e8ge les entr\u00e9es, r\u00e9duit les tourn\u00e9es de nettoyage et contribue \u00e0 donner une premi\u00e8re impression plus s\u00fbre aux visiteurs et au personnel.<\/p>","protected":false},"excerpt":{"rendered":"<p data-start=\"1111\" data-end=\"1378\">Pour les abris fumeurs des tours de bureaux et les sorties de garage, cette poubelle \u00e0 cigarettes \u00e0 couvercle et r\u00e9sistante au vent guide les m\u00e9gots dans une chambre abrit\u00e9e, prend en charge l'\u00e9limination auto-extinguible limitant l'oxyg\u00e8ne (en option) et se vide gr\u00e2ce \u00e0 un rev\u00eatement amovible pour les tourn\u00e9es de routine.<\/p>","protected":false},"featured_media":186,"template":"","meta":{"_gspb_post_css":""},"product_brand":[],"product_cat":[37],"product_tag":[],"class_list":{"0":"post-184","1":"product","2":"type-product","3":"status-publish","4":"has-post-thumbnail","6":"product_cat-ashtrays-smoking-stations","8":"first","9":"instock","10":"shipping-taxable","11":"purchasable","12":"product-type-simple"},"_links":{"self":[{"href":"https:\/\/facilityprojectsolutions.com\/fr\/wp-json\/wp\/v2\/product\/184","targetHints":{"allow":["GET"]}}],"collection":[{"href":"https:\/\/facilityprojectsolutions.com\/fr\/wp-json\/wp\/v2\/product"}],"about":[{"href":"https:\/\/facilityprojectsolutions.com\/fr\/wp-json\/wp\/v2\/types\/product"}],"wp:featuredmedia":[{"embeddable":true,"href":"https:\/\/facilityprojectsolutions.com\/fr\/wp-json\/wp\/v2\/media\/186"}],"wp:attachment":[{"href":"https:\/\/facilityprojectsolutions.com\/fr\/wp-json\/wp\/v2\/media?parent=184"}],"wp:term":[{"taxonomy":"product_brand","embeddable":true,"href":"https:\/\/facilityprojectsolutions.com\/fr\/wp-json\/wp\/v2\/product_brand?post=184"},{"taxonomy":"product_cat","embeddable":true,"href":"https:\/\/facilityprojectsolutions.com\/fr\/wp-json\/wp\/v2\/product_cat?post=184"},{"taxonomy":"product_tag","embeddable":true,"href":"https:\/\/facilityprojectsolutions.com\/fr\/wp-json\/wp\/v2\/product_tag?post=184"}],"curies":[{"name":"wp","href":"https:\/\/api.w.org\/{rel}","templated":true}]}}