{"id":189,"date":"2026-02-13T03:58:54","date_gmt":"2026-02-13T03:58:54","guid":{"rendered":"https:\/\/facilityprojectsolutions.com\/?post_type=product&#038;p=189"},"modified":"2026-02-13T03:58:54","modified_gmt":"2026-02-13T03:58:54","slug":"fireproof-indoor-waste-bin-with-ashtray-top","status":"publish","type":"product","link":"https:\/\/facilityprojectsolutions.com\/fr\/fireproof-indoor-waste-bin-with-ashtray-top\/","title":{"rendered":"Poubelle d'int\u00e9rieur ignifug\u00e9e avec dessus de cendrier"},"content":{"rendered":"<p data-start=\"0\" data-end=\"639\">Con\u00e7ue pour les int\u00e9rieurs des \u00e9tablissements o\u00f9 il est permis de fumer, cette poubelle d'int\u00e9rieur ignifug\u00e9e int\u00e8gre un cendrier pour capturer les cendres et les m\u00e9gots avant qu'ils n'atteignent le rev\u00eatement principal. Le couvercle de type \u00e9teignoir encourage les clients \u00e0 \u00e9teindre leurs cigarettes dans une zone contr\u00f4l\u00e9e, ce qui aide le personnel \u00e0 prot\u00e9ger les tapis et les finitions tout en conservant l'aspect soign\u00e9 des espaces publics. Une construction ax\u00e9e sur la s\u00e9curit\u00e9 incendie - souvent associ\u00e9e \u00e0 un concept d'auto-extinction optionnel qui limite l'oxyg\u00e8ne autour des braises - ajoute une autre couche d'assurance pour les halls, les couloirs, les salons fumeurs et les zones r\u00e9serv\u00e9es au personnel.<\/p>\n<p data-start=\"641\" data-end=\"1193\">Les d\u00e9tails d'utilisation restent simples : soulevez la partie cendrier pour la vider rapidement, nettoyez les surfaces lisses et rafra\u00eechissez le rev\u00eatement sans souci. Un rebord discret permet de garder le rev\u00eatement propre et l'ouverture bien rang\u00e9e, r\u00e9duisant ainsi l'encombrement visuel pour les clients. Sans p\u00e9dale ni porte battante, l'\u00e9limination reste silencieuse, ce qui est id\u00e9al pour les \u00e9tages r\u00e9serv\u00e9s aux clients et les espaces de r\u00e9union o\u00f9 les interruptions sont importantes. L'\u00e9limination des cigarettes permet \u00e9galement de garder les m\u00e9gots \u00e0 l'abri des regards et de favoriser un environnement plus propre et plus accueillant pour les clients.<\/p>","protected":false},"excerpt":{"rendered":"<p>Un r\u00e9ceptacle int\u00e9rieur raffin\u00e9 pour les h\u00f4tels, associant un cendrier sur le dessus et une poubelle en dessous. Il favorise l'\u00e9limination responsable des cigarettes, aide \u00e0 garder les sols propres et se nettoie rapidement pour permettre aux clients de vivre une exp\u00e9rience ininterrompue.<\/p>","protected":false},"featured_media":196,"template":"","meta":{"_gspb_post_css":""},"product_brand":[],"product_cat":[25,21],"product_tag":[],"class_list":{"0":"post-189","1":"product","2":"type-product","3":"status-publish","4":"has-post-thumbnail","6":"product_cat-fireproof-waste-bins","7":"product_cat-indoor-trash-bins","9":"first","10":"instock","11":"shipping-taxable","12":"purchasable","13":"product-type-simple"},"_links":{"self":[{"href":"https:\/\/facilityprojectsolutions.com\/fr\/wp-json\/wp\/v2\/product\/189","targetHints":{"allow":["GET"]}}],"collection":[{"href":"https:\/\/facilityprojectsolutions.com\/fr\/wp-json\/wp\/v2\/product"}],"about":[{"href":"https:\/\/facilityprojectsolutions.com\/fr\/wp-json\/wp\/v2\/types\/product"}],"wp:featuredmedia":[{"embeddable":true,"href":"https:\/\/facilityprojectsolutions.com\/fr\/wp-json\/wp\/v2\/media\/196"}],"wp:attachment":[{"href":"https:\/\/facilityprojectsolutions.com\/fr\/wp-json\/wp\/v2\/media?parent=189"}],"wp:term":[{"taxonomy":"product_brand","embeddable":true,"href":"https:\/\/facilityprojectsolutions.com\/fr\/wp-json\/wp\/v2\/product_brand?post=189"},{"taxonomy":"product_cat","embeddable":true,"href":"https:\/\/facilityprojectsolutions.com\/fr\/wp-json\/wp\/v2\/product_cat?post=189"},{"taxonomy":"product_tag","embeddable":true,"href":"https:\/\/facilityprojectsolutions.com\/fr\/wp-json\/wp\/v2\/product_tag?post=189"}],"curies":[{"name":"wp","href":"https:\/\/api.w.org\/{rel}","templated":true}]}}