{"id":190,"date":"2026-02-13T04:07:59","date_gmt":"2026-02-13T04:07:59","guid":{"rendered":"https:\/\/facilityprojectsolutions.com\/?post_type=product&#038;p=190"},"modified":"2026-02-13T04:07:59","modified_gmt":"2026-02-13T04:07:59","slug":"metal-fire-safe-trash-can-for-public-areas","status":"publish","type":"product","link":"https:\/\/facilityprojectsolutions.com\/fr\/metal-fire-safe-trash-can-for-public-areas\/","title":{"rendered":"Poubelle m\u00e9tallique anti-incendie pour les lieux publics"},"content":{"rendered":"<p data-start=\"0\" data-end=\"384\">Dans les halls d'entr\u00e9e des h\u00f4tels, les couloirs et les espaces de r\u00e9union, les poubelles doivent avoir un aspect raffin\u00e9 tout en contribuant \u00e0 un environnement plus s\u00fbr. Cette poubelle m\u00e9tallique ignifug\u00e9e est con\u00e7ue pour les espaces publics o\u00f9 la durabilit\u00e9 et l'efficacit\u00e9 de l'entretien sont importantes. Le corps enti\u00e8rement m\u00e9tallique est con\u00e7u pour les nettoyages fr\u00e9quents et le trafic quotidien, avec un profil propre et neutre qui s'int\u00e8gre dans les int\u00e9rieurs haut de gamme.<\/p>\n<p data-start=\"386\" data-end=\"1070\">Con\u00e7ue dans un souci de s\u00e9curit\u00e9 incendie, la construction est destin\u00e9e \u00e0 limiter l'exposition aux flammes ; un concept d'auto-extinction peut \u00eatre sp\u00e9cifi\u00e9 en option pour s'adapter \u00e0 votre approche de la gestion des risques. L'ouverture par le haut rend l'\u00e9limination intuitive pour les clients et le personnel, tout en aidant \u00e0 contenir les d\u00e9chets visibles. Sans m\u00e9canisme de couvercle complexe \u00e0 entretenir, elle r\u00e9duit le bruit et simplifie les contr\u00f4les quotidiens. L'int\u00e9rieur d\u00e9gag\u00e9 permet de changer rapidement de sac, ce qui r\u00e9duit le temps consacr\u00e9 \u00e0 l'entretien des zones \u00e0 forte fr\u00e9quentation comme les ascenseurs, la r\u00e9ception et les couloirs de bureaux. Les bords lisses et l'int\u00e9rieur facile \u00e0 nettoyer garantissent le respect des normes d'hygi\u00e8ne, et la base stable permet \u00e0 la poubelle de rester en place pendant les p\u00e9riodes d'affluence.<\/p>","protected":false},"excerpt":{"rendered":"<p>Poubelle en m\u00e9tal pour les zones publiques des h\u00f4tels, ax\u00e9e sur la s\u00e9curit\u00e9 incendie. Le design neutre convient aux halls d'entr\u00e9e et aux couloirs, avec une ouverture pratique sur le dessus, des surfaces nettoyables par essuyage et un int\u00e9rieur d\u00e9gag\u00e9 qui acc\u00e9l\u00e8re les changements de sacs et l'entretien quotidien.<\/p>","protected":false},"featured_media":201,"template":"","meta":{"_gspb_post_css":""},"product_brand":[],"product_cat":[25,21],"product_tag":[],"class_list":{"0":"post-190","1":"product","2":"type-product","3":"status-publish","4":"has-post-thumbnail","6":"product_cat-fireproof-waste-bins","7":"product_cat-indoor-trash-bins","9":"first","10":"instock","11":"shipping-taxable","12":"purchasable","13":"product-type-simple"},"_links":{"self":[{"href":"https:\/\/facilityprojectsolutions.com\/fr\/wp-json\/wp\/v2\/product\/190","targetHints":{"allow":["GET"]}}],"collection":[{"href":"https:\/\/facilityprojectsolutions.com\/fr\/wp-json\/wp\/v2\/product"}],"about":[{"href":"https:\/\/facilityprojectsolutions.com\/fr\/wp-json\/wp\/v2\/types\/product"}],"wp:featuredmedia":[{"embeddable":true,"href":"https:\/\/facilityprojectsolutions.com\/fr\/wp-json\/wp\/v2\/media\/201"}],"wp:attachment":[{"href":"https:\/\/facilityprojectsolutions.com\/fr\/wp-json\/wp\/v2\/media?parent=190"}],"wp:term":[{"taxonomy":"product_brand","embeddable":true,"href":"https:\/\/facilityprojectsolutions.com\/fr\/wp-json\/wp\/v2\/product_brand?post=190"},{"taxonomy":"product_cat","embeddable":true,"href":"https:\/\/facilityprojectsolutions.com\/fr\/wp-json\/wp\/v2\/product_cat?post=190"},{"taxonomy":"product_tag","embeddable":true,"href":"https:\/\/facilityprojectsolutions.com\/fr\/wp-json\/wp\/v2\/product_tag?post=190"}],"curies":[{"name":"wp","href":"https:\/\/api.w.org\/{rel}","templated":true}]}}