{"id":191,"date":"2026-02-13T04:26:40","date_gmt":"2026-02-13T04:26:40","guid":{"rendered":"https:\/\/facilityprojectsolutions.com\/?post_type=product&#038;p=191"},"modified":"2026-02-13T04:26:41","modified_gmt":"2026-02-13T04:26:41","slug":"self-extinguishing-waste-bin-for-hotels","status":"publish","type":"product","link":"https:\/\/facilityprojectsolutions.com\/fr\/self-extinguishing-waste-bin-for-hotels\/","title":{"rendered":"Poubelle auto-extinguible pour h\u00f4tels"},"content":{"rendered":"<p>Dans les chambres d'h\u00f4tes, les poubelles doivent se fondre dans le d\u00e9cor tout en favorisant des pratiques prudentes en mati\u00e8re de s\u00e9curit\u00e9 incendie. Cette poubelle auto-extinguible destin\u00e9e aux h\u00f4tels utilise un concept de couvercle limitant l'oxyg\u00e8ne, con\u00e7u pour \u00e9touffer une petite source d'inflammation \u00e0 l'int\u00e9rieur du r\u00e9ceptacle, plut\u00f4t que de la laisser se d\u00e9velopper. <br data-start=\"351\" data-end=\"354\" \/>Con\u00e7u pour l'entretien quotidien, il est facile \u00e0 nettoyer et \u00e0 installer pour un changement de sac rapide. Un seau int\u00e9rieur optionnel et un rebord retenant le sac permettent de cacher le bord du sac pour un aspect plus propre et simplifient le vidage sans d\u00e9sordre. La forme peu encombrante se range \u00e0 c\u00f4t\u00e9 d'une coiffeuse, d'un minibar ou d'un bureau, lib\u00e9rant ainsi les passages pour les invit\u00e9s et les chariots.<br data-start=\"680\" data-end=\"683\" \/>Pour les couloirs, les salons et les zones de r\u00e9union, le m\u00eame profil discret permet de maintenir un espace public ordonn\u00e9 : les clients peuvent d\u00e9poser leurs d\u00e9chets rapidement par l'ouverture sup\u00e9rieure, tandis que l'int\u00e9rieur dissimul\u00e9 r\u00e9duit l'encombrement visuel. Choisissez des finitions qui s'harmonisent avec la palette de votre chambre et les normes de votre marque, et standardisez un seul style de poubelle dans tout l'\u00e9tablissement pour une exp\u00e9rience coh\u00e9rente et soign\u00e9e.<\/p>","protected":false},"excerpt":{"rendered":"<p data-start=\"1102\" data-end=\"1332\">Poubelle pr\u00eate pour l'h\u00f4tellerie avec un concept sup\u00e9rieur limitant l'oxyg\u00e8ne et auto-extinguible. Le seau int\u00e9rieur et le bord de la doublure, disponibles en option, cachent les bords du sac, acc\u00e9l\u00e8rent le m\u00e9nage et permettent aux chambres d'h\u00f4tes, aux couloirs et aux halls d'entr\u00e9e de conserver un aspect impeccable.<\/p>","protected":false},"featured_media":206,"template":"","meta":{"_gspb_post_css":""},"product_brand":[],"product_cat":[25,21],"product_tag":[],"class_list":{"0":"post-191","1":"product","2":"type-product","3":"status-publish","4":"has-post-thumbnail","6":"product_cat-fireproof-waste-bins","7":"product_cat-indoor-trash-bins","9":"first","10":"instock","11":"shipping-taxable","12":"purchasable","13":"product-type-simple"},"_links":{"self":[{"href":"https:\/\/facilityprojectsolutions.com\/fr\/wp-json\/wp\/v2\/product\/191","targetHints":{"allow":["GET"]}}],"collection":[{"href":"https:\/\/facilityprojectsolutions.com\/fr\/wp-json\/wp\/v2\/product"}],"about":[{"href":"https:\/\/facilityprojectsolutions.com\/fr\/wp-json\/wp\/v2\/types\/product"}],"wp:featuredmedia":[{"embeddable":true,"href":"https:\/\/facilityprojectsolutions.com\/fr\/wp-json\/wp\/v2\/media\/206"}],"wp:attachment":[{"href":"https:\/\/facilityprojectsolutions.com\/fr\/wp-json\/wp\/v2\/media?parent=191"}],"wp:term":[{"taxonomy":"product_brand","embeddable":true,"href":"https:\/\/facilityprojectsolutions.com\/fr\/wp-json\/wp\/v2\/product_brand?post=191"},{"taxonomy":"product_cat","embeddable":true,"href":"https:\/\/facilityprojectsolutions.com\/fr\/wp-json\/wp\/v2\/product_cat?post=191"},{"taxonomy":"product_tag","embeddable":true,"href":"https:\/\/facilityprojectsolutions.com\/fr\/wp-json\/wp\/v2\/product_tag?post=191"}],"curies":[{"name":"wp","href":"https:\/\/api.w.org\/{rel}","templated":true}]}}