{"id":207,"date":"2026-02-13T05:22:55","date_gmt":"2026-02-13T05:22:55","guid":{"rendered":"https:\/\/facilityprojectsolutions.com\/?post_type=product&#038;p=207"},"modified":"2026-02-13T05:22:55","modified_gmt":"2026-02-13T05:22:55","slug":"hotel-room-waste-bin-with-stainless-rim","status":"publish","type":"product","link":"https:\/\/facilityprojectsolutions.com\/fr\/hotel-room-waste-bin-with-stainless-rim\/","title":{"rendered":"Poubelle pour chambre d'h\u00f4tel avec bord en acier inoxydable"},"content":{"rendered":"<p data-start=\"0\" data-end=\"321\">Con\u00e7ue pour les chambres d'h\u00f4tes o\u00f9 chaque d\u00e9tail compte, cette poubelle associe une silhouette \u00e9pur\u00e9e \u00e0 un bord en acier inoxydable qui ajoute une touche subtile de qualit\u00e9 sup\u00e9rieure. Le rebord permet de fixer le sac et de garder les bords du sac hors de vue, de sorte que la poubelle reste bien rang\u00e9e, m\u00eame entre les tourn\u00e9es de service.<\/p>\n<p data-start=\"323\" data-end=\"543\">Comme la doublure est bien maintenue en haut, les pr\u00e9pos\u00e9s peuvent changer les sacs rapidement avec un minimum de contact et moins de r\u00e9ajustements, ce qui permet de garder l'ext\u00e9rieur de la cabine propre.<\/p>\n<p data-start=\"545\" data-end=\"896\">Les \u00e9quipes de m\u00e9nage appr\u00e9cieront la rapidit\u00e9 des rotations et la simplicit\u00e9 de l'entretien, tandis que les clients profiteront d'une pi\u00e8ce discr\u00e8te et \u00e9pur\u00e9e qui s'int\u00e8gre aussi bien dans un style moderne que classique. Pour l'entretien quotidien, les surfaces lisses et les garnitures en acier inoxydable facilitent l'essuyage et permettent \u00e0 la corbeille de rester pr\u00eate \u00e0 \u00eatre pr\u00e9sent\u00e9e.<\/p>\n<p data-start=\"898\" data-end=\"1052\">A utiliser avec les sacs poubelles courants du secteur de l'h\u00f4tellerie et de la restauration afin de standardiser les stocks de l'arri\u00e8re-boutique pour tous les types de chambres et toutes les marques.<\/p>\n<p data-start=\"1054\" data-end=\"1204\">Id\u00e9al pour les chambres \u00e0 coucher, les suites et les espaces de toilette, il permet de respecter les normes de la marque sans ajouter de bruit ou d'encombrement visuel \u00e0 l'exp\u00e9rience de la chambre.<\/p>","protected":false},"excerpt":{"rendered":"<p>Poubelle pr\u00eate \u00e0 l'emploi pour les chambres d'h\u00f4tel, avec un bord en acier inoxydable qui permet de dissimuler et de fixer les sacs pour un aspect soign\u00e9. Con\u00e7ue pour des tours de m\u00e9nage rapides, des nettoyages faciles et un placement discret et silencieux dans les chambres d'h\u00f4tel.<\/p>","protected":false},"featured_media":221,"template":"","meta":{"_gspb_post_css":""},"product_brand":[],"product_cat":[22,21],"product_tag":[],"class_list":{"0":"post-207","1":"product","2":"type-product","3":"status-publish","4":"has-post-thumbnail","6":"product_cat-hotel-room-bins","7":"product_cat-indoor-trash-bins","9":"first","10":"instock","11":"shipping-taxable","12":"purchasable","13":"product-type-simple"},"_links":{"self":[{"href":"https:\/\/facilityprojectsolutions.com\/fr\/wp-json\/wp\/v2\/product\/207","targetHints":{"allow":["GET"]}}],"collection":[{"href":"https:\/\/facilityprojectsolutions.com\/fr\/wp-json\/wp\/v2\/product"}],"about":[{"href":"https:\/\/facilityprojectsolutions.com\/fr\/wp-json\/wp\/v2\/types\/product"}],"wp:featuredmedia":[{"embeddable":true,"href":"https:\/\/facilityprojectsolutions.com\/fr\/wp-json\/wp\/v2\/media\/221"}],"wp:attachment":[{"href":"https:\/\/facilityprojectsolutions.com\/fr\/wp-json\/wp\/v2\/media?parent=207"}],"wp:term":[{"taxonomy":"product_brand","embeddable":true,"href":"https:\/\/facilityprojectsolutions.com\/fr\/wp-json\/wp\/v2\/product_brand?post=207"},{"taxonomy":"product_cat","embeddable":true,"href":"https:\/\/facilityprojectsolutions.com\/fr\/wp-json\/wp\/v2\/product_cat?post=207"},{"taxonomy":"product_tag","embeddable":true,"href":"https:\/\/facilityprojectsolutions.com\/fr\/wp-json\/wp\/v2\/product_tag?post=207"}],"curies":[{"name":"wp","href":"https:\/\/api.w.org\/{rel}","templated":true}]}}