{"id":222,"date":"2026-02-13T05:52:21","date_gmt":"2026-02-13T05:52:21","guid":{"rendered":"https:\/\/facilityprojectsolutions.com\/?post_type=product&#038;p=222"},"modified":"2026-02-13T05:52:22","modified_gmt":"2026-02-13T05:52:22","slug":"pedal-bin-for-hotel-bathrooms-in-stainless-steel","status":"publish","type":"product","link":"https:\/\/facilityprojectsolutions.com\/fr\/pedal-bin-for-hotel-bathrooms-in-stainless-steel\/","title":{"rendered":"Poubelle \u00e0 p\u00e9dale pour salles de bains d'h\u00f4tels en acier inoxydable"},"content":{"rendered":"<p data-start=\"0\" data-end=\"1314\">Con\u00e7ue pour les salles de bains d'invit\u00e9s o\u00f9 chaque d\u00e9tail est remarqu\u00e9, cette poubelle \u00e0 p\u00e9dale en acier inoxydable permet une manipulation discr\u00e8te, hygi\u00e9nique et silencieuse des d\u00e9chets. La p\u00e9dale mains libres permet d'effectuer des op\u00e9rations propres pendant les p\u00e9riodes de pointe, tandis que le corps m\u00e9tallique \u00e9l\u00e9gant s'int\u00e8gre facilement dans les am\u00e9nagements modernes, classiques ou minimalistes. \u00c0 l'int\u00e9rieur, un seau int\u00e9rieur amovible se soul\u00e8ve pour permettre une vidange et un rin\u00e7age rapides, aidant ainsi le personnel d'entretien \u00e0 r\u00e9am\u00e9nager l'espace de mani\u00e8re efficace. Un anneau de pression\/joint de retenue des sacs permet de dissimuler les bords du sac pour que la poubelle soit impeccable m\u00eame entre deux services - pas de sacs expos\u00e9s dans le champ de vision de vos invit\u00e9s. Pour pr\u00e9server le calme de la pi\u00e8ce, le couvercle est con\u00e7u pour une fermeture douce et contr\u00f4l\u00e9e afin de r\u00e9duire les bruits lors d'une utilisation tard dans la nuit ou t\u00f4t le matin. Sa silhouette peu encombrante s'adapte parfaitement au meuble-lavabo ou aux toilettes, sans g\u00eaner la circulation. Les bords arrondis et la surface en inox nettoyable \u00e0 l'eau simplifient l'entretien quotidien et favorisent l'application de normes de marque coh\u00e9rentes dans plusieurs types de pi\u00e8ces. Id\u00e9al pour les salles de bains des invit\u00e9s et les espaces de toilette o\u00f9 la propret\u00e9, l'esth\u00e9tique et le faible niveau sonore sont aussi importants que la durabilit\u00e9.<\/p>","protected":false},"excerpt":{"rendered":"<p data-start=\"1316\" data-end=\"1600\">Poubelle \u00e0 p\u00e9dale en acier inoxydable con\u00e7ue pour les salles de bains d'h\u00f4tel, alliant hygi\u00e8ne mains libres et esth\u00e9tique soign\u00e9e. Le seau int\u00e9rieur amovible et le rebord \u00e0 fermeture herm\u00e9tique dissimulent les bords du sac, tandis que le couvercle \u00e0 fermeture silencieuse assure le confort des clients.<\/p>","protected":false},"featured_media":235,"template":"","meta":{"_gspb_post_css":""},"product_brand":[],"product_cat":[22,21],"product_tag":[],"class_list":{"0":"post-222","1":"product","2":"type-product","3":"status-publish","4":"has-post-thumbnail","6":"product_cat-hotel-room-bins","7":"product_cat-indoor-trash-bins","9":"first","10":"instock","11":"shipping-taxable","12":"purchasable","13":"product-type-simple"},"_links":{"self":[{"href":"https:\/\/facilityprojectsolutions.com\/fr\/wp-json\/wp\/v2\/product\/222","targetHints":{"allow":["GET"]}}],"collection":[{"href":"https:\/\/facilityprojectsolutions.com\/fr\/wp-json\/wp\/v2\/product"}],"about":[{"href":"https:\/\/facilityprojectsolutions.com\/fr\/wp-json\/wp\/v2\/types\/product"}],"wp:featuredmedia":[{"embeddable":true,"href":"https:\/\/facilityprojectsolutions.com\/fr\/wp-json\/wp\/v2\/media\/235"}],"wp:attachment":[{"href":"https:\/\/facilityprojectsolutions.com\/fr\/wp-json\/wp\/v2\/media?parent=222"}],"wp:term":[{"taxonomy":"product_brand","embeddable":true,"href":"https:\/\/facilityprojectsolutions.com\/fr\/wp-json\/wp\/v2\/product_brand?post=222"},{"taxonomy":"product_cat","embeddable":true,"href":"https:\/\/facilityprojectsolutions.com\/fr\/wp-json\/wp\/v2\/product_cat?post=222"},{"taxonomy":"product_tag","embeddable":true,"href":"https:\/\/facilityprojectsolutions.com\/fr\/wp-json\/wp\/v2\/product_tag?post=222"}],"curies":[{"name":"wp","href":"https:\/\/api.w.org\/{rel}","templated":true}]}}