{"id":227,"date":"2026-02-13T06:04:31","date_gmt":"2026-02-13T06:04:31","guid":{"rendered":"https:\/\/facilityprojectsolutions.com\/?post_type=product&#038;p=227"},"modified":"2026-02-13T06:04:31","modified_gmt":"2026-02-13T06:04:31","slug":"cylindrical-hotel-trash-bin-for-guest-rooms","status":"publish","type":"product","link":"https:\/\/facilityprojectsolutions.com\/fr\/cylindrical-hotel-trash-bin-for-guest-rooms\/","title":{"rendered":"Poubelle cylindrique pour chambres d'h\u00f4tel"},"content":{"rendered":"<p data-start=\"0\" data-end=\"428\">Con\u00e7ue pour s'adapter au rythme quotidien des chambres d'h\u00f4tel, cette poubelle cylindrique se fond dans le d\u00e9cor plut\u00f4t que de se d\u00e9marquer. Sa silhouette ronde et \u00e9pur\u00e9e peut \u00eatre plac\u00e9e \u00e0 c\u00f4t\u00e9 des vanit\u00e9s, sous les bureaux ou pr\u00e8s des minibars, ce qui permet de conserver une esth\u00e9tique coh\u00e9rente dans tous les types de chambres. Les accessoires pour chambres d'h\u00f4tes sont souvent choisis pour compl\u00e9ter le d\u00e9cor de la chambre ; une poubelle cylindrique discr\u00e8te contribue \u00e0 cet objectif.<\/p>\n<p data-start=\"430\" data-end=\"925\">Pour une pr\u00e9sentation plus ordonn\u00e9e, la poubelle peut \u00eatre configur\u00e9e avec une doublure cach\u00e9e, comme un rebord retenant la doublure ou un seau int\u00e9rieur amovible, de sorte que le sac reste hors de vue et puisse \u00eatre \u00e9chang\u00e9 rapidement pendant le service. Les fournisseurs du secteur de l'h\u00f4tellerie et de la restauration mettent souvent en avant la pr\u00e9sentation \u201csac cach\u00e9\u201d comme une touche de finition haut de gamme. Les concepts de bordures de sacs sont \u00e9galement utilis\u00e9s dans les conceptions commerciales pour maintenir et cacher les sacs tout en permettant des changements plus rapides.<\/p>\n<p data-start=\"927\" data-end=\"1299\">Les surfaces lisses et faciles \u00e0 essuyer permettent des rotations rapides, refl\u00e9tant l'approche sans couture et facile \u00e0 nettoyer que l'on trouve dans les poubelles commerciales. Sans couvercle qui s'entrechoque, la poubelle contribue \u00e0 rendre plus silencieuses les utilisations nocturnes et les nettoyages matinaux. Pratique et essentielle pour les clients, cette poubelle permet aux chambres d'\u00eatre impeccables sans ralentir l'\u00e9quipe de nettoyage.<\/p>","protected":false},"excerpt":{"rendered":"<p data-start=\"1301\" data-end=\"1532\">Poubelle \u00e0 profil rond con\u00e7ue pour les chambres d'h\u00f4tel. Le seau int\u00e9rieur optionnel ou le rebord retenant les sacs permet de les dissimuler pour un aspect plus propre, tandis que les surfaces lisses s'essuient rapidement pour un entretien m\u00e9nager silencieux et efficace.<\/p>","protected":false},"featured_media":236,"template":"","meta":{"_gspb_post_css":""},"product_brand":[],"product_cat":[22,21],"product_tag":[],"class_list":{"0":"post-227","1":"product","2":"type-product","3":"status-publish","4":"has-post-thumbnail","6":"product_cat-hotel-room-bins","7":"product_cat-indoor-trash-bins","9":"first","10":"instock","11":"shipping-taxable","12":"purchasable","13":"product-type-simple"},"_links":{"self":[{"href":"https:\/\/facilityprojectsolutions.com\/fr\/wp-json\/wp\/v2\/product\/227","targetHints":{"allow":["GET"]}}],"collection":[{"href":"https:\/\/facilityprojectsolutions.com\/fr\/wp-json\/wp\/v2\/product"}],"about":[{"href":"https:\/\/facilityprojectsolutions.com\/fr\/wp-json\/wp\/v2\/types\/product"}],"wp:featuredmedia":[{"embeddable":true,"href":"https:\/\/facilityprojectsolutions.com\/fr\/wp-json\/wp\/v2\/media\/236"}],"wp:attachment":[{"href":"https:\/\/facilityprojectsolutions.com\/fr\/wp-json\/wp\/v2\/media?parent=227"}],"wp:term":[{"taxonomy":"product_brand","embeddable":true,"href":"https:\/\/facilityprojectsolutions.com\/fr\/wp-json\/wp\/v2\/product_brand?post=227"},{"taxonomy":"product_cat","embeddable":true,"href":"https:\/\/facilityprojectsolutions.com\/fr\/wp-json\/wp\/v2\/product_cat?post=227"},{"taxonomy":"product_tag","embeddable":true,"href":"https:\/\/facilityprojectsolutions.com\/fr\/wp-json\/wp\/v2\/product_tag?post=227"}],"curies":[{"name":"wp","href":"https:\/\/api.w.org\/{rel}","templated":true}]}}