{"id":241,"date":"2026-02-13T06:34:50","date_gmt":"2026-02-13T06:34:50","guid":{"rendered":"https:\/\/facilityprojectsolutions.com\/?post_type=product&#038;p=241"},"modified":"2026-02-13T06:34:50","modified_gmt":"2026-02-13T06:34:50","slug":"stainless-steel-lobby-litter-bin","status":"publish","type":"product","link":"https:\/\/facilityprojectsolutions.com\/fr\/stainless-steel-lobby-litter-bin\/","title":{"rendered":"Corbeille de vestibule en acier inoxydable"},"content":{"rendered":"<p data-start=\"0\" data-end=\"364\">Con\u00e7ue pour les halls d'entr\u00e9e des h\u00f4tels tr\u00e8s fr\u00e9quent\u00e9s, cette poubelle en acier inoxydable permet \u00e0 vos espaces publics de rester impeccables de l'enregistrement jusqu'\u00e0 la fin de la soir\u00e9e. L'ext\u00e9rieur m\u00e9tallique \u00e9pur\u00e9 s'adapte naturellement \u00e0 un large \u00e9ventail de d\u00e9cors int\u00e9rieurs, renfor\u00e7ant l'impression de \u201cpropret\u00e9 et d'ordre\u201d que les clients associent aux \u00e9tablissements bien g\u00e9r\u00e9s.<\/p>\n<p data-start=\"366\" data-end=\"757\">L'ouverture du couvercle favorise une \u00e9limination rapide et intuitive, id\u00e9ale pour les entr\u00e9es, les ascenseurs et les foyers de r\u00e9union, tout en contribuant \u00e0 r\u00e9duire l'accumulation visible de d\u00e9tritus dans les zones partag\u00e9es. Pour les \u00e9quipes d'exploitation, la zone du sac est con\u00e7ue pour un acc\u00e8s facile, ce qui acc\u00e9l\u00e8re les changements de sacs lors des tourn\u00e9es de routine et permet de maintenir l'efficacit\u00e9 des flux de travail de l'entretien m\u00e9nager.<\/p>\n<p data-start=\"759\" data-end=\"1185\">L'acier inoxydable est appr\u00e9ci\u00e9 dans les environnements ax\u00e9s sur l'hygi\u00e8ne car il est lisse et facile \u00e0 nettoyer. Sa r\u00e9sistance \u00e0 la corrosion permet \u00e9galement des nettoyages fr\u00e9quents et un assainissement r\u00e9gulier sans n\u00e9cessiter d'entretien compliqu\u00e9. Utilisez-le comme unit\u00e9 autonome ou avec des stations de d\u00e9chets\/recyclage coordonn\u00e9es pour renforcer l'aspect coh\u00e9rent et pr\u00eat \u00e0 l'emploi du hall d'entr\u00e9e qui prot\u00e8ge la premi\u00e8re impression de votre marque.<\/p>","protected":false},"excerpt":{"rendered":"<p>Une poubelle en acier inoxydable pr\u00eate \u00e0 l'emploi pour les h\u00f4tels, con\u00e7ue pour un usage intensif avec un couvercle ouvert, un nettoyage facile par essuyage et un acc\u00e8s facile au sac pour acc\u00e9l\u00e9rer le changement de sac.<\/p>","protected":false},"featured_media":250,"template":"","meta":{"_gspb_post_css":""},"product_brand":[],"product_cat":[23,21],"product_tag":[],"class_list":{"0":"post-241","1":"product","2":"type-product","3":"status-publish","4":"has-post-thumbnail","6":"product_cat-lobby-trash-cans","7":"product_cat-indoor-trash-bins","9":"first","10":"instock","11":"shipping-taxable","12":"purchasable","13":"product-type-simple"},"_links":{"self":[{"href":"https:\/\/facilityprojectsolutions.com\/fr\/wp-json\/wp\/v2\/product\/241","targetHints":{"allow":["GET"]}}],"collection":[{"href":"https:\/\/facilityprojectsolutions.com\/fr\/wp-json\/wp\/v2\/product"}],"about":[{"href":"https:\/\/facilityprojectsolutions.com\/fr\/wp-json\/wp\/v2\/types\/product"}],"wp:featuredmedia":[{"embeddable":true,"href":"https:\/\/facilityprojectsolutions.com\/fr\/wp-json\/wp\/v2\/media\/250"}],"wp:attachment":[{"href":"https:\/\/facilityprojectsolutions.com\/fr\/wp-json\/wp\/v2\/media?parent=241"}],"wp:term":[{"taxonomy":"product_brand","embeddable":true,"href":"https:\/\/facilityprojectsolutions.com\/fr\/wp-json\/wp\/v2\/product_brand?post=241"},{"taxonomy":"product_cat","embeddable":true,"href":"https:\/\/facilityprojectsolutions.com\/fr\/wp-json\/wp\/v2\/product_cat?post=241"},{"taxonomy":"product_tag","embeddable":true,"href":"https:\/\/facilityprojectsolutions.com\/fr\/wp-json\/wp\/v2\/product_tag?post=241"}],"curies":[{"name":"wp","href":"https:\/\/api.w.org\/{rel}","templated":true}]}}