{"id":256,"date":"2026-02-13T06:53:29","date_gmt":"2026-02-13T06:53:29","guid":{"rendered":"https:\/\/facilityprojectsolutions.com\/?post_type=product&#038;p=256"},"modified":"2026-02-13T06:53:29","modified_gmt":"2026-02-13T06:53:29","slug":"decorative-hotel-lobby-waste-bin","status":"publish","type":"product","link":"https:\/\/facilityprojectsolutions.com\/fr\/decorative-hotel-lobby-waste-bin\/","title":{"rendered":"Poubelle d\u00e9corative pour hall d'h\u00f4tel"},"content":{"rendered":"<p data-start=\"0\" data-end=\"695\">La premi\u00e8re impression se fait dans le hall d'entr\u00e9e - cette poubelle d\u00e9corative permet de la garder impeccable. Con\u00e7ue pour les espaces publics int\u00e9rieurs tr\u00e8s fr\u00e9quent\u00e9s, elle offre une ouverture pratique sur le dessus pour que les clients puissent jeter les gobelets, les re\u00e7us et les emballages sur le pouce. Une approche discr\u00e8te de la gestion du sac (par exemple, un couvercle qui se soul\u00e8ve ou un rebord qui retient le sac, selon la configuration) permet de garder le bord du sac hors de vue pour une pr\u00e9sentation plus propre et des remises en place plus rapides pendant les heures de pointe. Au moment de l'entretien, le personnel peut retirer le sac, essuyer l'int\u00e9rieur et remettre le bac sur le sol en quelques minutes.<\/p>\n<p data-start=\"697\" data-end=\"1305\">Utilisez-le \u00e0 c\u00f4t\u00e9 de la r\u00e9ception, des ascenseurs, des zones de pr\u00e9-fonctionnement des r\u00e9unions ou des si\u00e8ges de salon pour r\u00e9duire les d\u00e9chets errants sans interrompre la conception de l'espace. La silhouette \u00e9pur\u00e9e s'int\u00e8gre aussi bien dans un d\u00e9cor contemporain que classique, tandis que la construction durable est adapt\u00e9e \u00e0 la circulation quotidienne des visiteurs. Des d\u00e9tails optionnels respectueux du sol, tels que des bases non marquantes ou des garnitures de protection, peuvent aider \u00e0 pr\u00e9server les finitions environnantes lorsque cela est n\u00e9cessaire. Pour les h\u00f4tels soucieux d'offrir un environnement propre et accueillant et de mettre en place des proc\u00e9dures d'entretien efficaces, cette corbeille constitue une solution professionnelle pour assurer la propret\u00e9 constante des espaces publics.<\/p>","protected":false},"excerpt":{"rendered":"<p>Une poubelle d'int\u00e9rieur d\u00e9corative pour les halls d'entr\u00e9e et les zones de r\u00e9ception des h\u00f4tels, avec une ouverture sup\u00e9rieure facile d'acc\u00e8s et un maniement discret du sac pour acc\u00e9l\u00e9rer le service de nettoyage et garder les espaces publics tr\u00e8s fr\u00e9quent\u00e9s en ordre.<\/p>","protected":false},"featured_media":259,"template":"","meta":{"_gspb_post_css":""},"product_brand":[],"product_cat":[23,21],"product_tag":[],"class_list":{"0":"post-256","1":"product","2":"type-product","3":"status-publish","4":"has-post-thumbnail","6":"product_cat-lobby-trash-cans","7":"product_cat-indoor-trash-bins","9":"first","10":"instock","11":"shipping-taxable","12":"purchasable","13":"product-type-simple"},"_links":{"self":[{"href":"https:\/\/facilityprojectsolutions.com\/fr\/wp-json\/wp\/v2\/product\/256","targetHints":{"allow":["GET"]}}],"collection":[{"href":"https:\/\/facilityprojectsolutions.com\/fr\/wp-json\/wp\/v2\/product"}],"about":[{"href":"https:\/\/facilityprojectsolutions.com\/fr\/wp-json\/wp\/v2\/types\/product"}],"wp:featuredmedia":[{"embeddable":true,"href":"https:\/\/facilityprojectsolutions.com\/fr\/wp-json\/wp\/v2\/media\/259"}],"wp:attachment":[{"href":"https:\/\/facilityprojectsolutions.com\/fr\/wp-json\/wp\/v2\/media?parent=256"}],"wp:term":[{"taxonomy":"product_brand","embeddable":true,"href":"https:\/\/facilityprojectsolutions.com\/fr\/wp-json\/wp\/v2\/product_brand?post=256"},{"taxonomy":"product_cat","embeddable":true,"href":"https:\/\/facilityprojectsolutions.com\/fr\/wp-json\/wp\/v2\/product_cat?post=256"},{"taxonomy":"product_tag","embeddable":true,"href":"https:\/\/facilityprojectsolutions.com\/fr\/wp-json\/wp\/v2\/product_tag?post=256"}],"curies":[{"name":"wp","href":"https:\/\/api.w.org\/{rel}","templated":true}]}}