{"id":257,"date":"2026-02-13T07:02:55","date_gmt":"2026-02-13T07:02:55","guid":{"rendered":"https:\/\/facilityprojectsolutions.com\/?post_type=product&#038;p=257"},"modified":"2026-02-13T07:02:55","modified_gmt":"2026-02-13T07:02:55","slug":"premium-lobby-waste-bin-with-wood-grain-panel","status":"publish","type":"product","link":"https:\/\/facilityprojectsolutions.com\/fr\/premium-lobby-waste-bin-with-wood-grain-panel\/","title":{"rendered":"Corbeille \u00e0 papier pour vestibule de qualit\u00e9 sup\u00e9rieure avec panneau en grain de bois"},"content":{"rendered":"<p data-start=\"0\" data-end=\"431\">Le traitement des d\u00e9chets \u00e0 l'entr\u00e9e de l'h\u00f4tel ne doit pas para\u00eetre superflu. Cette poubelle de hall d'entr\u00e9e haut de gamme associe un panneau au grain de bois chaud \u00e0 un profil architectural \u00e9pur\u00e9, ce qui permet \u00e0 la poubelle de se fondre dans les int\u00e9rieurs d'h\u00f4tels haut de gamme au lieu de les concurrencer. Con\u00e7ue pour les espaces publics o\u00f9 la pr\u00e9sentation est importante, elle offre un aspect discret qui met en valeur l'environnement g\u00e9n\u00e9ral.<\/p>\n<p data-start=\"433\" data-end=\"944\">Au quotidien, l'ouverture sup\u00e9rieure de la poubelle permet une utilisation intuitive pour les clients, de sorte que les zones de r\u00e9ception, les halls d'ascenseurs et les couloirs de pr\u00e9-fonctionnement restent ordonn\u00e9s. L'entretien est \u00e9galement rationalis\u00e9 : l'int\u00e9rieur est con\u00e7u pour permettre un changement rapide des sacs et un rangement soign\u00e9 des sacs, conform\u00e9ment aux conceptions commerciales courantes qui dissimulent la poubelle\/le sac tout en facilitant le retrait des sacs. C'est un choix naturel pour les tourn\u00e9es d'entretien et les \u00e9quipes de nettoyage sous contrat qui privil\u00e9gient la rapidit\u00e9 et la propret\u00e9.<\/p>\n<p data-start=\"946\" data-end=\"1226\">Avec ses surfaces durables et nettoyables \u00e0 l'aide d'un chiffon et sa finition design, il s'agit d'une am\u00e9lioration simple pour les propri\u00e9t\u00e9s qui veulent que la propret\u00e9 soit intentionnelle, qu'elle soit utilis\u00e9e comme une d\u00e9claration ind\u00e9pendante ou r\u00e9p\u00e9t\u00e9e dans les espaces partag\u00e9s pour un look coh\u00e9rent.<\/p>","protected":false},"excerpt":{"rendered":"<p>Poubelle de hall d'entr\u00e9e de premi\u00e8re qualit\u00e9 avec un panneau en grain de bois chaud, con\u00e7ue pour les zones publiques des h\u00f4tels. L'ouverture par le haut et la mise en place d'un sac discret et facile \u00e0 utiliser permettent de garder les halls et les couloirs propres avec un minimum d'efforts de la part du personnel.<\/p>","protected":false},"featured_media":265,"template":"","meta":{"_gspb_post_css":""},"product_brand":[],"product_cat":[23,21],"product_tag":[],"class_list":{"0":"post-257","1":"product","2":"type-product","3":"status-publish","4":"has-post-thumbnail","6":"product_cat-lobby-trash-cans","7":"product_cat-indoor-trash-bins","9":"first","10":"instock","11":"shipping-taxable","12":"purchasable","13":"product-type-simple"},"_links":{"self":[{"href":"https:\/\/facilityprojectsolutions.com\/fr\/wp-json\/wp\/v2\/product\/257","targetHints":{"allow":["GET"]}}],"collection":[{"href":"https:\/\/facilityprojectsolutions.com\/fr\/wp-json\/wp\/v2\/product"}],"about":[{"href":"https:\/\/facilityprojectsolutions.com\/fr\/wp-json\/wp\/v2\/types\/product"}],"wp:featuredmedia":[{"embeddable":true,"href":"https:\/\/facilityprojectsolutions.com\/fr\/wp-json\/wp\/v2\/media\/265"}],"wp:attachment":[{"href":"https:\/\/facilityprojectsolutions.com\/fr\/wp-json\/wp\/v2\/media?parent=257"}],"wp:term":[{"taxonomy":"product_brand","embeddable":true,"href":"https:\/\/facilityprojectsolutions.com\/fr\/wp-json\/wp\/v2\/product_brand?post=257"},{"taxonomy":"product_cat","embeddable":true,"href":"https:\/\/facilityprojectsolutions.com\/fr\/wp-json\/wp\/v2\/product_cat?post=257"},{"taxonomy":"product_tag","embeddable":true,"href":"https:\/\/facilityprojectsolutions.com\/fr\/wp-json\/wp\/v2\/product_tag?post=257"}],"curies":[{"name":"wp","href":"https:\/\/api.w.org\/{rel}","templated":true}]}}