{"id":258,"date":"2026-02-13T07:16:28","date_gmt":"2026-02-13T07:16:28","guid":{"rendered":"https:\/\/facilityprojectsolutions.com\/?post_type=product&#038;p=258"},"modified":"2026-02-13T07:16:28","modified_gmt":"2026-02-13T07:16:28","slug":"office-waste-bin-with-swing-lid","status":"publish","type":"product","link":"https:\/\/facilityprojectsolutions.com\/fr\/office-waste-bin-with-swing-lid\/","title":{"rendered":"Poubelle de bureau avec couvercle pivotant"},"content":{"rendered":"<p data-start=\"0\" data-end=\"491\">Cette poubelle \u00e0 couvercle pivotant, con\u00e7ue pour les int\u00e9rieurs d'h\u00f4tels tr\u00e8s fr\u00e9quent\u00e9s, permet de maintenir les zones en contact avec les clients dans un \u00e9tat de propret\u00e9 impeccable. Le couvercle permet de garder les d\u00e9chets hors de vue, r\u00e9duisant ainsi l'encombrement visuel dans les halls, les couloirs, les centres d'affaires et les bureaux du personnel, tout en permettant une \u00e9limination rapide d'une seule main. L'ext\u00e9rieur lisse et facile \u00e0 essuyer permet une rotation rapide pour le personnel d'entretien et les employ\u00e9s des zones publiques, et le couvercle pivotant peut \u00eatre soulev\u00e9 pour faciliter le changement de sac pendant les p\u00e9riodes d'affluence.<\/p>\n<p data-start=\"493\" data-end=\"871\">Pour une pr\u00e9sentation plus propre, les bords du sac peuvent \u00eatre rang\u00e9s sous le couvercle afin que le sac reste visuellement discret. Le couvercle bomb\u00e9 encourage \u00e9galement les clients \u00e0 d\u00e9poser leurs d\u00e9chets sans toucher le bord, ce qui favorise l'hygi\u00e8ne quotidienne dans les espaces partag\u00e9s. Placez-la dans les endroits tr\u00e8s fr\u00e9quent\u00e9s, pr\u00e8s des stations de caf\u00e9, des salles de r\u00e9union ou des paliers d'ascenseurs, pour que les espaces communs restent toujours bien rang\u00e9s.<\/p>\n<p data-start=\"873\" data-end=\"1144\">Avec sa silhouette \u00e9pur\u00e9e et discr\u00e8te, la poubelle s'int\u00e8gre dans les d\u00e9cors modernes et classiques au lieu de les concurrencer. Le simple mouvement de bascule du couvercle \u00e9vite le \u201cclaquement\u201d souvent associ\u00e9 aux p\u00e9dales, ce qui contribue \u00e0 maintenir une exp\u00e9rience calme pour les clients pendant que votre \u00e9quipe continue \u00e0 assurer le service.<\/p>","protected":false},"excerpt":{"rendered":"<p>Poubelle \u00e0 couvercle pivotant pour les halls d'entr\u00e9e des h\u00f4tels et les bureaux, permettant de garder les poubelles discr\u00e8tes et les espaces communs bien rang\u00e9s. Les surfaces lisses s'essuient rapidement, et le couvercle pivotant amovible simplifie le changement de sac lors des tourn\u00e9es quotidiennes.<\/p>","protected":false},"featured_media":270,"template":"","meta":{"_gspb_post_css":""},"product_brand":[],"product_cat":[24,21],"product_tag":[],"class_list":{"0":"post-258","1":"product","2":"type-product","3":"status-publish","4":"has-post-thumbnail","6":"product_cat-office-trash-bins","7":"product_cat-indoor-trash-bins","9":"first","10":"instock","11":"shipping-taxable","12":"purchasable","13":"product-type-simple"},"_links":{"self":[{"href":"https:\/\/facilityprojectsolutions.com\/fr\/wp-json\/wp\/v2\/product\/258","targetHints":{"allow":["GET"]}}],"collection":[{"href":"https:\/\/facilityprojectsolutions.com\/fr\/wp-json\/wp\/v2\/product"}],"about":[{"href":"https:\/\/facilityprojectsolutions.com\/fr\/wp-json\/wp\/v2\/types\/product"}],"wp:featuredmedia":[{"embeddable":true,"href":"https:\/\/facilityprojectsolutions.com\/fr\/wp-json\/wp\/v2\/media\/270"}],"wp:attachment":[{"href":"https:\/\/facilityprojectsolutions.com\/fr\/wp-json\/wp\/v2\/media?parent=258"}],"wp:term":[{"taxonomy":"product_brand","embeddable":true,"href":"https:\/\/facilityprojectsolutions.com\/fr\/wp-json\/wp\/v2\/product_brand?post=258"},{"taxonomy":"product_cat","embeddable":true,"href":"https:\/\/facilityprojectsolutions.com\/fr\/wp-json\/wp\/v2\/product_cat?post=258"},{"taxonomy":"product_tag","embeddable":true,"href":"https:\/\/facilityprojectsolutions.com\/fr\/wp-json\/wp\/v2\/product_tag?post=258"}],"curies":[{"name":"wp","href":"https:\/\/api.w.org\/{rel}","templated":true}]}}