{"id":271,"date":"2026-02-13T07:40:39","date_gmt":"2026-02-13T07:40:39","guid":{"rendered":"https:\/\/facilityprojectsolutions.com\/?post_type=product&#038;p=271"},"modified":"2026-02-13T07:40:39","modified_gmt":"2026-02-13T07:40:39","slug":"stainless-steel-office-trash-can","status":"publish","type":"product","link":"https:\/\/facilityprojectsolutions.com\/fr\/stainless-steel-office-trash-can\/","title":{"rendered":"Poubelle de bureau en acier inoxydable"},"content":{"rendered":"<p data-start=\"0\" data-end=\"419\">Donnez le ton d'un h\u00f4tel bien entretenu avec une poubelle de bureau en acier inoxydable dont l'aspect est aussi soign\u00e9 que l'espace qui l'entoure. Le corps m\u00e9tallique conf\u00e8re une pr\u00e9sence propre et moderne aux halls d'entr\u00e9e, couloirs, centres d'affaires et salles de r\u00e9union, autant d'endroits o\u00f9 les clients remarquent les d\u00e9tails. Une ouverture pratique sur le dessus permet de jeter rapidement les d\u00e9chets d'une seule main, ce qui aide le personnel et les visiteurs \u00e0 garder les zones publiques propres tout au long de la journ\u00e9e.<\/p>\n<p data-start=\"421\" data-end=\"1097\">Pour plus d'efficacit\u00e9, de nombreux mod\u00e8les commerciaux en acier inoxydable sont dot\u00e9s d'un couvercle qui se soul\u00e8ve et d'un seau int\u00e9rieur amovible, ou d'un rebord qui retient le sac et le rend facile \u00e0 remplacer. Les surfaces lisses en acier inoxydable s'essuient facilement en cas d'\u00e9claboussures ou d'empreintes digitales, et l'acier inoxydable est r\u00e9put\u00e9 pour sa durabilit\u00e9 et sa longue dur\u00e9e de vie. La finition neutre se marie naturellement avec les int\u00e9rieurs en pierre, en bois et en textile, de sorte que l'installation est intentionnelle \u00e0 c\u00f4t\u00e9 des ascenseurs, des bureaux d'accueil ou des stations de boissons. Choisissez-le pour les \u00e9tablissements qui recherchent un r\u00e9ceptacle fiable, facile \u00e0 entretenir et qui soutient une pr\u00e9sentation coh\u00e9rente de la marque dans les zones en contact avec les clients.<\/p>","protected":false},"excerpt":{"rendered":"<p>Poubelle de bureau en acier inoxydable pour les halls d'entr\u00e9e des h\u00f4tels et les espaces de r\u00e9union. Un look moderne et \u00e9pur\u00e9, une ouverture pratique par le haut et une manipulation du sac hygi\u00e9nique avec un seau int\u00e9rieur amovible ou un rebord de r\u00e9tention du sac. Facile \u00e0 essuyer et con\u00e7ue pour un trafic important.<\/p>","protected":false},"featured_media":274,"template":"","meta":{"_gspb_post_css":""},"product_brand":[],"product_cat":[24,21],"product_tag":[],"class_list":{"0":"post-271","1":"product","2":"type-product","3":"status-publish","4":"has-post-thumbnail","6":"product_cat-office-trash-bins","7":"product_cat-indoor-trash-bins","9":"first","10":"instock","11":"shipping-taxable","12":"purchasable","13":"product-type-simple"},"_links":{"self":[{"href":"https:\/\/facilityprojectsolutions.com\/fr\/wp-json\/wp\/v2\/product\/271","targetHints":{"allow":["GET"]}}],"collection":[{"href":"https:\/\/facilityprojectsolutions.com\/fr\/wp-json\/wp\/v2\/product"}],"about":[{"href":"https:\/\/facilityprojectsolutions.com\/fr\/wp-json\/wp\/v2\/types\/product"}],"wp:featuredmedia":[{"embeddable":true,"href":"https:\/\/facilityprojectsolutions.com\/fr\/wp-json\/wp\/v2\/media\/274"}],"wp:attachment":[{"href":"https:\/\/facilityprojectsolutions.com\/fr\/wp-json\/wp\/v2\/media?parent=271"}],"wp:term":[{"taxonomy":"product_brand","embeddable":true,"href":"https:\/\/facilityprojectsolutions.com\/fr\/wp-json\/wp\/v2\/product_brand?post=271"},{"taxonomy":"product_cat","embeddable":true,"href":"https:\/\/facilityprojectsolutions.com\/fr\/wp-json\/wp\/v2\/product_cat?post=271"},{"taxonomy":"product_tag","embeddable":true,"href":"https:\/\/facilityprojectsolutions.com\/fr\/wp-json\/wp\/v2\/product_tag?post=271"}],"curies":[{"name":"wp","href":"https:\/\/api.w.org\/{rel}","templated":true}]}}