{"id":272,"date":"2026-02-13T07:55:31","date_gmt":"2026-02-13T07:55:31","guid":{"rendered":"https:\/\/facilityprojectsolutions.com\/?post_type=product&#038;p=272"},"modified":"2026-02-13T07:55:32","modified_gmt":"2026-02-13T07:55:32","slug":"slim-office-litter-bin-for-corridors","status":"publish","type":"product","link":"https:\/\/facilityprojectsolutions.com\/fr\/slim-office-litter-bin-for-corridors\/","title":{"rendered":"Corbeille de bureau mince pour les couloirs"},"content":{"rendered":"<p data-start=\"0\" data-end=\"327\">Dans les couloirs d'h\u00f4tels, les halls d'ascenseurs et les couloirs de bureaux tr\u00e8s fr\u00e9quent\u00e9s, les points de collecte des d\u00e9chets doivent \u00eatre faciles \u00e0 trouver sans encombrer l'espace de passage. Cette poubelle de bureau mince est con\u00e7ue pour s'adapter parfaitement aux murs et aux coins, ce qui permet de d\u00e9gager les voies de circulation tout en conservant un aspect soign\u00e9 de la fa\u00e7ade de l'entreprise.<\/p>\n<p data-start=\"329\" data-end=\"766\">L'ouverture sup\u00e9rieure permet aux clients, aux visiteurs et au personnel de se d\u00e9barrasser facilement de leurs d\u00e9chets en cours de route. Elle est id\u00e9ale pour les gobelets de caf\u00e9, les mouchoirs en papier et les emballages \u00e0 emporter. L'ext\u00e9rieur durable est con\u00e7u pour des nettoyages fr\u00e9quents, afin que le personnel d'entretien puisse retrouver un aspect propre rapidement entre les p\u00e9riodes de pointe. Pour des op\u00e9rations plus fluides, la poubelle est con\u00e7ue pour permettre des changements de sacs rapides et un vidage contr\u00f4l\u00e9 et sans d\u00e9sordre, r\u00e9duisant ainsi le temps pass\u00e9 par le personnel \u00e0 entretenir les zones publiques.<\/p>\n<p data-start=\"768\" data-end=\"1132\">Avec un style discret qui convient aux int\u00e9rieurs modernes et classiques, la poubelle aide \u00e0 r\u00e9duire l'encombrement visuel dans les longs couloirs et les corridors partag\u00e9s. Utilisez-la comme solution unique dans les \u00e9tages les plus calmes ou dans le cadre d'un programme coordonn\u00e9 de gestion des d\u00e9chets dans les halls d'entr\u00e9e, les foyers des salles de r\u00e9union et les transitions entre l'arri\u00e8re et l'avant, afin que votre \u00e9tablissement soit toujours propre et pr\u00eat \u00e0 accueillir des clients.<\/p>","protected":false},"excerpt":{"rendered":"<p data-start=\"1134\" data-end=\"1341\">Une poubelle mince, pr\u00eate pour les couloirs, con\u00e7ue pour les h\u00f4tels et les bureaux. Elle maintient les all\u00e9es d\u00e9gag\u00e9es, est discr\u00e8te dans les zones publiques et permet un changement rapide des sacs pour les \u00e9quipes de nettoyage et d'entretien.<\/p>","protected":false},"featured_media":278,"template":"","meta":{"_gspb_post_css":""},"product_brand":[],"product_cat":[24,21],"product_tag":[],"class_list":{"0":"post-272","1":"product","2":"type-product","3":"status-publish","4":"has-post-thumbnail","6":"product_cat-office-trash-bins","7":"product_cat-indoor-trash-bins","9":"first","10":"instock","11":"shipping-taxable","12":"purchasable","13":"product-type-simple"},"_links":{"self":[{"href":"https:\/\/facilityprojectsolutions.com\/fr\/wp-json\/wp\/v2\/product\/272","targetHints":{"allow":["GET"]}}],"collection":[{"href":"https:\/\/facilityprojectsolutions.com\/fr\/wp-json\/wp\/v2\/product"}],"about":[{"href":"https:\/\/facilityprojectsolutions.com\/fr\/wp-json\/wp\/v2\/types\/product"}],"wp:featuredmedia":[{"embeddable":true,"href":"https:\/\/facilityprojectsolutions.com\/fr\/wp-json\/wp\/v2\/media\/278"}],"wp:attachment":[{"href":"https:\/\/facilityprojectsolutions.com\/fr\/wp-json\/wp\/v2\/media?parent=272"}],"wp:term":[{"taxonomy":"product_brand","embeddable":true,"href":"https:\/\/facilityprojectsolutions.com\/fr\/wp-json\/wp\/v2\/product_brand?post=272"},{"taxonomy":"product_cat","embeddable":true,"href":"https:\/\/facilityprojectsolutions.com\/fr\/wp-json\/wp\/v2\/product_cat?post=272"},{"taxonomy":"product_tag","embeddable":true,"href":"https:\/\/facilityprojectsolutions.com\/fr\/wp-json\/wp\/v2\/product_tag?post=272"}],"curies":[{"name":"wp","href":"https:\/\/api.w.org\/{rel}","templated":true}]}}