{"id":273,"date":"2026-02-13T08:03:40","date_gmt":"2026-02-13T08:03:40","guid":{"rendered":"https:\/\/facilityprojectsolutions.com\/?post_type=product&#038;p=273"},"modified":"2026-02-13T08:03:40","modified_gmt":"2026-02-13T08:03:40","slug":"rectangular-office-waste-bin-with-liner","status":"publish","type":"product","link":"https:\/\/facilityprojectsolutions.com\/fr\/rectangular-office-waste-bin-with-liner\/","title":{"rendered":"Poubelle de bureau rectangulaire avec doublure"},"content":{"rendered":"<p data-start=\"0\" data-end=\"477\">Les espaces clients sont plus beaux lorsque les petits d\u00e9tails disparaissent. Cette poubelle rectangulaire est con\u00e7ue pour les int\u00e9rieurs d'h\u00f4tel o\u00f9 un profil ordonn\u00e9 et des changements rapides sont importants, des chambres d'h\u00f4tes aux couloirs et aux salles de r\u00e9union. Le rev\u00eatement amovible inclus permet de changer de sac plus rapidement et de conserver un aspect ext\u00e9rieur homog\u00e8ne entre les nettoyages en profondeur. Les conceptions de maintien du rev\u00eatement sont largement utilis\u00e9es pour garder les rev\u00eatements s\u00e9curis\u00e9s et visuellement discrets.<\/p>\n<p data-start=\"479\" data-end=\"1043\">Placez-la \u00e0 c\u00f4t\u00e9 d'un bureau, d'une coiffeuse ou d'un minibar : son format rectangulaire se glisse pr\u00e8s des murs et des meubles, ce qui permet de mieux utiliser les surfaces \u00e9troites sans interrompre le flux de circulation. Lors du rafra\u00eechissement d'une pi\u00e8ce, le personnel peut sortir la poubelle, retirer les d\u00e9chets proprement et la remettre en place sans toucher les murs int\u00e9rieurs aussi souvent, ce qui permet de r\u00e9duire le temps d'essuyage et d'am\u00e9liorer les routines d'hygi\u00e8ne au quotidien. Les sacs poubelles d\u00e9di\u00e9s sont \u00e9galement un article courant dans le secteur de l'h\u00f4tellerie et de la restauration, ce qui montre que les sacs simplifient l'entretien dans les \u00e9tablissements \u00e0 fort taux de rotation.<\/p>\n<p data-start=\"1045\" data-end=\"1186\">Dans les espaces publics, la forme \u00e9pur\u00e9e contribue \u00e0 l'organisation des espaces tout en permettant aux clients et au personnel de disposer d'un d\u00e9p\u00f4t pratique.<\/p>","protected":false},"excerpt":{"rendered":"<p data-start=\"1188\" data-end=\"1411\">Cette poubelle rectangulaire peu encombrante est dot\u00e9e d'un rev\u00eatement amovible qui permet de garder les int\u00e9rieurs plus propres et de dissimuler les bords des sacs. Elle est id\u00e9ale pour les chambres d'h\u00f4tes, les couloirs et les zones de l'arri\u00e8re-boutique qui ont besoin d'un entretien rapide et ordonn\u00e9.<\/p>","protected":false},"featured_media":283,"template":"","meta":{"_gspb_post_css":""},"product_brand":[],"product_cat":[24,21],"product_tag":[],"class_list":{"0":"post-273","1":"product","2":"type-product","3":"status-publish","4":"has-post-thumbnail","6":"product_cat-office-trash-bins","7":"product_cat-indoor-trash-bins","9":"first","10":"instock","11":"shipping-taxable","12":"purchasable","13":"product-type-simple"},"_links":{"self":[{"href":"https:\/\/facilityprojectsolutions.com\/fr\/wp-json\/wp\/v2\/product\/273","targetHints":{"allow":["GET"]}}],"collection":[{"href":"https:\/\/facilityprojectsolutions.com\/fr\/wp-json\/wp\/v2\/product"}],"about":[{"href":"https:\/\/facilityprojectsolutions.com\/fr\/wp-json\/wp\/v2\/types\/product"}],"wp:featuredmedia":[{"embeddable":true,"href":"https:\/\/facilityprojectsolutions.com\/fr\/wp-json\/wp\/v2\/media\/283"}],"wp:attachment":[{"href":"https:\/\/facilityprojectsolutions.com\/fr\/wp-json\/wp\/v2\/media?parent=273"}],"wp:term":[{"taxonomy":"product_brand","embeddable":true,"href":"https:\/\/facilityprojectsolutions.com\/fr\/wp-json\/wp\/v2\/product_brand?post=273"},{"taxonomy":"product_cat","embeddable":true,"href":"https:\/\/facilityprojectsolutions.com\/fr\/wp-json\/wp\/v2\/product_cat?post=273"},{"taxonomy":"product_tag","embeddable":true,"href":"https:\/\/facilityprojectsolutions.com\/fr\/wp-json\/wp\/v2\/product_tag?post=273"}],"curies":[{"name":"wp","href":"https:\/\/api.w.org\/{rel}","templated":true}]}}