{"id":286,"date":"2026-02-13T08:16:25","date_gmt":"2026-02-13T08:16:25","guid":{"rendered":"https:\/\/facilityprojectsolutions.com\/?post_type=product&#038;p=286"},"modified":"2026-02-13T08:16:25","modified_gmt":"2026-02-13T08:16:25","slug":"pedal-office-trash-bin-in-stainless-steel","status":"publish","type":"product","link":"https:\/\/facilityprojectsolutions.com\/fr\/pedal-office-trash-bin-in-stainless-steel\/","title":{"rendered":"Poubelle de bureau \u00e0 p\u00e9dale en acier inoxydable"},"content":{"rendered":"<p data-start=\"0\" data-end=\"421\">Cette poubelle en acier inoxydable \u00e0 p\u00e9dale est con\u00e7ue pour les halls d'entr\u00e9e des h\u00f4tels, les centres d'affaires et les bureaux de l'arri\u00e8re-boutique, afin que les espaces en contact avec les clients restent impeccables. La p\u00e9dale permet de se d\u00e9barrasser des d\u00e9chets en gardant les mains libres, ce qui contribue \u00e0 r\u00e9duire la contamination crois\u00e9e dans les zones tr\u00e8s fr\u00e9quent\u00e9es. L'ext\u00e9rieur en acier inoxydable propre compl\u00e8te les int\u00e9rieurs contemporains et s'essuie rapidement apr\u00e8s les p\u00e9riodes de service intense.<\/p>\n<p data-start=\"423\" data-end=\"1285\">L'am\u00e9nagement de l'espace est important dans le secteur de l'h\u00f4tellerie et de la restauration. Une forme mince et verticale peut \u00eatre plac\u00e9e \u00e0 c\u00f4t\u00e9 des ascenseurs, des bureaux de concierge ou des alc\u00f4ves des couloirs sans interrompre la circulation, tandis que l'acc\u00e8s par le haut rend l'\u00e9limination par d\u00e9p\u00f4t intuitive pour les clients et le personnel. Pour une rotation plus rapide du personnel d'entretien et des installations, la poubelle peut \u00eatre sp\u00e9cifi\u00e9e avec une bande de retenue du sac ou un bord de sac rabattable qui s'agrippe au sac, cache les d\u00e9passements et simplifie les changements de sac. Choisissez un couvercle \u00e0 fermeture contr\u00f4l\u00e9e pour rester discret pr\u00e8s des salles de r\u00e9ception et de r\u00e9union, et envisagez une charni\u00e8re interne lorsque la poubelle est plac\u00e9e pr\u00e8s d'un mur ou d'une menuiserie pour \u00e9viter les \u00e9raflures. Le r\u00e9sultat est une solution de d\u00e9chets durable et professionnelle qui aide \u00e0 garder les zones publiques propres et conformes aux normes de votre marque.<\/p>","protected":false},"excerpt":{"rendered":"<p>Poubelle en acier inoxydable \u00e0 p\u00e9dale pour les halls d'entr\u00e9e des h\u00f4tels et les bureaux. L'ouverture mains libres permet de limiter les points de contact, tandis que la r\u00e9tention du sac en option et le couvercle \u00e0 fermeture contr\u00f4l\u00e9e permettent de changer rapidement le sac et d'obtenir un aspect propre et professionnel.<\/p>","protected":false},"featured_media":289,"template":"","meta":{"_gspb_post_css":""},"product_brand":[],"product_cat":[24,21],"product_tag":[],"class_list":{"0":"post-286","1":"product","2":"type-product","3":"status-publish","4":"has-post-thumbnail","6":"product_cat-office-trash-bins","7":"product_cat-indoor-trash-bins","9":"first","10":"instock","11":"shipping-taxable","12":"purchasable","13":"product-type-simple"},"_links":{"self":[{"href":"https:\/\/facilityprojectsolutions.com\/fr\/wp-json\/wp\/v2\/product\/286","targetHints":{"allow":["GET"]}}],"collection":[{"href":"https:\/\/facilityprojectsolutions.com\/fr\/wp-json\/wp\/v2\/product"}],"about":[{"href":"https:\/\/facilityprojectsolutions.com\/fr\/wp-json\/wp\/v2\/types\/product"}],"wp:featuredmedia":[{"embeddable":true,"href":"https:\/\/facilityprojectsolutions.com\/fr\/wp-json\/wp\/v2\/media\/289"}],"wp:attachment":[{"href":"https:\/\/facilityprojectsolutions.com\/fr\/wp-json\/wp\/v2\/media?parent=286"}],"wp:term":[{"taxonomy":"product_brand","embeddable":true,"href":"https:\/\/facilityprojectsolutions.com\/fr\/wp-json\/wp\/v2\/product_brand?post=286"},{"taxonomy":"product_cat","embeddable":true,"href":"https:\/\/facilityprojectsolutions.com\/fr\/wp-json\/wp\/v2\/product_cat?post=286"},{"taxonomy":"product_tag","embeddable":true,"href":"https:\/\/facilityprojectsolutions.com\/fr\/wp-json\/wp\/v2\/product_tag?post=286"}],"curies":[{"name":"wp","href":"https:\/\/api.w.org\/{rel}","templated":true}]}}