{"id":287,"date":"2026-02-13T08:36:01","date_gmt":"2026-02-13T08:36:01","guid":{"rendered":"https:\/\/facilityprojectsolutions.com\/?post_type=product&#038;p=287"},"modified":"2026-02-13T08:36:01","modified_gmt":"2026-02-13T08:36:01","slug":"smart-sensor-trash-can-for-offices","status":"publish","type":"product","link":"https:\/\/facilityprojectsolutions.com\/fr\/smart-sensor-trash-can-for-offices\/","title":{"rendered":"Poubelle \u00e0 capteur intelligent pour les bureaux"},"content":{"rendered":"<p data-start=\"0\" data-end=\"375\">Dans les centres d'affaires des h\u00f4tels, les bureaux de l'arri\u00e8re-boutique et les zones de travail du hall d'entr\u00e9e, les poubelles sont utilis\u00e9es toute la journ\u00e9e, souvent lorsque les clients et le personnel se d\u00e9placent rapidement. Cette poubelle \u00e0 capteur intelligent offre une exp\u00e9rience d'ouverture sans contact qui aide \u00e0 r\u00e9duire les points de contact partag\u00e9s et peut favoriser une perception d'hygi\u00e8ne plus propre dans les espaces en contact avec le public.<\/p>\n<p data-start=\"377\" data-end=\"933\">Le couvercle activ\u00e9 par le mouvement est con\u00e7u pour le trafic quotidien, s'ouvrant les mains libres et se refermant de mani\u00e8re contr\u00f4l\u00e9e et silencieuse, ce qui est mieux adapt\u00e9 aux environnements h\u00f4teliers o\u00f9 le bruit est omnipr\u00e9sent. L'ouverture pratique par le haut permet aux clients de jeter leurs d\u00e9chets de mani\u00e8re intuitive, tandis que les surfaces lisses et faciles \u00e0 essuyer aident le personnel d'entretien \u00e0 proc\u00e9der \u00e0 des nettoyages rapides entre les tourn\u00e9es. L'ext\u00e9rieur durable et facile \u00e0 nettoyer est con\u00e7u pour les \u00e9quipes tr\u00e8s occup\u00e9es et permet de conserver un aspect professionnel au fil du temps.<\/p>\n<p data-start=\"935\" data-end=\"1295\">\u00c0 l'int\u00e9rieur, une zone de doublure facile \u00e0 nettoyer permet de changer les sacs plus rapidement et de garder le bord sup\u00e9rieur bien rang\u00e9, afin que les zones publiques restent ordonn\u00e9es entre les tourn\u00e9es de service. Placez-la pr\u00e8s des salles de r\u00e9union, des postes du personnel ou du bureau du concierge pour contenir les d\u00e9chets sans attirer l'attention et conserver une premi\u00e8re impression soign\u00e9e.<\/p>","protected":false},"excerpt":{"rendered":"<p data-start=\"1297\" data-end=\"1534\">Poubelle \u00e0 capteur sans contact pour les bureaux d'h\u00f4tel, les salles de r\u00e9union et les zones de travail du hall d'entr\u00e9e. Le mouvement silencieux et contr\u00f4l\u00e9 du couvercle, l'ext\u00e9rieur facile \u00e0 essuyer et la manipulation facile du sac contribuent \u00e0 maintenir les zones publiques propres et professionnelles.<\/p>","protected":false},"featured_media":296,"template":"","meta":{"_gspb_post_css":""},"product_brand":[],"product_cat":[26,21],"product_tag":[],"class_list":{"0":"post-287","1":"product","2":"type-product","3":"status-publish","4":"has-post-thumbnail","6":"product_cat-smart-sensor-trash-cans","7":"product_cat-indoor-trash-bins","9":"first","10":"instock","11":"shipping-taxable","12":"purchasable","13":"product-type-simple"},"_links":{"self":[{"href":"https:\/\/facilityprojectsolutions.com\/fr\/wp-json\/wp\/v2\/product\/287","targetHints":{"allow":["GET"]}}],"collection":[{"href":"https:\/\/facilityprojectsolutions.com\/fr\/wp-json\/wp\/v2\/product"}],"about":[{"href":"https:\/\/facilityprojectsolutions.com\/fr\/wp-json\/wp\/v2\/types\/product"}],"wp:featuredmedia":[{"embeddable":true,"href":"https:\/\/facilityprojectsolutions.com\/fr\/wp-json\/wp\/v2\/media\/296"}],"wp:attachment":[{"href":"https:\/\/facilityprojectsolutions.com\/fr\/wp-json\/wp\/v2\/media?parent=287"}],"wp:term":[{"taxonomy":"product_brand","embeddable":true,"href":"https:\/\/facilityprojectsolutions.com\/fr\/wp-json\/wp\/v2\/product_brand?post=287"},{"taxonomy":"product_cat","embeddable":true,"href":"https:\/\/facilityprojectsolutions.com\/fr\/wp-json\/wp\/v2\/product_cat?post=287"},{"taxonomy":"product_tag","embeddable":true,"href":"https:\/\/facilityprojectsolutions.com\/fr\/wp-json\/wp\/v2\/product_tag?post=287"}],"curies":[{"name":"wp","href":"https:\/\/api.w.org\/{rel}","templated":true}]}}