{"id":301,"date":"2026-02-13T08:53:24","date_gmt":"2026-02-13T08:53:24","guid":{"rendered":"https:\/\/facilityprojectsolutions.com\/?post_type=product&#038;p=301"},"modified":"2026-02-13T08:53:24","modified_gmt":"2026-02-13T08:53:24","slug":"smart-waste-bin-with-automatic-lid","status":"publish","type":"product","link":"https:\/\/facilityprojectsolutions.com\/fr\/smart-waste-bin-with-automatic-lid\/","title":{"rendered":"Poubelle intelligente avec couvercle automatique"},"content":{"rendered":"<p>Con\u00e7ue pour les int\u00e9rieurs modernes de l'h\u00f4tellerie, cette poubelle intelligente permet aux chambres d'h\u00f4tes d'\u00eatre impeccables tout en acc\u00e9l\u00e9rant la rotation des stocks. Un couvercle automatique activ\u00e9 par un capteur permet une \u00e9limination sans contact, r\u00e9duisant le contact avec une surface fr\u00e9quemment manipul\u00e9e et contribuant \u00e0 diminuer le risque de contamination crois\u00e9e dans les environnements partag\u00e9s. <br data-start=\"368\" data-end=\"371\" \/>Le couvercle se referme doucement et silencieusement pour pr\u00e9server une atmosph\u00e8re reposante lors de l'utilisation nocturne ou des tourn\u00e9es de m\u00e9nage matinales. <br data-start=\"534\" data-end=\"537\" \/>\u00c0 l'int\u00e9rieur, un rebord qui retient le sac et un seau int\u00e9rieur amovible en option sur certaines configurations aident \u00e0 dissimuler le bord du sac, de sorte que la poubelle compl\u00e8te le d\u00e9cor de la chambre d'h\u00f4tes au lieu d'exposer le sac. <br data-start=\"776\" data-end=\"779\" \/>Le service quotidien reste simple : les surfaces lisses et nettoyables \u00e0 l'aide d'un chiffon et l'int\u00e9rieur facile d'acc\u00e8s permettent des rafra\u00eechissements rapides avec un minimum de d\u00e9rangement. Placez-la \u00e0 c\u00f4t\u00e9 d'une coiffeuse, pr\u00e8s du minibar ou dans la zone de vie d'une suite pour une exp\u00e9rience coh\u00e9rente et haut de gamme. Pour les marques qui mettent l'accent sur le confort et l'hygi\u00e8ne de leurs clients, il s'agit d'une am\u00e9lioration pratique qui donne l'impression d'un produit haut de gamme sans ajouter de complexit\u00e9.<\/p>","protected":false},"excerpt":{"rendered":"<p data-start=\"1141\" data-end=\"1378\">Une poubelle sans contact, activ\u00e9e par un capteur, con\u00e7ue pour les chambres et les suites d'h\u00f4tel, dot\u00e9e d'un couvercle automatique silencieux, d'un bord de sac dissimul\u00e9 et de surfaces faciles \u00e0 nettoyer. Elle aide le personnel de m\u00e9nage \u00e0 transformer les chambres plus rapidement sans d\u00e9ranger les clients.<\/p>","protected":false},"featured_media":306,"template":"","meta":{"_gspb_post_css":""},"product_brand":[],"product_cat":[26,21],"product_tag":[],"class_list":{"0":"post-301","1":"product","2":"type-product","3":"status-publish","4":"has-post-thumbnail","6":"product_cat-smart-sensor-trash-cans","7":"product_cat-indoor-trash-bins","9":"first","10":"instock","11":"shipping-taxable","12":"purchasable","13":"product-type-simple"},"_links":{"self":[{"href":"https:\/\/facilityprojectsolutions.com\/fr\/wp-json\/wp\/v2\/product\/301","targetHints":{"allow":["GET"]}}],"collection":[{"href":"https:\/\/facilityprojectsolutions.com\/fr\/wp-json\/wp\/v2\/product"}],"about":[{"href":"https:\/\/facilityprojectsolutions.com\/fr\/wp-json\/wp\/v2\/types\/product"}],"wp:featuredmedia":[{"embeddable":true,"href":"https:\/\/facilityprojectsolutions.com\/fr\/wp-json\/wp\/v2\/media\/306"}],"wp:attachment":[{"href":"https:\/\/facilityprojectsolutions.com\/fr\/wp-json\/wp\/v2\/media?parent=301"}],"wp:term":[{"taxonomy":"product_brand","embeddable":true,"href":"https:\/\/facilityprojectsolutions.com\/fr\/wp-json\/wp\/v2\/product_brand?post=301"},{"taxonomy":"product_cat","embeddable":true,"href":"https:\/\/facilityprojectsolutions.com\/fr\/wp-json\/wp\/v2\/product_cat?post=301"},{"taxonomy":"product_tag","embeddable":true,"href":"https:\/\/facilityprojectsolutions.com\/fr\/wp-json\/wp\/v2\/product_tag?post=301"}],"curies":[{"name":"wp","href":"https:\/\/api.w.org\/{rel}","templated":true}]}}