{"id":302,"date":"2026-02-13T09:02:36","date_gmt":"2026-02-13T09:02:36","guid":{"rendered":"https:\/\/facilityprojectsolutions.com\/?post_type=product&#038;p=302"},"modified":"2026-02-13T09:02:36","modified_gmt":"2026-02-13T09:02:36","slug":"sensor-trash-can-with-inner-bucket","status":"publish","type":"product","link":"https:\/\/facilityprojectsolutions.com\/fr\/sensor-trash-can-with-inner-bucket\/","title":{"rendered":"Poubelle \u00e0 d\u00e9tecteur avec seau int\u00e9rieur"},"content":{"rendered":"<p data-start=\"0\" data-end=\"327\">Con\u00e7ue pour les chambres et les suites d'h\u00f4tel, cette poubelle \u00e0 capteur offre un point d'\u00e9limination plus propre et plus raffin\u00e9 sans ajouter d'encombrement visuel. Le couvercle mains libres permet de r\u00e9duire les points de contact avec les clients et le personnel, tandis que la fermeture contr\u00f4l\u00e9e et silencieuse emp\u00eache l'utilisation tardive de la poubelle de devenir une source de distraction.<\/p>\n<p data-start=\"329\" data-end=\"798\">A l'int\u00e9rieur, un seau int\u00e9rieur amovible simplifie le vidage et le nettoyage par rin\u00e7age, ce qui est id\u00e9al pour les changements de pi\u00e8ce rapides. Pour l'entretien, le seau se soul\u00e8ve avec le sac pour minimiser les gouttes et garder l'ext\u00e9rieur frais. Un rebord de maintien du sac permet de le garder bien en place et de cacher le bord du sac, de sorte que la poubelle reste propre m\u00eame entre les visites d'entretien. Les surfaces lisses s'essuient rapidement, ce qui permet une pr\u00e9sentation homog\u00e8ne dans les chambres, les couloirs et les zones r\u00e9serv\u00e9es au personnel.<\/p>\n<p data-start=\"800\" data-end=\"1096\">Le profil g\u00e9n\u00e9ral est volontairement sobre, ce qui permet de l'associer facilement \u00e0 des int\u00e9rieurs contemporains ou classiques. Placez-la \u00e0 c\u00f4t\u00e9 d'une coiffeuse, sous un bureau ou pr\u00e8s du minibar pour offrir aux clients un endroit intuitif pour les d\u00e9chets quotidiens, tout en aidant votre \u00e9quipe \u00e0 maintenir un espace soign\u00e9 et pr\u00eat pour l'hospitalit\u00e9.<\/p>","protected":false},"excerpt":{"rendered":"<p>Poubelle \u00e0 capteur sans contact con\u00e7ue pour les int\u00e9rieurs d'h\u00f4tel, dot\u00e9e d'un seau int\u00e9rieur amovible et d'un rebord retenant le sac pour en dissimuler les bords. La fermeture silencieuse contribue \u00e0 maintenir le calme dans les chambres d'h\u00f4tes tout en simplifiant le nettoyage quotidien et le remplacement des sacs.<\/p>","protected":false},"featured_media":310,"template":"","meta":{"_gspb_post_css":""},"product_brand":[],"product_cat":[26,21],"product_tag":[],"class_list":{"0":"post-302","1":"product","2":"type-product","3":"status-publish","4":"has-post-thumbnail","6":"product_cat-smart-sensor-trash-cans","7":"product_cat-indoor-trash-bins","9":"first","10":"instock","11":"shipping-taxable","12":"purchasable","13":"product-type-simple"},"_links":{"self":[{"href":"https:\/\/facilityprojectsolutions.com\/fr\/wp-json\/wp\/v2\/product\/302","targetHints":{"allow":["GET"]}}],"collection":[{"href":"https:\/\/facilityprojectsolutions.com\/fr\/wp-json\/wp\/v2\/product"}],"about":[{"href":"https:\/\/facilityprojectsolutions.com\/fr\/wp-json\/wp\/v2\/types\/product"}],"wp:featuredmedia":[{"embeddable":true,"href":"https:\/\/facilityprojectsolutions.com\/fr\/wp-json\/wp\/v2\/media\/310"}],"wp:attachment":[{"href":"https:\/\/facilityprojectsolutions.com\/fr\/wp-json\/wp\/v2\/media?parent=302"}],"wp:term":[{"taxonomy":"product_brand","embeddable":true,"href":"https:\/\/facilityprojectsolutions.com\/fr\/wp-json\/wp\/v2\/product_brand?post=302"},{"taxonomy":"product_cat","embeddable":true,"href":"https:\/\/facilityprojectsolutions.com\/fr\/wp-json\/wp\/v2\/product_cat?post=302"},{"taxonomy":"product_tag","embeddable":true,"href":"https:\/\/facilityprojectsolutions.com\/fr\/wp-json\/wp\/v2\/product_tag?post=302"}],"curies":[{"name":"wp","href":"https:\/\/api.w.org\/{rel}","templated":true}]}}