{"id":316,"date":"2026-02-13T09:24:54","date_gmt":"2026-02-13T09:24:54","guid":{"rendered":"https:\/\/facilityprojectsolutions.com\/?post_type=product&#038;p=316"},"modified":"2026-02-13T09:24:54","modified_gmt":"2026-02-13T09:24:54","slug":"commercial-outdoor-trash-bin-with-open-top","status":"publish","type":"product","link":"https:\/\/facilityprojectsolutions.com\/fr\/commercial-outdoor-trash-bin-with-open-top\/","title":{"rendered":"Poubelle commerciale pour l'ext\u00e9rieur avec couvercle ouvert"},"content":{"rendered":"<p data-start=\"0\" data-end=\"374\">Con\u00e7ue pour les zones ext\u00e9rieures tr\u00e8s fr\u00e9quent\u00e9es (all\u00e9es de campus, rues publiques, trottoirs adjacents aux transports en commun et entr\u00e9es de b\u00e2timents), cette poubelle commerciale \u00e0 couvercle ouvert facilite l'\u00e9limination des d\u00e9chets sans que les utilisateurs aient \u00e0 toucher un couvercle. L'acc\u00e8s ouvert favorise une utilisation correcte pendant les p\u00e9riodes de forte affluence, ce qui permet de r\u00e9duire les d\u00e9chets autour des portes, des cours et des arr\u00eats de trottoir.<\/p>\n<p data-start=\"376\" data-end=\"773\">Pour les \u00e9quipes de maintenance, l'entretien quotidien est con\u00e7u pour \u00eatre simple. La poubelle est con\u00e7ue pour fonctionner avec un rev\u00eatement int\u00e9rieur amovible ou une configuration de sac, de sorte que les sacs pleins peuvent \u00eatre sortis efficacement et que le conteneur peut \u00eatre essuy\u00e9 ou rinc\u00e9 dans le cadre des tourn\u00e9es r\u00e9guli\u00e8res. L'espace int\u00e9rieur accessible aide le personnel \u00e0 rep\u00e9rer rapidement les d\u00e9bordements ou les contaminations, ce qui permet de nettoyer l'environnement et de r\u00e9duire les rappels.<\/p>\n<p data-start=\"775\" data-end=\"1183\">Lorsque la poubelle est plac\u00e9e dans des endroits non surveill\u00e9s ou tr\u00e8s visibles, elle peut \u00eatre sp\u00e9cifi\u00e9e avec des caract\u00e9ristiques d'ancrage et d'anti-violation optionnelles (telles que des \u00e9l\u00e9ments de s\u00e9curit\u00e9 pour les composants sup\u00e9rieurs) pour aider \u00e0 maintenir l'unit\u00e9 en place et \u00e0 limiter les interf\u00e9rences. Cela en fait un choix pratique pour les parcs, les campus de bureaux, les paysages de rue et les points d'entr\u00e9e qui ont besoin d'une collecte fiable des d\u00e9chets \u00e0 l'ext\u00e9rieur avec peu d'entretien.<\/p>","protected":false},"excerpt":{"rendered":"<p>Poubelle d'ext\u00e9rieur \u00e0 couvercle ouvert pour les all\u00e9es des campus, les paysages de rue et les zones d'entr\u00e9e. Con\u00e7ue pour une mise au rebut rapide et un changement de sac rapide gr\u00e2ce \u00e0 un rev\u00eatement amovible, avec un ancrage optionnel et un mat\u00e9riel anti-violation.<\/p>","protected":false},"featured_media":319,"template":"","meta":{"_gspb_post_css":""},"product_brand":[],"product_cat":[28,27],"product_tag":[],"class_list":{"0":"post-316","1":"product","2":"type-product","3":"status-publish","4":"has-post-thumbnail","6":"product_cat-commercial-outdoor-bins","7":"product_cat-outdoor-trash-bins","9":"first","10":"instock","11":"shipping-taxable","12":"purchasable","13":"product-type-simple"},"_links":{"self":[{"href":"https:\/\/facilityprojectsolutions.com\/fr\/wp-json\/wp\/v2\/product\/316","targetHints":{"allow":["GET"]}}],"collection":[{"href":"https:\/\/facilityprojectsolutions.com\/fr\/wp-json\/wp\/v2\/product"}],"about":[{"href":"https:\/\/facilityprojectsolutions.com\/fr\/wp-json\/wp\/v2\/types\/product"}],"wp:featuredmedia":[{"embeddable":true,"href":"https:\/\/facilityprojectsolutions.com\/fr\/wp-json\/wp\/v2\/media\/319"}],"wp:attachment":[{"href":"https:\/\/facilityprojectsolutions.com\/fr\/wp-json\/wp\/v2\/media?parent=316"}],"wp:term":[{"taxonomy":"product_brand","embeddable":true,"href":"https:\/\/facilityprojectsolutions.com\/fr\/wp-json\/wp\/v2\/product_brand?post=316"},{"taxonomy":"product_cat","embeddable":true,"href":"https:\/\/facilityprojectsolutions.com\/fr\/wp-json\/wp\/v2\/product_cat?post=316"},{"taxonomy":"product_tag","embeddable":true,"href":"https:\/\/facilityprojectsolutions.com\/fr\/wp-json\/wp\/v2\/product_tag?post=316"}],"curies":[{"name":"wp","href":"https:\/\/api.w.org\/{rel}","templated":true}]}}