{"id":331,"date":"2026-02-13T09:55:03","date_gmt":"2026-02-13T09:55:03","guid":{"rendered":"https:\/\/facilityprojectsolutions.com\/?post_type=product&#038;p=331"},"modified":"2026-02-13T09:55:03","modified_gmt":"2026-02-13T09:55:03","slug":"outdoor-trash-can-with-rain-cover","status":"publish","type":"product","link":"https:\/\/facilityprojectsolutions.com\/fr\/outdoor-trash-can-with-rain-cover\/","title":{"rendered":"Poubelle d'ext\u00e9rieur avec couvercle de pluie"},"content":{"rendered":"<p data-start=\"0\" data-end=\"1153\">Con\u00e7ue pour les zones ext\u00e9rieures tr\u00e8s fr\u00e9quent\u00e9es (all\u00e9es de campus, coins de rue, entr\u00e9es de b\u00e2timents et arr\u00eats de transport), cette poubelle associe un couvercle anti-pluie \u00e0 un acc\u00e8s facile pour le service, ce qui permet d'effectuer des tourn\u00e9es quotidiennes plus propres. Le toit en surplomb emp\u00eache la pluie de p\u00e9n\u00e9trer dans l'ouverture, ce qui permet de garder les d\u00e9chets en sac plus secs, de sorte que les \u00e9quipes constatent moins de fuites et moins de d\u00e9g\u00e2ts lors du ramassage. Les protections contre la pluie et les couvercles sont couramment utilis\u00e9s pour minimiser les contenus humides et prolonger la dur\u00e9e de vie du rev\u00eatement en limitant l'intrusion de l'humidit\u00e9 et les odeurs qui en d\u00e9coulent. <br data-start=\"557\" data-end=\"560\" \/>Pour les lieux publics, l'unit\u00e9 peut \u00eatre sp\u00e9cifi\u00e9e avec des dispositions optionnelles d'ancrage et d'anti-sabotage pour d\u00e9courager le renversement, le d\u00e9placement ou l'ouverture non autoris\u00e9e, ce qui est utile aux entr\u00e9es, aux couloirs des trottoirs et aux cours partag\u00e9es. \u00c0 l'int\u00e9rieur, la poubelle est con\u00e7ue pour fonctionner avec un rev\u00eatement\/insert amovible, de sorte que le personnel peut retirer le conteneur int\u00e9rieur, \u00e9changer rapidement les sacs et remettre la poubelle en service avec un minimum de temps d'arr\u00eat. Les surfaces lisses et essuyables permettent un nettoyage rapide apr\u00e8s les orages, et le couvercle aide \u00e0 garder le trottoir environnant plus propre les jours de pluie.<\/p>","protected":false},"excerpt":{"rendered":"<p>Poubelle ext\u00e9rieure avec couvercle anti-pluie pour les campus, les rues et les places d'entr\u00e9e. Elle permet de garder les sacs plus secs, de r\u00e9duire le nettoyage apr\u00e8s les temp\u00eates et de changer rapidement de sac gr\u00e2ce \u00e0 un insert extractible, avec des dispositions optionnelles d'ancrage et de protection contre le sabotage.<\/p>","protected":false},"featured_media":337,"template":"","meta":{"_gspb_post_css":""},"product_brand":[],"product_cat":[28,27],"product_tag":[],"class_list":{"0":"post-331","1":"product","2":"type-product","3":"status-publish","4":"has-post-thumbnail","6":"product_cat-commercial-outdoor-bins","7":"product_cat-outdoor-trash-bins","9":"first","10":"instock","11":"shipping-taxable","12":"purchasable","13":"product-type-simple"},"_links":{"self":[{"href":"https:\/\/facilityprojectsolutions.com\/fr\/wp-json\/wp\/v2\/product\/331","targetHints":{"allow":["GET"]}}],"collection":[{"href":"https:\/\/facilityprojectsolutions.com\/fr\/wp-json\/wp\/v2\/product"}],"about":[{"href":"https:\/\/facilityprojectsolutions.com\/fr\/wp-json\/wp\/v2\/types\/product"}],"wp:featuredmedia":[{"embeddable":true,"href":"https:\/\/facilityprojectsolutions.com\/fr\/wp-json\/wp\/v2\/media\/337"}],"wp:attachment":[{"href":"https:\/\/facilityprojectsolutions.com\/fr\/wp-json\/wp\/v2\/media?parent=331"}],"wp:term":[{"taxonomy":"product_brand","embeddable":true,"href":"https:\/\/facilityprojectsolutions.com\/fr\/wp-json\/wp\/v2\/product_brand?post=331"},{"taxonomy":"product_cat","embeddable":true,"href":"https:\/\/facilityprojectsolutions.com\/fr\/wp-json\/wp\/v2\/product_cat?post=331"},{"taxonomy":"product_tag","embeddable":true,"href":"https:\/\/facilityprojectsolutions.com\/fr\/wp-json\/wp\/v2\/product_tag?post=331"}],"curies":[{"name":"wp","href":"https:\/\/api.w.org\/{rel}","templated":true}]}}