{"id":332,"date":"2026-02-13T10:29:52","date_gmt":"2026-02-13T10:29:52","guid":{"rendered":"https:\/\/facilityprojectsolutions.com\/?post_type=product&#038;p=332"},"modified":"2026-02-13T10:29:52","modified_gmt":"2026-02-13T10:29:52","slug":"commercial-outdoor-bin-with-ashtray-top","status":"publish","type":"product","link":"https:\/\/facilityprojectsolutions.com\/fr\/commercial-outdoor-bin-with-ashtray-top\/","title":{"rendered":"Poubelle commerciale pour l'ext\u00e9rieur avec dessus de cendrier"},"content":{"rendered":"<p data-start=\"0\" data-end=\"326\">Maintenez l'ordre dans les zones ext\u00e9rieures tr\u00e8s fr\u00e9quent\u00e9es sans ajouter de nettoyage quotidien. Cette poubelle commerciale d'ext\u00e9rieur associe la collecte des d\u00e9chets g\u00e9n\u00e9raux \u00e0 un cendrier, ce qui en fait un choix pratique pour les parcs d'activit\u00e9s, les all\u00e9es de campus, les arr\u00eats de transport en commun et les entr\u00e9es de rue o\u00f9 les zones fumeurs sont situ\u00e9es \u00e0 proximit\u00e9 du flux de pi\u00e9tons.<\/p>\n<p data-start=\"328\" data-end=\"827\">La zone de cendres situ\u00e9e sur le dessus offre aux utilisateurs un endroit d\u00e9gag\u00e9 pour \u00e9teindre et jeter les m\u00e9gots de cigarettes avant qu'ils n'atteignent le sol ou le flux principal de d\u00e9chets. La mise en place d'un r\u00e9ceptacle d\u00e9sign\u00e9 peut contribuer \u00e0 r\u00e9duire les d\u00e9chets de m\u00e9gots de cigarettes et la charge de nettoyage aux abords des entr\u00e9es. Con\u00e7u pour une exposition tout au long de l'ann\u00e9e et des lavages de routine, l'ext\u00e9rieur est destin\u00e9 \u00e0 rester utilisable avec un entretien simple et r\u00e9gulier plut\u00f4t qu'avec un soin particulier.<\/p>\n<p data-start=\"829\" data-end=\"1246\">L'entretien est simple : l'acc\u00e8s est con\u00e7u pour un changement rapide des sacs et un vidage contr\u00f4l\u00e9, ce qui permet d'assurer des tourn\u00e9es r\u00e9guli\u00e8res sur les grands sites. Pour les sites n\u00e9cessitant une s\u00e9curit\u00e9 accrue, comme les trottoirs publics ou les cours ouvertes, des fonctions optionnelles d'ancrage et d'anti-sabotage permettent de maintenir l'unit\u00e9 en place et de d\u00e9courager les interf\u00e9rences. Le r\u00e9sultat est un point de collecte des d\u00e9chets ordonn\u00e9 et durable qui s'inscrit dans des plans d'entretien ext\u00e9rieur \u00e0 long terme.<\/p>","protected":false},"excerpt":{"rendered":"<p>Poubelle commerciale d'ext\u00e9rieur avec cendrier pour les entr\u00e9es de parcs et de rues. Con\u00e7ue pour une \u00e9limination ordonn\u00e9e des cigarettes, un placement stable gr\u00e2ce \u00e0 un ancrage optionnel, et un entretien quotidien rapide pour une maintenance efficace et \u00e0 long terme de l'espace ext\u00e9rieur.<\/p>","protected":false},"featured_media":341,"template":"","meta":{"_gspb_post_css":""},"product_brand":[],"product_cat":[28,27],"product_tag":[],"class_list":{"0":"post-332","1":"product","2":"type-product","3":"status-publish","4":"has-post-thumbnail","6":"product_cat-commercial-outdoor-bins","7":"product_cat-outdoor-trash-bins","9":"first","10":"instock","11":"shipping-taxable","12":"purchasable","13":"product-type-simple"},"_links":{"self":[{"href":"https:\/\/facilityprojectsolutions.com\/fr\/wp-json\/wp\/v2\/product\/332","targetHints":{"allow":["GET"]}}],"collection":[{"href":"https:\/\/facilityprojectsolutions.com\/fr\/wp-json\/wp\/v2\/product"}],"about":[{"href":"https:\/\/facilityprojectsolutions.com\/fr\/wp-json\/wp\/v2\/types\/product"}],"wp:featuredmedia":[{"embeddable":true,"href":"https:\/\/facilityprojectsolutions.com\/fr\/wp-json\/wp\/v2\/media\/341"}],"wp:attachment":[{"href":"https:\/\/facilityprojectsolutions.com\/fr\/wp-json\/wp\/v2\/media?parent=332"}],"wp:term":[{"taxonomy":"product_brand","embeddable":true,"href":"https:\/\/facilityprojectsolutions.com\/fr\/wp-json\/wp\/v2\/product_brand?post=332"},{"taxonomy":"product_cat","embeddable":true,"href":"https:\/\/facilityprojectsolutions.com\/fr\/wp-json\/wp\/v2\/product_cat?post=332"},{"taxonomy":"product_tag","embeddable":true,"href":"https:\/\/facilityprojectsolutions.com\/fr\/wp-json\/wp\/v2\/product_tag?post=332"}],"curies":[{"name":"wp","href":"https:\/\/api.w.org\/{rel}","templated":true}]}}