{"id":346,"date":"2026-02-13T10:55:10","date_gmt":"2026-02-13T10:55:10","guid":{"rendered":"https:\/\/facilityprojectsolutions.com\/?post_type=product&#038;p=346"},"modified":"2026-02-13T10:55:10","modified_gmt":"2026-02-13T10:55:10","slug":"industrial-trash-bin-for-high-use-areas","status":"publish","type":"product","link":"https:\/\/facilityprojectsolutions.com\/fr\/industrial-trash-bin-for-high-use-areas\/","title":{"rendered":"Poubelle industrielle pour les zones \u00e0 forte fr\u00e9quentation"},"content":{"rendered":"<p data-start=\"0\" data-end=\"393\">Con\u00e7ue pour les environnements ext\u00e9rieurs \u00e0 forte fr\u00e9quentation tels que les parcs d'activit\u00e9s, les paysages de rue, les trottoirs adjacents aux transports en commun et les entr\u00e9es d'\u00e9tablissements, cette poubelle industrielle contribue \u00e0 maintenir l'ordre dans les espaces publics sans compliquer la t\u00e2che des \u00e9quipes. Le corps est con\u00e7u pour une exposition tout au long de l'ann\u00e9e, avec un ext\u00e9rieur r\u00e9sistant aux intemp\u00e9ries qui permet des lavages de routine et r\u00e9duit les besoins de retouches au cours de la dur\u00e9e de vie.<\/p>\n<p data-start=\"395\" data-end=\"816\">Pour les endroits o\u00f9 le basculement ou l'interf\u00e9rence est un probl\u00e8me - pr\u00e8s des quais de chargement, des fa\u00e7ades de magasins ou des portes de campus - des dispositifs optionnels d'ancrage et d'anti-sabotage peuvent \u00eatre sp\u00e9cifi\u00e9s pour am\u00e9liorer la stabilit\u00e9 et d\u00e9courager l'acc\u00e8s non autoris\u00e9. L'entretien est rationalis\u00e9 par un syst\u00e8me de rev\u00eatement interne qui se soul\u00e8ve pour changer les sacs et les nettoyer, ce qui minimise le contact avec l'int\u00e9rieur de la poubelle et raccourcit le temps de collecte sur les itin\u00e9raires denses.<\/p>\n<p data-start=\"818\" data-end=\"1159\">Les points d'acc\u00e8s simples et faciles \u00e0 utiliser ainsi que les surfaces int\u00e9rieures lisses sont con\u00e7us pour permettre un rin\u00e7age rapide apr\u00e8s les \u00e9v\u00e9nements, r\u00e9duire les probl\u00e8mes d'odeurs et assurer une pr\u00e9sentation coh\u00e9rente dans les zones fr\u00e9quent\u00e9es par les visiteurs. Le r\u00e9sultat est un r\u00e9ceptacle pratique pour les municipalit\u00e9s et les gestionnaires de sites qui ont besoin d'un traitement fiable des d\u00e9chets ext\u00e9rieurs avec un effort de maintenance pr\u00e9visible.<\/p>","protected":false},"excerpt":{"rendered":"<p data-start=\"1161\" data-end=\"1371\">Con\u00e7ue pour les parcs, les rues et les entr\u00e9es tr\u00e8s fr\u00e9quent\u00e9es, cette poubelle industrielle permet d'assainir les espaces publics gr\u00e2ce \u00e0 des dispositifs d'ancrage et d'anti-violation en option et \u00e0 un rev\u00eatement amovible pour un vidage plus rapide et plus s\u00fbr.<\/p>","protected":false},"featured_media":350,"template":"","meta":{"_gspb_post_css":""},"product_brand":[],"product_cat":[30,27],"product_tag":[],"class_list":{"0":"post-346","1":"product","2":"type-product","3":"status-publish","4":"has-post-thumbnail","6":"product_cat-heavy-duty-waste-bins","7":"product_cat-outdoor-trash-bins","9":"first","10":"instock","11":"shipping-taxable","12":"purchasable","13":"product-type-simple"},"_links":{"self":[{"href":"https:\/\/facilityprojectsolutions.com\/fr\/wp-json\/wp\/v2\/product\/346","targetHints":{"allow":["GET"]}}],"collection":[{"href":"https:\/\/facilityprojectsolutions.com\/fr\/wp-json\/wp\/v2\/product"}],"about":[{"href":"https:\/\/facilityprojectsolutions.com\/fr\/wp-json\/wp\/v2\/types\/product"}],"wp:featuredmedia":[{"embeddable":true,"href":"https:\/\/facilityprojectsolutions.com\/fr\/wp-json\/wp\/v2\/media\/350"}],"wp:attachment":[{"href":"https:\/\/facilityprojectsolutions.com\/fr\/wp-json\/wp\/v2\/media?parent=346"}],"wp:term":[{"taxonomy":"product_brand","embeddable":true,"href":"https:\/\/facilityprojectsolutions.com\/fr\/wp-json\/wp\/v2\/product_brand?post=346"},{"taxonomy":"product_cat","embeddable":true,"href":"https:\/\/facilityprojectsolutions.com\/fr\/wp-json\/wp\/v2\/product_cat?post=346"},{"taxonomy":"product_tag","embeddable":true,"href":"https:\/\/facilityprojectsolutions.com\/fr\/wp-json\/wp\/v2\/product_tag?post=346"}],"curies":[{"name":"wp","href":"https:\/\/api.w.org\/{rel}","templated":true}]}}