{"id":347,"date":"2026-02-13T11:04:42","date_gmt":"2026-02-13T11:04:42","guid":{"rendered":"https:\/\/facilityprojectsolutions.com\/?post_type=product&#038;p=347"},"modified":"2026-02-13T11:04:42","modified_gmt":"2026-02-13T11:04:42","slug":"heavy-gauge-metal-waste-bin-for-facilities","status":"publish","type":"product","link":"https:\/\/facilityprojectsolutions.com\/fr\/heavy-gauge-metal-waste-bin-for-facilities\/","title":{"rendered":"Poubelle en m\u00e9tal de gros calibre pour les installations"},"content":{"rendered":"<p data-start=\"0\" data-end=\"529\">Con\u00e7ue pour les environnements ext\u00e9rieurs tr\u00e8s fr\u00e9quent\u00e9s, cette poubelle en m\u00e9tal \u00e9pais permet d'assainir les campus, les rues et les entr\u00e9es d'\u00e9tablissements o\u00f9 les flux de pi\u00e9tons et les chariots de service sont constants. Le corps m\u00e9tallique rigide est con\u00e7u pour r\u00e9sister aux chocs quotidiens dans les zones publiques. Pour les lieux tels que les arr\u00eats de transport en commun, les halls d'entr\u00e9e et les places principales, des dispositifs d'ancrage et d'anti-violation peuvent \u00eatre sp\u00e9cifi\u00e9s en option pour d\u00e9courager le renversement, le d\u00e9placement ou l'acc\u00e8s non autoris\u00e9.<\/p>\n<p data-start=\"531\" data-end=\"906\">Un rev\u00eatement int\u00e9rieur amovible facilite les tourn\u00e9es quotidiennes : les \u00e9quipes retirent le rev\u00eatement, attachent les sacs et remettent l'unit\u00e9 en service sans d\u00e9placer la coque ext\u00e9rieure, ce qui r\u00e9duit les risques de d\u00e9versement sur les trottoirs et dans les cours paysag\u00e9es. Les rev\u00eatements amovibles sont couramment utilis\u00e9s dans les r\u00e9ceptacles commerciaux car ils permettent une vidange plus rapide et une propret\u00e9 continue.<\/p>\n<p data-start=\"908\" data-end=\"1194\">Pour l'entretien \u00e0 long terme, la construction simple permet des rin\u00e7ages rapides et des inspections de routine, aide \u00e0 normaliser l'entretien dans plusieurs b\u00e2timents et zones d'agr\u00e9ment ext\u00e9rieures, et r\u00e9duit les temps d'arr\u00eat lorsque les bacs doivent \u00eatre nettoy\u00e9s apr\u00e8s des \u00e9v\u00e9nements.<\/p>","protected":false},"excerpt":{"rendered":"<p>Poubelle ext\u00e9rieure en m\u00e9tal de forte \u00e9paisseur pour les campus, les rues et les points d'entr\u00e9e. Des dispositifs d'ancrage et d'anti-sabotage en option ainsi qu'une doublure amovible permettent aux \u00e9quipes de vider rapidement la poubelle et de garder le paysage environnant plus propre.<\/p>","protected":false},"featured_media":356,"template":"","meta":{"_gspb_post_css":""},"product_brand":[],"product_cat":[30,27],"product_tag":[],"class_list":{"0":"post-347","1":"product","2":"type-product","3":"status-publish","4":"has-post-thumbnail","6":"product_cat-heavy-duty-waste-bins","7":"product_cat-outdoor-trash-bins","9":"first","10":"instock","11":"shipping-taxable","12":"purchasable","13":"product-type-simple"},"_links":{"self":[{"href":"https:\/\/facilityprojectsolutions.com\/fr\/wp-json\/wp\/v2\/product\/347","targetHints":{"allow":["GET"]}}],"collection":[{"href":"https:\/\/facilityprojectsolutions.com\/fr\/wp-json\/wp\/v2\/product"}],"about":[{"href":"https:\/\/facilityprojectsolutions.com\/fr\/wp-json\/wp\/v2\/types\/product"}],"wp:featuredmedia":[{"embeddable":true,"href":"https:\/\/facilityprojectsolutions.com\/fr\/wp-json\/wp\/v2\/media\/356"}],"wp:attachment":[{"href":"https:\/\/facilityprojectsolutions.com\/fr\/wp-json\/wp\/v2\/media?parent=347"}],"wp:term":[{"taxonomy":"product_brand","embeddable":true,"href":"https:\/\/facilityprojectsolutions.com\/fr\/wp-json\/wp\/v2\/product_brand?post=347"},{"taxonomy":"product_cat","embeddable":true,"href":"https:\/\/facilityprojectsolutions.com\/fr\/wp-json\/wp\/v2\/product_cat?post=347"},{"taxonomy":"product_tag","embeddable":true,"href":"https:\/\/facilityprojectsolutions.com\/fr\/wp-json\/wp\/v2\/product_tag?post=347"}],"curies":[{"name":"wp","href":"https:\/\/api.w.org\/{rel}","templated":true}]}}