{"id":348,"date":"2026-02-13T11:09:44","date_gmt":"2026-02-13T11:09:44","guid":{"rendered":"https:\/\/facilityprojectsolutions.com\/?post_type=product&#038;p=348"},"modified":"2026-02-13T11:09:44","modified_gmt":"2026-02-13T11:09:44","slug":"high-capacity-outdoor-litter-receptacle","status":"publish","type":"product","link":"https:\/\/facilityprojectsolutions.com\/fr\/high-capacity-outdoor-litter-receptacle\/","title":{"rendered":"Corbeille d'ext\u00e9rieur de grande capacit\u00e9"},"content":{"rendered":"<p data-start=\"0\" data-end=\"447\">Con\u00e7ue pour les parcs, les paysages de rue, les abords des transports en commun et les entr\u00e9es de b\u00e2timents o\u00f9 les volumes de d\u00e9chets augmentent rapidement, cette poubelle ext\u00e9rieure de grande capacit\u00e9 permet de maintenir les espaces publics en ordre en r\u00e9duisant le nombre de tourn\u00e9es de ramassage. Sa construction r\u00e9sistante aux intemp\u00e9ries permet de le placer tout au long de l'ann\u00e9e et de le laver r\u00e9guli\u00e8rement, ce qui r\u00e9duit le temps que les \u00e9quipes charg\u00e9es des installations consacrent aux retouches de nettoyage et permet de garder les fa\u00e7ades pr\u00e9sentables.<\/p>\n<p data-start=\"449\" data-end=\"1081\">Pour les emplacements \u00e0 plus haut risque tels que les trottoirs, les entr\u00e9es d'\u00e9cole et les avant-cours de gare, des dispositifs d'ancrage\/anti-sabotage en option peuvent aider l'unit\u00e9 \u00e0 rester bien en place et \u00e0 d\u00e9courager les interf\u00e9rences occasionnelles. \u00c0 l'int\u00e9rieur, un rev\u00eatement amovible rationalise l'entretien : les \u00e9quipes retirent le rev\u00eatement, l'ensachent et l'\u00e9liminent, puis le remettent en place sans manipuler les d\u00e9chets en vrac contre la coque ext\u00e9rieure, ce qui r\u00e9duit le d\u00e9sordre, la propagation des odeurs et le temps de nettoyage entre les tourn\u00e9es. Ce flux de travail o\u00f9 le sac est le premier \u00e0 \u00eatre utilis\u00e9 permet \u00e9galement de prot\u00e9ger le corps du r\u00e9ceptacle, ce qui prolonge sa dur\u00e9e de vie et simplifie l'entretien pr\u00e9ventif.<\/p>\n<p data-start=\"1083\" data-end=\"1371\">Utilisez des unit\u00e9s individuelles aux points d'entr\u00e9e pour capturer les d\u00e9chets de premier contact, ou installez-les en s\u00e9rie le long des promenades et des couloirs pi\u00e9tonniers pour suivre les sch\u00e9mas de circulation des pi\u00e9tons. L'agencement int\u00e9rieur simple permet d'acc\u00e9l\u00e9rer les inspections et le nettoyage en profondeur saisonnier apr\u00e8s les temp\u00eates, les march\u00e9s ou les \u00e9v\u00e9nements du week-end.<\/p>","protected":false},"excerpt":{"rendered":"<p data-start=\"1373\" data-end=\"1614\">R\u00e9cipient \u00e0 d\u00e9chets ext\u00e9rieur de grande capacit\u00e9 pour les campus, les rues et les places d'entr\u00e9e. Des dispositifs d'ancrage et d'anti-violation en option am\u00e9liorent la stabilit\u00e9, tandis qu'un rev\u00eatement int\u00e9rieur amovible acc\u00e9l\u00e8re le vidage et simplifie l'entretien de routine.<\/p>","protected":false},"featured_media":357,"template":"","meta":{"_gspb_post_css":""},"product_brand":[],"product_cat":[30,27],"product_tag":[],"class_list":{"0":"post-348","1":"product","2":"type-product","3":"status-publish","4":"has-post-thumbnail","6":"product_cat-heavy-duty-waste-bins","7":"product_cat-outdoor-trash-bins","9":"first","10":"instock","11":"shipping-taxable","12":"purchasable","13":"product-type-simple"},"_links":{"self":[{"href":"https:\/\/facilityprojectsolutions.com\/fr\/wp-json\/wp\/v2\/product\/348","targetHints":{"allow":["GET"]}}],"collection":[{"href":"https:\/\/facilityprojectsolutions.com\/fr\/wp-json\/wp\/v2\/product"}],"about":[{"href":"https:\/\/facilityprojectsolutions.com\/fr\/wp-json\/wp\/v2\/types\/product"}],"wp:featuredmedia":[{"embeddable":true,"href":"https:\/\/facilityprojectsolutions.com\/fr\/wp-json\/wp\/v2\/media\/357"}],"wp:attachment":[{"href":"https:\/\/facilityprojectsolutions.com\/fr\/wp-json\/wp\/v2\/media?parent=348"}],"wp:term":[{"taxonomy":"product_brand","embeddable":true,"href":"https:\/\/facilityprojectsolutions.com\/fr\/wp-json\/wp\/v2\/product_brand?post=348"},{"taxonomy":"product_cat","embeddable":true,"href":"https:\/\/facilityprojectsolutions.com\/fr\/wp-json\/wp\/v2\/product_cat?post=348"},{"taxonomy":"product_tag","embeddable":true,"href":"https:\/\/facilityprojectsolutions.com\/fr\/wp-json\/wp\/v2\/product_tag?post=348"}],"curies":[{"name":"wp","href":"https:\/\/api.w.org\/{rel}","templated":true}]}}