{"id":361,"date":"2026-02-13T11:48:13","date_gmt":"2026-02-13T11:48:13","guid":{"rendered":"https:\/\/facilityprojectsolutions.com\/?post_type=product&#038;p=361"},"modified":"2026-02-13T11:48:13","modified_gmt":"2026-02-13T11:48:13","slug":"street-litter-bin-with-anti-theft-base","status":"publish","type":"product","link":"https:\/\/facilityprojectsolutions.com\/fr\/street-litter-bin-with-anti-theft-base\/","title":{"rendered":"Corbeille de rue avec base antivol"},"content":{"rendered":"<p data-start=\"0\" data-end=\"456\">Con\u00e7ue pour les espaces publics ext\u00e9rieurs (portails de campus, all\u00e9es de parcs commerciaux, paysages de rue et abords des transports en commun), cette poubelle de rue est dot\u00e9e d'une base antivol qui permet de la maintenir \u00e0 l'endroit o\u00f9 les \u00e9quipes et les visiteurs l'attendent. La base est pr\u00e9par\u00e9e pour un ancrage optionnel sur des surfaces dures et peut \u00eatre associ\u00e9e \u00e0 un dispositif anti-viol dans les endroits \u00e0 haut risque pour d\u00e9courager l'enl\u00e8vement, le renversement ou le vol opportuniste.<\/p>\n<p data-start=\"458\" data-end=\"978\">Placez la poubelle \u00e0 l'entr\u00e9e des b\u00e2timents, le long des cl\u00f4tures, \u00e0 c\u00f4t\u00e9 des arr\u00eats de bus ou pr\u00e8s des points de passage pour favoriser un comportement pr\u00e9visible en mati\u00e8re d'\u00e9limination des d\u00e9chets sans cr\u00e9er d'obstacles dans la zone pi\u00e9tonne. Un rev\u00eatement int\u00e9rieur amovible permet un entretien plus rapide et plus propre : les \u00e9quipes peuvent retirer les d\u00e9chets en une seule \u00e9tape, essuyer le rev\u00eatement et remettre la poubelle en service avec un contact minimal et moins d'incidents de d\u00e9versement. Le remplacement r\u00e9gulier du sac contribue \u00e9galement \u00e0 r\u00e9duire les d\u00e9bordements et \u00e0 rendre le paysage urbain plus hygi\u00e9nique.<\/p>\n<p data-start=\"980\" data-end=\"1223\">Pour l'entretien \u00e0 long terme du site, la construction est con\u00e7ue pour une exposition tout au long de l'ann\u00e9e et des lavages p\u00e9riodiques, ce qui aide les \u00e9quipes des installations \u00e0 maintenir un aspect coh\u00e9rent sur l'ensemble des itin\u00e9raires tout en r\u00e9duisant les appels impr\u00e9vus li\u00e9s aux conteneurs d\u00e9plac\u00e9s.<\/p>","protected":false},"excerpt":{"rendered":"<p>Poubelle d'ext\u00e9rieur pour les entr\u00e9es de campus et les all\u00e9es publiques, dot\u00e9e d'une base antivol avec ancrage optionnel et mat\u00e9riel anti-sabotage. Le rev\u00eatement amovible acc\u00e9l\u00e8re le vidage et facilite l'entretien de routine pour les \u00e9quipes.<\/p>","protected":false},"featured_media":372,"template":"","meta":{"_gspb_post_css":""},"product_brand":[],"product_cat":[29,27],"product_tag":[],"class_list":{"0":"post-361","1":"product","2":"type-product","3":"status-publish","4":"has-post-thumbnail","6":"product_cat-park-street-trash-cans","7":"product_cat-outdoor-trash-bins","9":"first","10":"instock","11":"shipping-taxable","12":"purchasable","13":"product-type-simple"},"_links":{"self":[{"href":"https:\/\/facilityprojectsolutions.com\/fr\/wp-json\/wp\/v2\/product\/361","targetHints":{"allow":["GET"]}}],"collection":[{"href":"https:\/\/facilityprojectsolutions.com\/fr\/wp-json\/wp\/v2\/product"}],"about":[{"href":"https:\/\/facilityprojectsolutions.com\/fr\/wp-json\/wp\/v2\/types\/product"}],"wp:featuredmedia":[{"embeddable":true,"href":"https:\/\/facilityprojectsolutions.com\/fr\/wp-json\/wp\/v2\/media\/372"}],"wp:attachment":[{"href":"https:\/\/facilityprojectsolutions.com\/fr\/wp-json\/wp\/v2\/media?parent=361"}],"wp:term":[{"taxonomy":"product_brand","embeddable":true,"href":"https:\/\/facilityprojectsolutions.com\/fr\/wp-json\/wp\/v2\/product_brand?post=361"},{"taxonomy":"product_cat","embeddable":true,"href":"https:\/\/facilityprojectsolutions.com\/fr\/wp-json\/wp\/v2\/product_cat?post=361"},{"taxonomy":"product_tag","embeddable":true,"href":"https:\/\/facilityprojectsolutions.com\/fr\/wp-json\/wp\/v2\/product_tag?post=361"}],"curies":[{"name":"wp","href":"https:\/\/api.w.org\/{rel}","templated":true}]}}