{"id":362,"date":"2026-02-13T11:26:43","date_gmt":"2026-02-13T11:26:43","guid":{"rendered":"https:\/\/facilityprojectsolutions.com\/?post_type=product&#038;p=362"},"modified":"2026-02-13T11:26:43","modified_gmt":"2026-02-13T11:26:43","slug":"reinforced-commercial-waste-bin-on-base","status":"publish","type":"product","link":"https:\/\/facilityprojectsolutions.com\/fr\/reinforced-commercial-waste-bin-on-base\/","title":{"rendered":"Poubelle commerciale renforc\u00e9e sur socle"},"content":{"rendered":"<p data-start=\"0\" data-end=\"1119\">Con\u00e7ue pour les zones ext\u00e9rieures tr\u00e8s fr\u00e9quent\u00e9es, cette poubelle commerciale renforc\u00e9e repose sur une base stable qui convient aux parcs d'activit\u00e9s, aux all\u00e9es des campus, aux coins de rue et aux zones d'entr\u00e9e des b\u00e2timents. Le corps renforc\u00e9 l'aide \u00e0 r\u00e9sister aux impacts quotidiens des chariots, du trafic pi\u00e9tonnier et des collectes de routine, tandis que les fonctions d'ancrage et d'anti-vandalisme en option permettent un placement plus s\u00fbr en cas de vol ou de vandalisme - des priorit\u00e9s courantes pour les poubelles de l'espace public. Pour les \u00e9quipes de maintenance, l'entretien est simplifi\u00e9 : la poubelle est con\u00e7ue pour des changements de sacs rapides et peut \u00eatre configur\u00e9e autour d'un sac int\u00e9rieur amovible, ce qui r\u00e9duit le contact avec les r\u00e9sidus et raccourcit le temps de vidange. L'entretien bas\u00e9 sur le sac int\u00e9rieur et le vidage facile sont des approches largement utilis\u00e9es dans les poubelles d'ext\u00e9rieur pour garder la coque ext\u00e9rieure plus propre au fil du temps. La construction ax\u00e9e sur l'ext\u00e9rieur est con\u00e7ue pour r\u00e9sister aux intemp\u00e9ries et aux nettoyages r\u00e9p\u00e9t\u00e9s, ce qui permet de r\u00e9duire les retouches fr\u00e9quentes et les r\u00e9parations impr\u00e9vues. Placez-en un aux arr\u00eats de transport en commun, \u00e0 l'entr\u00e9e des parcs ou le long de la fa\u00e7ade des commerces pour encourager l'\u00e9limination correcte des d\u00e9chets et r\u00e9duire le ramassage des ordures.<\/p>","protected":false},"excerpt":{"rendered":"<p>Poubelle commerciale renforc\u00e9e sur une base stable pour les parcs, les rues et les entr\u00e9es d'\u00e9tablissements. Les caract\u00e9ristiques d'ancrage et d'anti-violation en option et la conception de la poubelle amovible pr\u00eate \u00e0 l'emploi permettent aux \u00e9quipes de vider et de nettoyer plus rapidement lors de leurs tourn\u00e9es quotidiennes.<\/p>","protected":false},"featured_media":367,"template":"","meta":{"_gspb_post_css":""},"product_brand":[],"product_cat":[30,27],"product_tag":[],"class_list":{"0":"post-362","1":"product","2":"type-product","3":"status-publish","4":"has-post-thumbnail","6":"product_cat-heavy-duty-waste-bins","7":"product_cat-outdoor-trash-bins","9":"first","10":"instock","11":"shipping-taxable","12":"purchasable","13":"product-type-simple"},"_links":{"self":[{"href":"https:\/\/facilityprojectsolutions.com\/fr\/wp-json\/wp\/v2\/product\/362","targetHints":{"allow":["GET"]}}],"collection":[{"href":"https:\/\/facilityprojectsolutions.com\/fr\/wp-json\/wp\/v2\/product"}],"about":[{"href":"https:\/\/facilityprojectsolutions.com\/fr\/wp-json\/wp\/v2\/types\/product"}],"wp:featuredmedia":[{"embeddable":true,"href":"https:\/\/facilityprojectsolutions.com\/fr\/wp-json\/wp\/v2\/media\/367"}],"wp:attachment":[{"href":"https:\/\/facilityprojectsolutions.com\/fr\/wp-json\/wp\/v2\/media?parent=362"}],"wp:term":[{"taxonomy":"product_brand","embeddable":true,"href":"https:\/\/facilityprojectsolutions.com\/fr\/wp-json\/wp\/v2\/product_brand?post=362"},{"taxonomy":"product_cat","embeddable":true,"href":"https:\/\/facilityprojectsolutions.com\/fr\/wp-json\/wp\/v2\/product_cat?post=362"},{"taxonomy":"product_tag","embeddable":true,"href":"https:\/\/facilityprojectsolutions.com\/fr\/wp-json\/wp\/v2\/product_tag?post=362"}],"curies":[{"name":"wp","href":"https:\/\/api.w.org\/{rel}","templated":true}]}}