{"id":363,"date":"2026-02-13T11:38:58","date_gmt":"2026-02-13T11:38:58","guid":{"rendered":"https:\/\/facilityprojectsolutions.com\/?post_type=product&#038;p=363"},"modified":"2026-02-13T11:38:58","modified_gmt":"2026-02-13T11:38:58","slug":"park-street-trash-can-with-dual-opening","status":"publish","type":"product","link":"https:\/\/facilityprojectsolutions.com\/fr\/park-street-trash-can-with-dual-opening\/","title":{"rendered":"Poubelle Park Street \u00e0 double ouverture"},"content":{"rendered":"<p>La poubelle Park Street \u00e0 double ouverture est con\u00e7ue pour les espaces publics ext\u00e9rieurs o\u00f9 les gens arrivent de plusieurs directions : le long des all\u00e9es des parcs, aux coins des rues et \u00e0 l'entr\u00e9e des campus ou des sites. La double ouverture permet aux utilisateurs de se d\u00e9barrasser de leurs d\u00e9chets sans avoir \u00e0 tourner autour de l'unit\u00e9, ce qui favorise la fluidit\u00e9 du flux des pi\u00e9tons et r\u00e9duit les d\u00e9bordements aux abords des entr\u00e9es tr\u00e8s fr\u00e9quent\u00e9es. <br data-start=\"410\" data-end=\"413\" \/>Pour une exposition \u00e0 long terme, il est con\u00e7u autour d'une construction pr\u00eate \u00e0 affronter les intemp\u00e9ries et de finitions destin\u00e9es \u00e0 r\u00e9sister au soleil et aux pluies saisonni\u00e8res, de sorte que les nettoyages de routine et les rin\u00e7ages p\u00e9riodiques peuvent remplacer les retouches fr\u00e9quentes. <br data-start=\"666\" data-end=\"669\" \/>L'entretien quotidien est simplifi\u00e9 par un rev\u00eatement int\u00e9rieur amovible qui acc\u00e9l\u00e8re le changement de sac et facilite le nettoyage de l'int\u00e9rieur lors des arr\u00eats, ce qui est utile pour les \u00e9quipes municipales, les gestionnaires immobiliers et les \u00e9quipes charg\u00e9es des rondes fixes. <br data-start=\"942\" data-end=\"945\" \/>Dans les endroits \u00e0 plus haut risque, tels que les trottoirs adjacents aux transports en commun, les d\u00e9parts de sentiers ou les files d'attente, des dispositifs d'ancrage et d'anti-sabotage optionnels peuvent aider \u00e0 maintenir le r\u00e9cipient stable et \u00e0 r\u00e9duire le temps pass\u00e9 \u00e0 corriger les mouvements ou les interf\u00e9rences.<\/p>","protected":false},"excerpt":{"rendered":"<p>Les deux ouvertures permettent d'\u00e9liminer les d\u00e9chets des deux c\u00f4t\u00e9s, sur les chemins des parcs, dans les rues et aux portes des campus. Un rev\u00eatement amovible et des surfaces nettoyables par essuyage r\u00e9duisent les op\u00e9rations quotidiennes de vidange et de lavage, ce qui permet un entretien pr\u00e9visible sur les itin\u00e9raires \u00e0 service fixe.<\/p>","protected":false},"featured_media":369,"template":"","meta":{"_gspb_post_css":""},"product_brand":[],"product_cat":[29,27],"product_tag":[],"class_list":{"0":"post-363","1":"product","2":"type-product","3":"status-publish","4":"has-post-thumbnail","6":"product_cat-park-street-trash-cans","7":"product_cat-outdoor-trash-bins","9":"first","10":"instock","11":"shipping-taxable","12":"purchasable","13":"product-type-simple"},"_links":{"self":[{"href":"https:\/\/facilityprojectsolutions.com\/fr\/wp-json\/wp\/v2\/product\/363","targetHints":{"allow":["GET"]}}],"collection":[{"href":"https:\/\/facilityprojectsolutions.com\/fr\/wp-json\/wp\/v2\/product"}],"about":[{"href":"https:\/\/facilityprojectsolutions.com\/fr\/wp-json\/wp\/v2\/types\/product"}],"wp:featuredmedia":[{"embeddable":true,"href":"https:\/\/facilityprojectsolutions.com\/fr\/wp-json\/wp\/v2\/media\/369"}],"wp:attachment":[{"href":"https:\/\/facilityprojectsolutions.com\/fr\/wp-json\/wp\/v2\/media?parent=363"}],"wp:term":[{"taxonomy":"product_brand","embeddable":true,"href":"https:\/\/facilityprojectsolutions.com\/fr\/wp-json\/wp\/v2\/product_brand?post=363"},{"taxonomy":"product_cat","embeddable":true,"href":"https:\/\/facilityprojectsolutions.com\/fr\/wp-json\/wp\/v2\/product_cat?post=363"},{"taxonomy":"product_tag","embeddable":true,"href":"https:\/\/facilityprojectsolutions.com\/fr\/wp-json\/wp\/v2\/product_tag?post=363"}],"curies":[{"name":"wp","href":"https:\/\/api.w.org\/{rel}","templated":true}]}}