{"id":376,"date":"2026-02-13T12:08:38","date_gmt":"2026-02-13T12:08:38","guid":{"rendered":"https:\/\/facilityprojectsolutions.com\/?post_type=product&#038;p=376"},"modified":"2026-02-13T12:22:53","modified_gmt":"2026-02-13T12:22:53","slug":"outdoor-public-trash-can-for-sidewalks","status":"publish","type":"product","link":"https:\/\/facilityprojectsolutions.com\/fr\/outdoor-public-trash-can-for-sidewalks\/","title":{"rendered":"Poubelle publique ext\u00e9rieure pour les trottoirs"},"content":{"rendered":"<p>Le long des trottoirs des campus et des all\u00e9es des parcs de bureaux, le r\u00e9ceptacle ext\u00e9rieur permet de contenir les d\u00e9chets, de sorte que les \u00e9quipes consacrent moins de temps aux balayages quotidiens. Aux coins des rues et aux arr\u00eats de transport en commun, un corps rigide et r\u00e9sistant aux intemp\u00e9ries permet de r\u00e9sister au soleil, \u00e0 la pluie et aux chocs, ce qui permet aux \u00e9quipes d'entretien de r\u00e9duire les cycles de retouche et de remplacement. Pr\u00e8s des entr\u00e9es de b\u00e2timents et des voies d'acc\u00e8s, une large ouverture \u00e0 ouverture facile guide les produits jetables dans la poubelle, ce qui permet au personnel de r\u00e9duire les nettoyages de d\u00e9versements autour des seuils. Sur les places et dans les couloirs pi\u00e9tonniers, le rev\u00eatement int\u00e9rieur amovible simplifie le remplacement des sacs, de sorte qu'un seul employ\u00e9 peut vider et r\u00e9initialiser l'unit\u00e9 rapidement avec un minimum de contact. Sur les routes municipales et les campus, les surfaces internes lisses se rincent proprement, de sorte que les lavages se terminent plus rapidement et que les odeurs sont plus faciles \u00e0 contr\u00f4ler. Sur les trottoirs \u00e0 forte circulation et dans les rues \u00e0 usage mixte, des points d'ancrage optionnels peuvent \u00eatre sp\u00e9cifi\u00e9s pour que les biens restent en place et que les audits de site prennent moins de temps. Pour les lieux publics pr\u00e9sentant un risque de vandalisme, des fixations anti-sabotage peuvent \u00eatre ajout\u00e9es en option afin de contr\u00f4ler l'acc\u00e8s et de r\u00e9duire le nombre de r\u00e9parations. Dans les parcs, les rues et les entr\u00e9es de commerces, la disposition facilitant la maintenance permet une inspection de routine afin que les \u00e9quipes puissent normaliser les intervalles d'entretien et garder les zones publiques pr\u00e9sentables.<\/p>","protected":false},"excerpt":{"rendered":"<p>Pour les campus, les rues et les places d'entr\u00e9e, cette poubelle ext\u00e9rieure utilise un syst\u00e8me de vidange \u00e0 base de doublure pour que les \u00e9quipes changent rapidement les sacs, tandis que les fonctions optionnelles d'ancrage et d'anti-sabotage aident \u00e0 r\u00e9duire les appels de service.<\/p>","protected":false},"featured_media":382,"template":"","meta":{"_gspb_post_css":""},"product_brand":[],"product_cat":[29,27],"product_tag":[],"class_list":{"0":"post-376","1":"product","2":"type-product","3":"status-publish","4":"has-post-thumbnail","6":"product_cat-park-street-trash-cans","7":"product_cat-outdoor-trash-bins","9":"first","10":"instock","11":"shipping-taxable","12":"purchasable","13":"product-type-simple"},"_links":{"self":[{"href":"https:\/\/facilityprojectsolutions.com\/fr\/wp-json\/wp\/v2\/product\/376","targetHints":{"allow":["GET"]}}],"collection":[{"href":"https:\/\/facilityprojectsolutions.com\/fr\/wp-json\/wp\/v2\/product"}],"about":[{"href":"https:\/\/facilityprojectsolutions.com\/fr\/wp-json\/wp\/v2\/types\/product"}],"wp:featuredmedia":[{"embeddable":true,"href":"https:\/\/facilityprojectsolutions.com\/fr\/wp-json\/wp\/v2\/media\/382"}],"wp:attachment":[{"href":"https:\/\/facilityprojectsolutions.com\/fr\/wp-json\/wp\/v2\/media?parent=376"}],"wp:term":[{"taxonomy":"product_brand","embeddable":true,"href":"https:\/\/facilityprojectsolutions.com\/fr\/wp-json\/wp\/v2\/product_brand?post=376"},{"taxonomy":"product_cat","embeddable":true,"href":"https:\/\/facilityprojectsolutions.com\/fr\/wp-json\/wp\/v2\/product_cat?post=376"},{"taxonomy":"product_tag","embeddable":true,"href":"https:\/\/facilityprojectsolutions.com\/fr\/wp-json\/wp\/v2\/product_tag?post=376"}],"curies":[{"name":"wp","href":"https:\/\/api.w.org\/{rel}","templated":true}]}}