{"id":378,"date":"2026-02-13T12:21:27","date_gmt":"2026-02-13T12:21:27","guid":{"rendered":"https:\/\/facilityprojectsolutions.com\/?post_type=product&#038;p=378"},"modified":"2026-02-13T12:21:27","modified_gmt":"2026-02-13T12:21:27","slug":"city-park-garbage-bin-with-wide-mouth","status":"publish","type":"product","link":"https:\/\/facilityprojectsolutions.com\/fr\/city-park-garbage-bin-with-wide-mouth\/","title":{"rendered":"Poubelle de parc urbain \u00e0 large ouverture"},"content":{"rendered":"<p data-start=\"0\" data-end=\"342\">Gardez les zones publiques tr\u00e8s fr\u00e9quent\u00e9es plus propres avec une poubelle \u00e0 large ouverture con\u00e7ue pour les parcs urbains, les paysages de rue et les entr\u00e9es de b\u00e2timents ou de transports en commun. L'ouverture g\u00e9n\u00e9reuse permet aux pi\u00e9tons, aux familles et aux \u00e9quipes d'entretien de d\u00e9poser rapidement leurs d\u00e9chets, ce qui contribue \u00e0 r\u00e9duire les d\u00e9chets autour des all\u00e9es, des aires de jeux, des places et des barri\u00e8res.<\/p>\n<p data-start=\"344\" data-end=\"733\">Destin\u00e9e \u00e0 \u00eatre plac\u00e9e \u00e0 l'ext\u00e9rieur tout au long de l'ann\u00e9e, la poubelle est con\u00e7ue pour \u00eatre expos\u00e9e aux intemp\u00e9ries et aux lavages de routine, ce qui permet de prolonger les intervalles de service avec moins de travaux de retouche. Les r\u00e9ceptacles ext\u00e9rieurs sont g\u00e9n\u00e9ralement dot\u00e9s de finitions et de rev\u00eatements protecteurs pour r\u00e9sister aux intemp\u00e9ries, et une conception ax\u00e9e sur l'entretien permet aux \u00e9quipes de garder les sites pr\u00e9sentables gr\u00e2ce \u00e0 des \u00e9tapes de nettoyage simples.<\/p>\n<p data-start=\"735\" data-end=\"1326\">L'entretien quotidien est rationalis\u00e9 gr\u00e2ce \u00e0 un rev\u00eatement int\u00e9rieur amovible : le personnel peut soulever, ensacher et retourner le rev\u00eatement rapidement, ce qui permet de maintenir les itin\u00e9raires de collecte en mouvement et de minimiser le contact avec la coque ext\u00e9rieure. L'approche du rev\u00eatement facilite \u00e9galement l'isolement des d\u00e9versements pour un rin\u00e7age rapide, r\u00e9duisant ainsi l'accumulation d'odeurs et de r\u00e9sidus entre les nettoyages programm\u00e9s. Lorsque les sites sont confront\u00e9s \u00e0 un basculement ou \u00e0 un d\u00e9placement non autoris\u00e9, des fonctions d'ancrage et d'anti-sabotage peuvent \u00eatre sp\u00e9cifi\u00e9es en option afin de maintenir un positionnement coh\u00e9rent et de r\u00e9duire les interruptions de service non planifi\u00e9es.<\/p>","protected":false},"excerpt":{"rendered":"<p data-start=\"1328\" data-end=\"1577\">Poubelle d'ext\u00e9rieur \u00e0 large ouverture pour les parcs, les rues et les points d'entr\u00e9e. Le rev\u00eatement amovible simplifie le changement de sac et le nettoyage par rin\u00e7age. Les options d'ancrage et d'anti-sabotage permettent de maintenir un emplacement coh\u00e9rent dans les zones publiques tr\u00e8s fr\u00e9quent\u00e9es.<\/p>","protected":false},"featured_media":387,"template":"","meta":{"_gspb_post_css":""},"product_brand":[],"product_cat":[29,27],"product_tag":[],"class_list":{"0":"post-378","1":"product","2":"type-product","3":"status-publish","4":"has-post-thumbnail","6":"product_cat-park-street-trash-cans","7":"product_cat-outdoor-trash-bins","9":"first","10":"instock","11":"shipping-taxable","12":"purchasable","13":"product-type-simple"},"_links":{"self":[{"href":"https:\/\/facilityprojectsolutions.com\/fr\/wp-json\/wp\/v2\/product\/378","targetHints":{"allow":["GET"]}}],"collection":[{"href":"https:\/\/facilityprojectsolutions.com\/fr\/wp-json\/wp\/v2\/product"}],"about":[{"href":"https:\/\/facilityprojectsolutions.com\/fr\/wp-json\/wp\/v2\/types\/product"}],"wp:featuredmedia":[{"embeddable":true,"href":"https:\/\/facilityprojectsolutions.com\/fr\/wp-json\/wp\/v2\/media\/387"}],"wp:attachment":[{"href":"https:\/\/facilityprojectsolutions.com\/fr\/wp-json\/wp\/v2\/media?parent=378"}],"wp:term":[{"taxonomy":"product_brand","embeddable":true,"href":"https:\/\/facilityprojectsolutions.com\/fr\/wp-json\/wp\/v2\/product_brand?post=378"},{"taxonomy":"product_cat","embeddable":true,"href":"https:\/\/facilityprojectsolutions.com\/fr\/wp-json\/wp\/v2\/product_cat?post=378"},{"taxonomy":"product_tag","embeddable":true,"href":"https:\/\/facilityprojectsolutions.com\/fr\/wp-json\/wp\/v2\/product_tag?post=378"}],"curies":[{"name":"wp","href":"https:\/\/api.w.org\/{rel}","templated":true}]}}