{"id":407,"date":"2026-02-13T13:27:30","date_gmt":"2026-02-13T13:27:30","guid":{"rendered":"https:\/\/facilityprojectsolutions.com\/?post_type=product&#038;p=407"},"modified":"2026-02-13T13:27:30","modified_gmt":"2026-02-13T13:27:30","slug":"all-weather-metal-trash-can-for-public-spaces","status":"publish","type":"product","link":"https:\/\/facilityprojectsolutions.com\/fr\/all-weather-metal-trash-can-for-public-spaces\/","title":{"rendered":"Poubelle m\u00e9tallique tous temps pour les espaces publics"},"content":{"rendered":"<p data-start=\"0\" data-end=\"409\">Con\u00e7ue pour les parcs, les campus commerciaux, les paysages de rue et les entr\u00e9es o\u00f9 les poubelles sont expos\u00e9es au soleil, \u00e0 la pluie et \u00e0 un trafic pi\u00e9tonnier intense, cette poubelle en m\u00e9tal r\u00e9sistante \u00e0 tous les temps permet une collecte r\u00e9guli\u00e8re des d\u00e9chets avec un faible effort d'entretien au quotidien. Le corps en m\u00e9tal est con\u00e7u pour une exposition ext\u00e9rieure et des lavages r\u00e9guliers, ce qui permet aux installations de conserver un aspect uniforme le long des all\u00e9es, des bordures de trottoir et des entr\u00e9es de site.<\/p>\n<p data-start=\"411\" data-end=\"947\">Un rev\u00eatement int\u00e9rieur amovible permet aux \u00e9quipes de soulever et de remplacer les sacs sans avoir \u00e0 entrer dans l'armoire, ce qui acc\u00e9l\u00e8re les tourn\u00e9es sur les sites de plusieurs b\u00e2timents et r\u00e9duit le contact avec les d\u00e9chets. Le rev\u00eatement peut \u00e9galement \u00eatre rinc\u00e9 s\u00e9par\u00e9ment pour aider \u00e0 g\u00e9rer les odeurs apr\u00e8s les temp\u00eates. Pour les couloirs expos\u00e9s au vent, les trottoirs adjacents aux transports en commun ou les zones fr\u00e9quemment utilis\u00e9es apr\u00e8s les heures de bureau, des dispositifs d'ancrage et d'anti-violation peuvent \u00eatre sp\u00e9cifi\u00e9s en option pour r\u00e9duire les risques de basculement, de d\u00e9placement et d'acc\u00e8s non autoris\u00e9.<\/p>\n<p data-start=\"949\" data-end=\"1186\">Gr\u00e2ce \u00e0 ses composants simples et \u00e0 ses surfaces nettoyables, l'unit\u00e9 est facile \u00e0 entretenir pour un d\u00e9ploiement \u00e0 long terme en ext\u00e9rieur, ce qui permet des inspections planifi\u00e9es, un entretien plus rapide et moins de temps pass\u00e9 \u00e0 faire des retouches de nettoyage autour des chemins publics tr\u00e8s fr\u00e9quent\u00e9s.<\/p>","protected":false},"excerpt":{"rendered":"<p data-start=\"1188\" data-end=\"1441\">Poubelle en m\u00e9tal r\u00e9sistante aux intemp\u00e9ries pour les all\u00e9es des campus, les coins de rue et les entr\u00e9es des \u00e9tablissements. Le rev\u00eatement amovible permet d'acc\u00e9l\u00e9rer les tourn\u00e9es de collecte, tandis que les dispositifs d'ancrage et d'anti-violation en option contribuent \u00e0 r\u00e9duire le renversement et le nettoyage en dehors des heures de travail.<\/p>","protected":false},"featured_media":415,"template":"","meta":{"_gspb_post_css":""},"product_brand":[],"product_cat":[31,27],"product_tag":[],"class_list":{"0":"post-407","1":"product","2":"type-product","3":"status-publish","4":"has-post-thumbnail","6":"product_cat-weather-resistant-bins","7":"product_cat-outdoor-trash-bins","9":"first","10":"instock","11":"shipping-taxable","12":"purchasable","13":"product-type-simple"},"_links":{"self":[{"href":"https:\/\/facilityprojectsolutions.com\/fr\/wp-json\/wp\/v2\/product\/407","targetHints":{"allow":["GET"]}}],"collection":[{"href":"https:\/\/facilityprojectsolutions.com\/fr\/wp-json\/wp\/v2\/product"}],"about":[{"href":"https:\/\/facilityprojectsolutions.com\/fr\/wp-json\/wp\/v2\/types\/product"}],"wp:featuredmedia":[{"embeddable":true,"href":"https:\/\/facilityprojectsolutions.com\/fr\/wp-json\/wp\/v2\/media\/415"}],"wp:attachment":[{"href":"https:\/\/facilityprojectsolutions.com\/fr\/wp-json\/wp\/v2\/media?parent=407"}],"wp:term":[{"taxonomy":"product_brand","embeddable":true,"href":"https:\/\/facilityprojectsolutions.com\/fr\/wp-json\/wp\/v2\/product_brand?post=407"},{"taxonomy":"product_cat","embeddable":true,"href":"https:\/\/facilityprojectsolutions.com\/fr\/wp-json\/wp\/v2\/product_cat?post=407"},{"taxonomy":"product_tag","embeddable":true,"href":"https:\/\/facilityprojectsolutions.com\/fr\/wp-json\/wp\/v2\/product_tag?post=407"}],"curies":[{"name":"wp","href":"https:\/\/api.w.org\/{rel}","templated":true}]}}