{"id":408,"date":"2026-02-13T13:32:53","date_gmt":"2026-02-13T13:32:53","guid":{"rendered":"https:\/\/facilityprojectsolutions.com\/?post_type=product&#038;p=408"},"modified":"2026-02-13T13:32:53","modified_gmt":"2026-02-13T13:32:53","slug":"2-stream-waste-sorting-bin-for-hotels","status":"publish","type":"product","link":"https:\/\/facilityprojectsolutions.com\/fr\/2-stream-waste-sorting-bin-for-hotels\/","title":{"rendered":"Poubelle de tri des d\u00e9chets \u00e0 2 flux pour les h\u00f4tels"},"content":{"rendered":"<p data-start=\"0\" data-end=\"359\">Con\u00e7ue pour les halls d'entr\u00e9e des h\u00f4tels, les salles \u00e0 manger et les bureaux, cette poubelle de tri des d\u00e9chets \u00e0 deux flux permet de s\u00e9parer clairement les d\u00e9chets d'enfouissement et les produits recyclables dans une station \u00e9l\u00e9gante. Chaque flux comporte une signal\u00e9tique audacieuse et facile \u00e0 lire, ainsi qu'une ouverture restreinte et cibl\u00e9e qui guide les clients et le personnel vers le bon choix et permet de garder les flux plus propres.<\/p>\n<p data-start=\"361\" data-end=\"695\">\u00c0 l'int\u00e9rieur, des rev\u00eatements amovibles et une porte facile \u00e0 entretenir simplifient le vidage et les nettoyages quotidiens, m\u00eame dans les zones tr\u00e8s fr\u00e9quent\u00e9es. Les inserts modulaires et les ouvertures configurables offrent une exp\u00e9rience utilisateur \u201cintelligente\u201d. Vous pouvez ainsi vous adapter \u00e0 votre programme local (par exemple, bouteilles et canettes contre papier, ou recyclage mixte contre d\u00e9chets) sans avoir \u00e0 r\u00e9viser l'ensemble de l'unit\u00e9.<\/p>\n<p data-start=\"697\" data-end=\"1121\">Vous avez besoin de vous d\u00e9velopper au-del\u00e0 de deux flux ? Le corps modulaire est con\u00e7u pour \u00eatre plac\u00e9 de mani\u00e8re coh\u00e9rente dans votre \u00e9tablissement et peut \u00eatre compl\u00e9t\u00e9 par des modules suppl\u00e9mentaires pour cr\u00e9er un point de tri \u00e0 trois ou plusieurs flux. Des jeux de graphiques en option permettent de diffuser des messages coh\u00e9rents dans les zones r\u00e9serv\u00e9es aux clients. Le r\u00e9sultat est une apparence plus nette \u00e0 l'avant de l'\u00e9tablissement, un service plus rapide \u00e0 l'arri\u00e8re, et une installation de recyclage qui encourage la participation sans ajouter d'encombrement.<\/p>","protected":false},"excerpt":{"rendered":"<p>Une station de tri \u00e0 deux flux raffin\u00e9e pour les halls d'h\u00f4tel, les caf\u00e9s et les bureaux. Des \u00e9tiquettes claires et des ouvertures restreintes guident l'\u00e9limination correcte, tandis que des doublures amovibles, une porte de service et des inserts modulaires permettent un entretien rapide et flexible.<\/p>","protected":false},"featured_media":419,"template":"","meta":{"_gspb_post_css":""},"product_brand":[],"product_cat":[34,32],"product_tag":[],"class_list":{"0":"post-408","1":"product","2":"type-product","3":"status-publish","4":"has-post-thumbnail","6":"product_cat-classification-stations","7":"product_cat-recycling-sorting-systems","9":"first","10":"instock","11":"shipping-taxable","12":"purchasable","13":"product-type-simple"},"_links":{"self":[{"href":"https:\/\/facilityprojectsolutions.com\/fr\/wp-json\/wp\/v2\/product\/408","targetHints":{"allow":["GET"]}}],"collection":[{"href":"https:\/\/facilityprojectsolutions.com\/fr\/wp-json\/wp\/v2\/product"}],"about":[{"href":"https:\/\/facilityprojectsolutions.com\/fr\/wp-json\/wp\/v2\/types\/product"}],"wp:featuredmedia":[{"embeddable":true,"href":"https:\/\/facilityprojectsolutions.com\/fr\/wp-json\/wp\/v2\/media\/419"}],"wp:attachment":[{"href":"https:\/\/facilityprojectsolutions.com\/fr\/wp-json\/wp\/v2\/media?parent=408"}],"wp:term":[{"taxonomy":"product_brand","embeddable":true,"href":"https:\/\/facilityprojectsolutions.com\/fr\/wp-json\/wp\/v2\/product_brand?post=408"},{"taxonomy":"product_cat","embeddable":true,"href":"https:\/\/facilityprojectsolutions.com\/fr\/wp-json\/wp\/v2\/product_cat?post=408"},{"taxonomy":"product_tag","embeddable":true,"href":"https:\/\/facilityprojectsolutions.com\/fr\/wp-json\/wp\/v2\/product_tag?post=408"}],"curies":[{"name":"wp","href":"https:\/\/api.w.org\/{rel}","templated":true}]}}