{"id":421,"date":"2026-02-13T13:47:53","date_gmt":"2026-02-13T13:47:53","guid":{"rendered":"https:\/\/facilityprojectsolutions.com\/?post_type=product&#038;p=421"},"modified":"2026-02-13T13:47:53","modified_gmt":"2026-02-13T13:47:53","slug":"indoor-waste-classification-bin-set","status":"publish","type":"product","link":"https:\/\/facilityprojectsolutions.com\/fr\/indoor-waste-classification-bin-set\/","title":{"rendered":"Ensemble de poubelles d'int\u00e9rieur"},"content":{"rendered":"<p data-start=\"0\" data-end=\"446\">Con\u00e7ue pour les halls d'entr\u00e9e des h\u00f4tels, les salles \u00e0 manger et les bureaux tr\u00e8s fr\u00e9quent\u00e9s, cette poubelle d'int\u00e9rieur transforme l'\u00e9limination des d\u00e9chets en une action claire et guid\u00e9e. S\u00e9lectionnez une <strong data-start=\"186\" data-end=\"198\">2-flux<\/strong> ou <strong data-start=\"202\" data-end=\"214\">3-flux<\/strong> et attribuer \u00e0 chaque flux un ensemble d'\u00e9tiquettes propres avec des ic\u00f4nes et des rep\u00e8res de couleur. Con\u00e7u \u00e0 des fins sp\u00e9cifiques, <strong data-start=\"312\" data-end=\"335\">ouvertures restreintes<\/strong> (\u00e0 fente, rond ou d\u00e9chets g\u00e9n\u00e9raux) incitent doucement les utilisateurs \u00e0 se diriger vers le bon flux et contribuent \u00e0 r\u00e9duire la contamination.<\/p>\n<p data-start=\"448\" data-end=\"1140\">Au fur et \u00e0 mesure que votre programme change, la station s'adapte : <strong data-start=\"493\" data-end=\"512\">inserts modulaires<\/strong> et les ouvertures interchangeables facilitent le renouvellement des conseils sans avoir \u00e0 remplacer l'ensemble de l'unit\u00e9. Pour les \u00e9quipes charg\u00e9es des installations, l'entretien reste efficace : chaque compartiment est \u00e9quip\u00e9 d'un syst\u00e8me d'ouverture et de fermeture facile \u00e0 entretenir. <strong data-start=\"706\" data-end=\"721\">rev\u00eatement int\u00e9rieur<\/strong> et un <strong data-start=\"728\" data-end=\"749\">porte d'acc\u00e8s avant<\/strong> pour un changement de sac rapide et un essuyage sans souci. L'aspect unifi\u00e9 et architectural s'adapte aux zones orient\u00e9es vers les clients, tandis que la s\u00e9paration claire des flux encourage une plus grande participation de la part des visiteurs et du personnel. Une conception intelligente : les ouvertures configurables et les inserts modulaires cr\u00e9ent une exp\u00e9rience de tri simple et reproductible - pas de promesses technologiques, juste une meilleure orientation.<\/p>","protected":false},"excerpt":{"rendered":"<p data-start=\"1142\" data-end=\"1361\">Station de recyclage int\u00e9rieure multi-flux pour les h\u00f4tels et les bureaux, propos\u00e9e en configuration \u00e0 2 ou 3 flux avec des ouvertures restreintes, une signalisation claire, une extension modulaire et des rev\u00eatements int\u00e9rieurs et des portes faciles d'entretien.<\/p>","protected":false},"featured_media":426,"template":"","meta":{"_gspb_post_css":""},"product_brand":[],"product_cat":[34,32],"product_tag":[],"class_list":{"0":"post-421","1":"product","2":"type-product","3":"status-publish","4":"has-post-thumbnail","6":"product_cat-classification-stations","7":"product_cat-recycling-sorting-systems","9":"first","10":"instock","11":"shipping-taxable","12":"purchasable","13":"product-type-simple"},"_links":{"self":[{"href":"https:\/\/facilityprojectsolutions.com\/fr\/wp-json\/wp\/v2\/product\/421","targetHints":{"allow":["GET"]}}],"collection":[{"href":"https:\/\/facilityprojectsolutions.com\/fr\/wp-json\/wp\/v2\/product"}],"about":[{"href":"https:\/\/facilityprojectsolutions.com\/fr\/wp-json\/wp\/v2\/types\/product"}],"wp:featuredmedia":[{"embeddable":true,"href":"https:\/\/facilityprojectsolutions.com\/fr\/wp-json\/wp\/v2\/media\/426"}],"wp:attachment":[{"href":"https:\/\/facilityprojectsolutions.com\/fr\/wp-json\/wp\/v2\/media?parent=421"}],"wp:term":[{"taxonomy":"product_brand","embeddable":true,"href":"https:\/\/facilityprojectsolutions.com\/fr\/wp-json\/wp\/v2\/product_brand?post=421"},{"taxonomy":"product_cat","embeddable":true,"href":"https:\/\/facilityprojectsolutions.com\/fr\/wp-json\/wp\/v2\/product_cat?post=421"},{"taxonomy":"product_tag","embeddable":true,"href":"https:\/\/facilityprojectsolutions.com\/fr\/wp-json\/wp\/v2\/product_tag?post=421"}],"curies":[{"name":"wp","href":"https:\/\/api.w.org\/{rel}","templated":true}]}}