{"id":428,"date":"2026-02-13T14:21:31","date_gmt":"2026-02-13T14:21:31","guid":{"rendered":"https:\/\/facilityprojectsolutions.com\/?post_type=product&#038;p=428"},"modified":"2026-02-13T14:21:31","modified_gmt":"2026-02-13T14:21:31","slug":"hotel-garbage-classification-bin-with-doors","status":"publish","type":"product","link":"https:\/\/facilityprojectsolutions.com\/fr\/hotel-garbage-classification-bin-with-doors\/","title":{"rendered":"Corbeille de classement des d\u00e9chets d'h\u00f4tel avec portes"},"content":{"rendered":"<p data-start=\"0\" data-end=\"597\">Con\u00e7ue pour les halls d'entr\u00e9e des h\u00f4tels, les salles \u00e0 manger et les zones de bureaux, cette poubelle de classification permet de trier les d\u00e9chets de mani\u00e8re ordonn\u00e9e et conviviale pour les clients. S\u00e9lectionnez un <strong data-start=\"167\" data-end=\"179\">2-flux<\/strong> ou <strong data-start=\"183\" data-end=\"195\">3-flux<\/strong> pour correspondre \u00e0 votre programme (par exemple : d\u00e9charge \/ recyclage mixte \/ d\u00e9chets organiques), puis adapter l'exp\u00e9rience de l'utilisateur \u00e0 l'aide de <strong data-start=\"323\" data-end=\"342\">inserts modulaires<\/strong> et <strong data-start=\"347\" data-end=\"372\">ouvertures configurables<\/strong> qui orientent naturellement les articles vers le bon flux. Les \u00e9tiquettes \u00e0 fort contraste et les ic\u00f4nes de guidage facilitent la prise de d\u00e9cision. <strong data-start=\"490\" data-end=\"519\" data-is-only-node=\"\">des formes d'admission restrictives<\/strong> (\u00e0 fente, rondes ou mixtes) contribuent \u00e0 r\u00e9duire le ph\u00e9nom\u00e8ne de \u201cwish-cycling\u201d sans ralentir la circulation.<\/p>\n<p data-start=\"599\" data-end=\"1138\">Derri\u00e8re la fa\u00e7ade \u00e9pur\u00e9e, des portes pleine hauteur permettent au personnel d'acc\u00e9der rapidement aux \u00e9l\u00e9ments suivants <strong data-start=\"673\" data-end=\"699\">doublures int\u00e9rieures amovibles<\/strong> pour un changement de sac plus rapide et un nettoyage simplifi\u00e9, id\u00e9al pour les p\u00e9riodes de pointe et la maintenance quotidienne. Au fur et \u00e0 mesure de l'\u00e9volution des besoins, la construction modulaire permet des mises \u00e0 niveau faciles : ajouter un autre module, changer le jeu d'ouverture ou rafra\u00eechir les panneaux de signalisation pour s'aligner sur les r\u00e8gles de collecte locales. Gr\u00e2ce \u00e0 son apparence soign\u00e9e en fa\u00e7ade et \u00e0 sa facilit\u00e9 d'entretien en arri\u00e8re-plan, la station encourage la participation tout en pr\u00e9servant l'ordre et le professionnalisme des espaces publics.<\/p>","protected":false},"excerpt":{"rendered":"<p data-start=\"1140\" data-end=\"1376\">Station de tri des d\u00e9chets \u00e0 l'entr\u00e9e de l'\u00e9tablissement pour les h\u00f4tels dot\u00e9s de portes de service s\u00e9curis\u00e9es. Propos\u00e9e en deux ou trois flux, avec des ic\u00f4nes claires, des ouvertures restreintes et des inserts modulaires pour guider les clients et simplifier les changements de sacs.<\/p>","protected":false},"featured_media":434,"template":"","meta":{"_gspb_post_css":""},"product_brand":[],"product_cat":[34,32],"product_tag":[],"class_list":{"0":"post-428","1":"product","2":"type-product","3":"status-publish","4":"has-post-thumbnail","6":"product_cat-classification-stations","7":"product_cat-recycling-sorting-systems","9":"first","10":"instock","11":"shipping-taxable","12":"purchasable","13":"product-type-simple"},"_links":{"self":[{"href":"https:\/\/facilityprojectsolutions.com\/fr\/wp-json\/wp\/v2\/product\/428","targetHints":{"allow":["GET"]}}],"collection":[{"href":"https:\/\/facilityprojectsolutions.com\/fr\/wp-json\/wp\/v2\/product"}],"about":[{"href":"https:\/\/facilityprojectsolutions.com\/fr\/wp-json\/wp\/v2\/types\/product"}],"wp:featuredmedia":[{"embeddable":true,"href":"https:\/\/facilityprojectsolutions.com\/fr\/wp-json\/wp\/v2\/media\/434"}],"wp:attachment":[{"href":"https:\/\/facilityprojectsolutions.com\/fr\/wp-json\/wp\/v2\/media?parent=428"}],"wp:term":[{"taxonomy":"product_brand","embeddable":true,"href":"https:\/\/facilityprojectsolutions.com\/fr\/wp-json\/wp\/v2\/product_brand?post=428"},{"taxonomy":"product_cat","embeddable":true,"href":"https:\/\/facilityprojectsolutions.com\/fr\/wp-json\/wp\/v2\/product_cat?post=428"},{"taxonomy":"product_tag","embeddable":true,"href":"https:\/\/facilityprojectsolutions.com\/fr\/wp-json\/wp\/v2\/product_tag?post=428"}],"curies":[{"name":"wp","href":"https:\/\/api.w.org\/{rel}","templated":true}]}}