{"id":443,"date":"2026-02-14T03:20:13","date_gmt":"2026-02-14T03:20:13","guid":{"rendered":"https:\/\/facilityprojectsolutions.com\/?post_type=product&#038;p=443"},"modified":"2026-02-14T03:20:13","modified_gmt":"2026-02-14T03:20:13","slug":"branded-recycling-station-with-logo-printing","status":"publish","type":"product","link":"https:\/\/facilityprojectsolutions.com\/fr\/branded-recycling-station-with-logo-printing\/","title":{"rendered":"Station de recyclage de marque avec impression de logo"},"content":{"rendered":"<p data-start=\"0\" data-end=\"1132\">Offrez une exp\u00e9rience de recyclage plus propre et plus attrayante dans le hall d'entr\u00e9e de votre h\u00f4tel, dans votre salle \u00e0 manger ou dans votre bureau, gr\u00e2ce \u00e0 une station de recyclage de marque con\u00e7ue pour le tri multi-flux. S\u00e9lectionnez un <strong data-start=\"191\" data-end=\"203\">2-flux<\/strong> ou <strong data-start=\"207\" data-end=\"219\">3-flux<\/strong> et d'ajouter des modules ult\u00e9rieurement au fur et \u00e0 mesure que votre programme de r\u00e9acheminement se d\u00e9veloppe - id\u00e9al pour les propri\u00e9t\u00e9s qui recherchent la flexibilit\u00e9 sans avoir \u00e0 remplacer l'ensemble de l'unit\u00e9. Chaque flux utilise des \u00e9tiquettes claires et contrast\u00e9es ainsi que des ouvertures restrictives optionnelles (fente, ronde, mixte) qui orientent les utilisateurs vers la bonne poubelle et contribuent \u00e0 r\u00e9duire la contamination. Une signalisation coh\u00e9rente et des ouvertures sp\u00e9cifiques aux flux sont largement utilis\u00e9es pour r\u00e9duire la confusion et am\u00e9liorer la s\u00e9paration \u00e0 la source. <br data-start=\"677\" data-end=\"680\" \/>Derri\u00e8re la porte d'acc\u00e8s, des rev\u00eatements amovibles et des surfaces int\u00e9rieures faciles \u00e0 essuyer simplifient l'entretien quotidien et permettent de garder l'ext\u00e9rieur orient\u00e9 vers le public propre. Pour une exp\u00e9rience utilisateur \u201cintelligente\u201d, les inserts sup\u00e9rieurs configurables vous permettent d'adapter les ouvertures \u00e0 vos r\u00e8gles actuelles en mati\u00e8re de d\u00e9chets et de les modifier en fonction de l'\u00e9volution des politiques, sans avoir recours \u00e0 l'\u00e9lectronique. Les finitions avec votre logo et les couleurs de votre marque renforcent le message sur le d\u00e9veloppement durable et encouragent la participation des clients, des convives et du personnel.<\/p>","protected":false},"excerpt":{"rendered":"<p data-start=\"1134\" data-end=\"1372\">Station de recyclage \u00e0 logo personnalis\u00e9 pour les lieux de travail et d'accueil \u00e0 forte fr\u00e9quentation. Choisissez le tri \u00e0 2 ou 3 flux avec des \u00e9tiquettes claires et des ouvertures restrictives, ainsi que des inserts modulaires et des doublures faciles \u00e0 enlever pour un entretien ordonn\u00e9.<\/p>","protected":false},"featured_media":450,"template":"","meta":{"_gspb_post_css":""},"product_brand":[],"product_cat":[36,32],"product_tag":[],"class_list":{"0":"post-443","1":"product","2":"type-product","3":"status-publish","4":"has-post-thumbnail","6":"product_cat-custom-recycling-projects","7":"product_cat-recycling-sorting-systems","9":"first","10":"instock","11":"shipping-taxable","12":"purchasable","13":"product-type-simple"},"_links":{"self":[{"href":"https:\/\/facilityprojectsolutions.com\/fr\/wp-json\/wp\/v2\/product\/443","targetHints":{"allow":["GET"]}}],"collection":[{"href":"https:\/\/facilityprojectsolutions.com\/fr\/wp-json\/wp\/v2\/product"}],"about":[{"href":"https:\/\/facilityprojectsolutions.com\/fr\/wp-json\/wp\/v2\/types\/product"}],"wp:featuredmedia":[{"embeddable":true,"href":"https:\/\/facilityprojectsolutions.com\/fr\/wp-json\/wp\/v2\/media\/450"}],"wp:attachment":[{"href":"https:\/\/facilityprojectsolutions.com\/fr\/wp-json\/wp\/v2\/media?parent=443"}],"wp:term":[{"taxonomy":"product_brand","embeddable":true,"href":"https:\/\/facilityprojectsolutions.com\/fr\/wp-json\/wp\/v2\/product_brand?post=443"},{"taxonomy":"product_cat","embeddable":true,"href":"https:\/\/facilityprojectsolutions.com\/fr\/wp-json\/wp\/v2\/product_cat?post=443"},{"taxonomy":"product_tag","embeddable":true,"href":"https:\/\/facilityprojectsolutions.com\/fr\/wp-json\/wp\/v2\/product_tag?post=443"}],"curies":[{"name":"wp","href":"https:\/\/api.w.org\/{rel}","templated":true}]}}