{"id":444,"date":"2026-02-14T03:11:40","date_gmt":"2026-02-14T03:11:40","guid":{"rendered":"https:\/\/facilityprojectsolutions.com\/?post_type=product&#038;p=444"},"modified":"2026-02-14T03:11:41","modified_gmt":"2026-02-14T03:11:41","slug":"custom-3-stream-recycling-bin-project","status":"publish","type":"product","link":"https:\/\/facilityprojectsolutions.com\/fr\/custom-3-stream-recycling-bin-project\/","title":{"rendered":"Projet de poubelle de recyclage \u00e0 trois voies sur mesure"},"content":{"rendered":"<p data-start=\"0\" data-end=\"431\">Con\u00e7ue pour les halls d'entr\u00e9e des h\u00f4tels, les salles \u00e0 manger et les bureaux modernes, cette poubelle de recyclage \u00e0 trois flux personnalis\u00e9e transforme la question \u201co\u00f9 va-t-elle ?\u201d en une question facile \u00e0 poser en toute confiance. Chaque flux est guid\u00e9 par des graphiques audacieux et sp\u00e9cifiques au site, ainsi que par des couleurs optionnelles, tandis que des ouvertures restrictives (bouteilles\/canettes, fente pour le papier, d\u00e9charge, mati\u00e8res organiques, etc.) emp\u00eachent d\u00e9licatement les mauvais articles d'entrer dans le mauvais sac.<\/p>\n<p data-start=\"433\" data-end=\"818\">Derri\u00e8re la fa\u00e7ade propre, un int\u00e9rieur convivial permet de r\u00e9duire le temps de travail du personnel : sacs amovibles, r\u00e9tention intuitive des sacs et acc\u00e8s aux portes dimensionn\u00e9s pour des changements et des nettoyages rapides. Le syst\u00e8me semble \u201cintelligent\u201d \u00e0 l'usage, non pas gr\u00e2ce \u00e0 des capteurs, mais gr\u00e2ce \u00e0 des inserts modulaires et des ouvertures configurables qui peuvent \u00eatre remplac\u00e9s au fur et \u00e0 mesure de l'\u00e9volution de votre programme.<\/p>\n<p data-start=\"820\" data-end=\"1187\">Ajoutez ou supprimez des flux pour correspondre \u00e0 une configuration \u00e0 deux ou trois flux, agrandissez les stations au fil du temps ou uniformisez l'aspect dans plusieurs propri\u00e9t\u00e9s. Le r\u00e9sultat est une station de recyclage qui a l'air intentionnelle, qui permet un meilleur tri et qui aide \u00e0 stimuler la participation des clients et des employ\u00e9s, du caf\u00e9 du matin aux pauses de la conf\u00e9rence.<\/p>","protected":false},"excerpt":{"rendered":"<p>Une station de recyclage \u00e0 trois flux personnalisable avec des ouvertures claires et restrictives et des inserts modulaires pour guider le tri dans les halls d'h\u00f4tel, les zones de restauration et les bureaux - des rev\u00eatements et des portes faciles d'acc\u00e8s permettent un entretien rapide.<\/p>","protected":false},"featured_media":449,"template":"","meta":{"_gspb_post_css":""},"product_brand":[],"product_cat":[36,32],"product_tag":[],"class_list":{"0":"post-444","1":"product","2":"type-product","3":"status-publish","4":"has-post-thumbnail","6":"product_cat-custom-recycling-projects","7":"product_cat-recycling-sorting-systems","9":"first","10":"instock","11":"shipping-taxable","12":"purchasable","13":"product-type-simple"},"_links":{"self":[{"href":"https:\/\/facilityprojectsolutions.com\/fr\/wp-json\/wp\/v2\/product\/444","targetHints":{"allow":["GET"]}}],"collection":[{"href":"https:\/\/facilityprojectsolutions.com\/fr\/wp-json\/wp\/v2\/product"}],"about":[{"href":"https:\/\/facilityprojectsolutions.com\/fr\/wp-json\/wp\/v2\/types\/product"}],"wp:featuredmedia":[{"embeddable":true,"href":"https:\/\/facilityprojectsolutions.com\/fr\/wp-json\/wp\/v2\/media\/449"}],"wp:attachment":[{"href":"https:\/\/facilityprojectsolutions.com\/fr\/wp-json\/wp\/v2\/media?parent=444"}],"wp:term":[{"taxonomy":"product_brand","embeddable":true,"href":"https:\/\/facilityprojectsolutions.com\/fr\/wp-json\/wp\/v2\/product_brand?post=444"},{"taxonomy":"product_cat","embeddable":true,"href":"https:\/\/facilityprojectsolutions.com\/fr\/wp-json\/wp\/v2\/product_cat?post=444"},{"taxonomy":"product_tag","embeddable":true,"href":"https:\/\/facilityprojectsolutions.com\/fr\/wp-json\/wp\/v2\/product_tag?post=444"}],"curies":[{"name":"wp","href":"https:\/\/api.w.org\/{rel}","templated":true}]}}