{"id":458,"date":"2026-02-14T07:43:17","date_gmt":"2026-02-14T07:43:17","guid":{"rendered":"https:\/\/facilityprojectsolutions.com\/?post_type=product&#038;p=458"},"modified":"2026-02-14T07:43:17","modified_gmt":"2026-02-14T07:43:17","slug":"stainless-steel-recycling-bin-with-labels","status":"publish","type":"product","link":"https:\/\/facilityprojectsolutions.com\/fr\/stainless-steel-recycling-bin-with-labels\/","title":{"rendered":"Poubelle de recyclage en acier inoxydable avec \u00e9tiquettes"},"content":{"rendered":"<p data-start=\"0\" data-end=\"608\">Con\u00e7ue pour les lieux de travail et d'accueil \u00e0 forte fr\u00e9quentation, cette poubelle de recyclage en acier inoxydable permet de r\u00e9pondre rapidement et en toute confiance \u00e0 la question \u201cO\u00f9 cela va-t-il ? Choisissez une disposition \u00e0 2 flux ou \u00e0 3 flux pour s\u00e9parer les d\u00e9chets enfouis, les d\u00e9chets recyclables m\u00e9lang\u00e9s et les d\u00e9chets organiques (si votre programme local le permet), le tout dans un espace propre et peu encombrant. Les grandes \u00e9tiquettes \u00e0 fort contraste sont plac\u00e9es \u00e0 hauteur des yeux, tandis que les couvercles configurables utilisent des ouvertures guid\u00e9es par la forme (fente, ronde ou rectangulaire) pour d\u00e9courager les mauvais articles et r\u00e9duire la contamination, ce qui contribue \u00e0 stimuler la participation dans les halls d'entr\u00e9e, les zones de restauration et les espaces communs des bureaux.<\/p>\n<p data-start=\"610\" data-end=\"1095\">Gr\u00e2ce \u00e0 son format modulaire, vous pouvez commencer avec les flux dont vous avez besoin aujourd'hui et les \u00e9tendre plus tard en ajoutant des modules assortis ou en changeant les ouvertures au fur et \u00e0 mesure de l'\u00e9volution de votre audit des d\u00e9chets. \u00c0 l'int\u00e9rieur, des doublures amovibles permettent un changement rapide des sacs et une manipulation ordonn\u00e9e pour les \u00e9quipes des installations, et les panneaux d'\u00e9tiquettes sont faciles \u00e0 mettre \u00e0 jour lorsque vos besoins en mati\u00e8re de signalisation changent. Le corps en m\u00e9tal bross\u00e9 s'essuie facilement et compl\u00e8te les int\u00e9rieurs haut de gamme, de sorte que la durabilit\u00e9 semble faire partie de l'exp\u00e9rience du client plut\u00f4t que d'\u00eatre une r\u00e9flexion apr\u00e8s coup.<\/p>","protected":false},"excerpt":{"rendered":"<p>Station de recyclage en acier inoxydable avec des \u00e9tiquettes claires et des ouvertures configurables. Disponible en 2 ou 3 flux, elle guide les clients et les employ\u00e9s pour qu'ils trient correctement, tandis que les rev\u00eatements amovibles permettent un entretien quotidien rapide.<\/p>","protected":false},"featured_media":464,"template":"","meta":{"_gspb_post_css":""},"product_brand":[],"product_cat":[33,32],"product_tag":[],"class_list":{"0":"post-458","1":"product","2":"type-product","3":"status-publish","4":"has-post-thumbnail","6":"product_cat-recycling-bins","7":"product_cat-recycling-sorting-systems","9":"first","10":"instock","11":"shipping-taxable","12":"purchasable","13":"product-type-simple"},"_links":{"self":[{"href":"https:\/\/facilityprojectsolutions.com\/fr\/wp-json\/wp\/v2\/product\/458","targetHints":{"allow":["GET"]}}],"collection":[{"href":"https:\/\/facilityprojectsolutions.com\/fr\/wp-json\/wp\/v2\/product"}],"about":[{"href":"https:\/\/facilityprojectsolutions.com\/fr\/wp-json\/wp\/v2\/types\/product"}],"wp:featuredmedia":[{"embeddable":true,"href":"https:\/\/facilityprojectsolutions.com\/fr\/wp-json\/wp\/v2\/media\/464"}],"wp:attachment":[{"href":"https:\/\/facilityprojectsolutions.com\/fr\/wp-json\/wp\/v2\/media?parent=458"}],"wp:term":[{"taxonomy":"product_brand","embeddable":true,"href":"https:\/\/facilityprojectsolutions.com\/fr\/wp-json\/wp\/v2\/product_brand?post=458"},{"taxonomy":"product_cat","embeddable":true,"href":"https:\/\/facilityprojectsolutions.com\/fr\/wp-json\/wp\/v2\/product_cat?post=458"},{"taxonomy":"product_tag","embeddable":true,"href":"https:\/\/facilityprojectsolutions.com\/fr\/wp-json\/wp\/v2\/product_tag?post=458"}],"curies":[{"name":"wp","href":"https:\/\/api.w.org\/{rel}","templated":true}]}}