{"id":459,"date":"2026-02-14T08:30:38","date_gmt":"2026-02-14T08:30:38","guid":{"rendered":"https:\/\/facilityprojectsolutions.com\/?post_type=product&#038;p=459"},"modified":"2026-02-14T08:30:38","modified_gmt":"2026-02-14T08:30:38","slug":"dual-compartment-recycling-bin-for-indoors","status":"publish","type":"product","link":"https:\/\/facilityprojectsolutions.com\/fr\/dual-compartment-recycling-bin-for-indoors\/","title":{"rendered":"Corbeille de recyclage \u00e0 deux compartiments pour l'int\u00e9rieur"},"content":{"rendered":"<p data-start=\"0\" data-end=\"387\">Con\u00e7ue pour les espaces int\u00e9rieurs tr\u00e8s fr\u00e9quent\u00e9s, cette poubelle de recyclage \u00e0 double compartiment aide les clients et le personnel \u00e0 trier les d\u00e9chets en toute confiance dans les halls d'entr\u00e9e des h\u00f4tels, les salles \u00e0 manger et les salles communes des bureaux. Les deux flux clairement s\u00e9par\u00e9s r\u00e9duisent la contamination crois\u00e9e, tandis que les graphiques audacieux \u00e0 hauteur d'\u0153il et les ouvertures restrictives incitent doucement les utilisateurs \u00e0 faire le bon choix et \u00e0 s'\u00e9loigner du recyclage \u00e0 tout va.<\/p>\n<p data-start=\"389\" data-end=\"736\">Derri\u00e8re l'ext\u00e9rieur, l'int\u00e9rieur, qui privil\u00e9gie l'entretien, permet des changements rapides et ordonn\u00e9s : sortez les sacs, essuyez-les si n\u00e9cessaire et fermez la porte d'acc\u00e8s pour que la station conserve son aspect impeccable pendant les heures d'affluence. Un \u00e9tiquetage coh\u00e9rent raccourcit \u00e9galement le temps de formation des \u00e9quipes d'entretien et des installations, de sorte que votre programme reste sur la bonne voie, quart de travail apr\u00e8s quart de travail.<\/p>\n<p data-start=\"738\" data-end=\"975\">Pour les propri\u00e9t\u00e9s qui souhaitent \u00e9voluer, le syst\u00e8me offre une exp\u00e9rience intelligente et flexible : permutez les inserts modulaires pour correspondre aux flux s\u00e9lectionn\u00e9s, ou connectez des unit\u00e9s suppl\u00e9mentaires pour cr\u00e9er des stations \u00e0 3 ou 4 flux sans avoir \u00e0 retravailler l'empreinte au sol.<\/p>\n<p data-start=\"977\" data-end=\"1178\">Le r\u00e9sultat est un point de recyclage qui a l'air intentionnel, qui am\u00e9liore la pr\u00e9cision de l'\u00e9limination et qui donne l'impression que la participation se fait sans effort, ce qui est id\u00e9al pour les zones d'accueil o\u00f9 la propret\u00e9 et l'exp\u00e9rience de la marque sont importantes.<\/p>","protected":false},"excerpt":{"rendered":"<p>Bac de recyclage int\u00e9rieur \u00e0 deux flux pour les h\u00f4tels et les bureaux, avec une signal\u00e9tique claire et des ouvertures sp\u00e9cialement con\u00e7ues. Des rev\u00eatements amovibles et une porte de service acc\u00e9l\u00e8rent l'entretien, tandis que des inserts configurables permettent d'harmoniser les flux ou d'agrandir les stations.<\/p>","protected":false},"featured_media":467,"template":"","meta":{"_gspb_post_css":""},"product_brand":[],"product_cat":[33,32],"product_tag":[],"class_list":{"0":"post-459","1":"product","2":"type-product","3":"status-publish","4":"has-post-thumbnail","6":"product_cat-recycling-bins","7":"product_cat-recycling-sorting-systems","9":"first","10":"instock","11":"shipping-taxable","12":"purchasable","13":"product-type-simple"},"_links":{"self":[{"href":"https:\/\/facilityprojectsolutions.com\/fr\/wp-json\/wp\/v2\/product\/459","targetHints":{"allow":["GET"]}}],"collection":[{"href":"https:\/\/facilityprojectsolutions.com\/fr\/wp-json\/wp\/v2\/product"}],"about":[{"href":"https:\/\/facilityprojectsolutions.com\/fr\/wp-json\/wp\/v2\/types\/product"}],"wp:featuredmedia":[{"embeddable":true,"href":"https:\/\/facilityprojectsolutions.com\/fr\/wp-json\/wp\/v2\/media\/467"}],"wp:attachment":[{"href":"https:\/\/facilityprojectsolutions.com\/fr\/wp-json\/wp\/v2\/media?parent=459"}],"wp:term":[{"taxonomy":"product_brand","embeddable":true,"href":"https:\/\/facilityprojectsolutions.com\/fr\/wp-json\/wp\/v2\/product_brand?post=459"},{"taxonomy":"product_cat","embeddable":true,"href":"https:\/\/facilityprojectsolutions.com\/fr\/wp-json\/wp\/v2\/product_cat?post=459"},{"taxonomy":"product_tag","embeddable":true,"href":"https:\/\/facilityprojectsolutions.com\/fr\/wp-json\/wp\/v2\/product_tag?post=459"}],"curies":[{"name":"wp","href":"https:\/\/api.w.org\/{rel}","templated":true}]}}