{"id":460,"date":"2026-02-14T08:34:23","date_gmt":"2026-02-14T08:34:23","guid":{"rendered":"https:\/\/facilityprojectsolutions.com\/?post_type=product&#038;p=460"},"modified":"2026-02-14T08:34:23","modified_gmt":"2026-02-14T08:34:23","slug":"luxury-recycling-bin-with-marble-finish-panels","status":"publish","type":"product","link":"https:\/\/facilityprojectsolutions.com\/fr\/luxury-recycling-bin-with-marble-finish-panels\/","title":{"rendered":"Corbeille de recyclage de luxe avec panneaux en marbre"},"content":{"rendered":"<p data-start=\"0\" data-end=\"780\">Con\u00e7u pour les espaces d'accueil o\u00f9 l'apparence compte autant que la performance, le <strong data-start=\"110\" data-end=\"160\">Corbeille de recyclage de luxe avec panneaux en marbre<\/strong> apporte un aspect sur\u00e9lev\u00e9, inspir\u00e9 de la pierre, aux halls d'entr\u00e9e des h\u00f4tels, aux entr\u00e9es des restaurants, aux files d'attente des caf\u00e9s et aux zones d'accueil des bureaux, tout en organisant clairement les flux de d\u00e9chets. Choisissez un <strong data-start=\"336\" data-end=\"348\">2-flux<\/strong> ou <strong data-start=\"352\" data-end=\"364\">3-flux<\/strong> et attribuer \u00e0 chaque flux un panneau de titre d\u00e9di\u00e9 ainsi qu'une forme, <strong data-start=\"441\" data-end=\"464\">ouverture restrictive<\/strong> (fente pour le papier, ouverture ronde pour la bouteille ou la canette, ou rabat pour la d\u00e9charge) \u00e0 l'aide de <strong data-start=\"528\" data-end=\"547\" data-is-only-node=\"\">inserts modulaires<\/strong> qui peuvent \u00eatre reconfigur\u00e9s en fonction de l'\u00e9volution de votre programme. Des rep\u00e8res visuels bien pens\u00e9s - des \u00e9tiquettes claires associ\u00e9es \u00e0 des ouvertures sp\u00e9cifiques aux flux - aident \u00e0 guider les comportements en mati\u00e8re d'\u00e9limination et \u00e0 r\u00e9duire les m\u00e9langes dans les lieux publics tr\u00e8s fr\u00e9quent\u00e9s.<\/p>\n<p data-start=\"782\" data-end=\"1191\">L'entretien est \u00e9galement pris en compte : une porte avant discr\u00e8te permet un acc\u00e8s rapide, les doublures se soul\u00e8vent pour des changements rapides et les surfaces int\u00e9rieures lisses s'essuient pour des tourn\u00e9es d'entretien efficaces. Le format modulaire permet \u00e9galement l'expansion : ajoutez une unit\u00e9 ou un flux suppl\u00e9mentaire sans r\u00e9am\u00e9nager votre espace, et conservez une esth\u00e9tique haut de gamme coh\u00e9rente sur plusieurs \u00e9tages et dans plusieurs lieux.<\/p>","protected":false},"excerpt":{"rendered":"<p>Une station de recyclage au fini marbr\u00e9 pour les halls d'entr\u00e9e, les salles \u00e0 manger et les bureaux. Choisissez le tri \u00e0 2 ou 3 flux avec des \u00e9tiquettes claires, des ouvertures restrictives et des inserts modulaires. La porte frontale et les rev\u00eatements amovibles facilitent l'entretien.<\/p>","protected":false},"featured_media":470,"template":"","meta":{"_gspb_post_css":""},"product_brand":[],"product_cat":[33,32],"product_tag":[],"class_list":{"0":"post-460","1":"product","2":"type-product","3":"status-publish","4":"has-post-thumbnail","6":"product_cat-recycling-bins","7":"product_cat-recycling-sorting-systems","9":"first","10":"instock","11":"shipping-taxable","12":"purchasable","13":"product-type-simple"},"_links":{"self":[{"href":"https:\/\/facilityprojectsolutions.com\/fr\/wp-json\/wp\/v2\/product\/460","targetHints":{"allow":["GET"]}}],"collection":[{"href":"https:\/\/facilityprojectsolutions.com\/fr\/wp-json\/wp\/v2\/product"}],"about":[{"href":"https:\/\/facilityprojectsolutions.com\/fr\/wp-json\/wp\/v2\/types\/product"}],"wp:featuredmedia":[{"embeddable":true,"href":"https:\/\/facilityprojectsolutions.com\/fr\/wp-json\/wp\/v2\/media\/470"}],"wp:attachment":[{"href":"https:\/\/facilityprojectsolutions.com\/fr\/wp-json\/wp\/v2\/media?parent=460"}],"wp:term":[{"taxonomy":"product_brand","embeddable":true,"href":"https:\/\/facilityprojectsolutions.com\/fr\/wp-json\/wp\/v2\/product_brand?post=460"},{"taxonomy":"product_cat","embeddable":true,"href":"https:\/\/facilityprojectsolutions.com\/fr\/wp-json\/wp\/v2\/product_cat?post=460"},{"taxonomy":"product_tag","embeddable":true,"href":"https:\/\/facilityprojectsolutions.com\/fr\/wp-json\/wp\/v2\/product_tag?post=460"}],"curies":[{"name":"wp","href":"https:\/\/api.w.org\/{rel}","templated":true}]}}