{"id":473,"date":"2026-02-14T08:54:20","date_gmt":"2026-02-14T08:54:20","guid":{"rendered":"https:\/\/facilityprojectsolutions.com\/?post_type=product&#038;p=473"},"modified":"2026-02-14T08:54:20","modified_gmt":"2026-02-14T08:54:20","slug":"hotel-recycling-bin-with-bottle-paper-slots","status":"publish","type":"product","link":"https:\/\/facilityprojectsolutions.com\/fr\/hotel-recycling-bin-with-bottle-paper-slots\/","title":{"rendered":"Corbeille de recyclage pour h\u00f4tels avec fentes pour bouteilles et papier"},"content":{"rendered":"<p data-start=\"0\" data-end=\"567\">Con\u00e7ue pour les halls d'entr\u00e9e des h\u00f4tels, les salles \u00e0 manger et les bureaux internes, cette poubelle de recyclage avec fentes pour bouteilles et papier permet de d\u00e9tourner les d\u00e9chets sans effort au point de mise au rebut. Une ouverture ronde pour les bouteilles et une fente pour le papier agissent comme des guides \u00e0 \u201centr\u00e9e limit\u00e9e\u201d, aidant \u00e0 r\u00e9duire la contamination en poussant chaque article vers le bon flux. Des \u00e9tiquettes claires et conviviales, ainsi qu'un panneau d'en-t\u00eate optionnel, permettent de voir les instructions de loin, ce qui am\u00e9liore la participation sans n\u00e9cessiter l'intervention d'un personnel suppl\u00e9mentaire.<\/p>\n<p data-start=\"569\" data-end=\"850\">L'entretien est con\u00e7u pour \u00eatre rapide et propre. Une option de bac int\u00e9rieur\/r\u00e9cipient coulissant permet de changer rapidement les sacs, tandis qu'une porte d'acc\u00e8s frontale permet de dissimuler le contenu pour un aspect ordonn\u00e9 et de qualit\u00e9. Les surfaces lisses s'essuient facilement apr\u00e8s les p\u00e9riodes de repas.<\/p>\n<p data-start=\"852\" data-end=\"1314\">Au fur et \u00e0 mesure que votre programme se d\u00e9veloppe, agrandissez la station en pla\u00e7ant des modules compatibles c\u00f4te \u00e0 c\u00f4te pour cr\u00e9er une disposition \u00e0 2 ou 3 flux. Remplacez les inserts modulaires pour reconfigurer les ouvertures en fonction des diff\u00e9rentes collectes (par exemple, bouteilles\/canettes contre papier), de sorte que votre installation reste align\u00e9e sur les profils de d\u00e9chets changeants et les besoins de la propri\u00e9t\u00e9. R\u00e9sultat : des espaces communs plus propres, un tri plus coh\u00e9rent et une meilleure exp\u00e9rience du d\u00e9veloppement durable pour les clients.<\/p>","protected":false},"excerpt":{"rendered":"<p>Station de recyclage en fa\u00e7ade pour les h\u00f4tels, avec d\u00e9p\u00f4t de bouteilles et fente pour le papier. Des inserts modulaires et des \u00e9tiquettes claires am\u00e9liorent la pr\u00e9cision du tri, tandis qu'une porte de service et un rev\u00eatement amovible acc\u00e9l\u00e8rent le changement des sacs.<\/p>","protected":false},"featured_media":476,"template":"","meta":{"_gspb_post_css":""},"product_brand":[],"product_cat":[33,32],"product_tag":[],"class_list":{"0":"post-473","1":"product","2":"type-product","3":"status-publish","4":"has-post-thumbnail","6":"product_cat-recycling-bins","7":"product_cat-recycling-sorting-systems","9":"first","10":"instock","11":"shipping-taxable","12":"purchasable","13":"product-type-simple"},"_links":{"self":[{"href":"https:\/\/facilityprojectsolutions.com\/fr\/wp-json\/wp\/v2\/product\/473","targetHints":{"allow":["GET"]}}],"collection":[{"href":"https:\/\/facilityprojectsolutions.com\/fr\/wp-json\/wp\/v2\/product"}],"about":[{"href":"https:\/\/facilityprojectsolutions.com\/fr\/wp-json\/wp\/v2\/types\/product"}],"wp:featuredmedia":[{"embeddable":true,"href":"https:\/\/facilityprojectsolutions.com\/fr\/wp-json\/wp\/v2\/media\/476"}],"wp:attachment":[{"href":"https:\/\/facilityprojectsolutions.com\/fr\/wp-json\/wp\/v2\/media?parent=473"}],"wp:term":[{"taxonomy":"product_brand","embeddable":true,"href":"https:\/\/facilityprojectsolutions.com\/fr\/wp-json\/wp\/v2\/product_brand?post=473"},{"taxonomy":"product_cat","embeddable":true,"href":"https:\/\/facilityprojectsolutions.com\/fr\/wp-json\/wp\/v2\/product_cat?post=473"},{"taxonomy":"product_tag","embeddable":true,"href":"https:\/\/facilityprojectsolutions.com\/fr\/wp-json\/wp\/v2\/product_tag?post=473"}],"curies":[{"name":"wp","href":"https:\/\/api.w.org\/{rel}","templated":true}]}}